{"id":916,"date":"2021-11-19T15:27:41","date_gmt":"2021-11-19T12:27:41","guid":{"rendered":"http:\/\/185.42.175.5\/~mertkomak\/?page_id=916"},"modified":"2021-11-19T15:45:36","modified_gmt":"2021-11-19T12:45:36","slug":"sokum-yukleme-nakliye","status":"publish","type":"page","link":"https:\/\/www.mertkomak.com\/en\/sokum-yukleme-nakliye\/","title":{"rendered":"Dismantling Loading Shipping"},"content":{"rendered":"<div class=\"wpb-content-wrapper\"><div id=\"row-hizmet\" class=\"vc_row wpb_row vc_row-fluid\"><div class=\"wpb_column vc_column_container vc_col-sm-12\"><div class=\"vc_column-inner\"><div class=\"wpb_wrapper\">\n\t<div class=\"wpb_text_column wpb_content_element\" >\n\t\t<div class=\"wpb_wrapper\">\n\t\t\t<p><span class=\"kalin-kelime\">Dismantling Loading Shipping:<\/span><\/p>\n<p>Our company provides dismantling, loading and transportation services in Turkey and all over the world with our experienced technical team of 25 people.<\/p>\n\n\t\t<\/div>\n\t<\/div>\n<\/div><\/div><\/div><\/div>\n<\/div>","protected":false},"excerpt":{"rendered":"S\u00f6k\u00fcm Y\u00fckleme Nakliye: Firmam\u0131z, 25 ki\u015filik deneyimli teknik ekibimizle T\u00fcrkiye ve d\u00fcnyan\u0131n her yerinde s\u00f6k\u00fcm, y\u00fckleme ve nakliye hizmetlerini ger\u00e7ekle\u015ftirmektedir.","protected":false},"author":1,"featured_media":0,"parent":0,"menu_order":0,"comment_status":"closed","ping_status":"closed","template":"","meta":{"googlesitekit_rrm_CAown9nKDA:productID":"","_joinchat":[],"footnotes":""},"class_list":["post-916","page","type-page","status-publish","hentry"],"_links":{"self":[{"href":"https:\/\/www.mertkomak.com\/en\/wp-json\/wp\/v2\/pages\/916","targetHints":{"allow":["GET"]}}],"collection":[{"href":"https:\/\/www.mertkomak.com\/en\/wp-json\/wp\/v2\/pages"}],"about":[{"href":"https:\/\/www.mertkomak.com\/en\/wp-json\/wp\/v2\/types\/page"}],"author":[{"embeddable":true,"href":"https:\/\/www.mertkomak.com\/en\/wp-json\/wp\/v2\/users\/1"}],"replies":[{"embeddable":true,"href":"https:\/\/www.mertkomak.com\/en\/wp-json\/wp\/v2\/comments?post=916"}],"version-history":[{"count":0,"href":"https:\/\/www.mertkomak.com\/en\/wp-json\/wp\/v2\/pages\/916\/revisions"}],"wp:attachment":[{"href":"https:\/\/www.mertkomak.com\/en\/wp-json\/wp\/v2\/media?parent=916"}],"curies":[{"name":"wp","href":"https:\/\/api.w.org\/{rel}","templated":true}]}}