{"id":919,"date":"2021-11-19T15:29:29","date_gmt":"2021-11-19T12:29:29","guid":{"rendered":"http:\/\/185.42.175.5\/~mertkomak\/?page_id=919"},"modified":"2021-11-19T15:45:44","modified_gmt":"2021-11-19T12:45:44","slug":"montaj-ve-revizyon","status":"publish","type":"page","link":"https:\/\/www.mertkomak.com\/en\/montaj-ve-revizyon\/","title":{"rendered":"Assembly and Revision"},"content":{"rendered":"<div class=\"wpb-content-wrapper\"><div id=\"row-hizmet\" class=\"vc_row wpb_row vc_row-fluid\"><div class=\"wpb_column vc_column_container vc_col-sm-12\"><div class=\"vc_column-inner\"><div class=\"wpb_wrapper\">\n\t<div class=\"wpb_text_column wpb_content_element\" >\n\t\t<div class=\"wpb_wrapper\">\n\t\t\t<p><span class=\"kalin-kelime\">Assembly and Revision:<\/span><\/p>\n<p>Our company also provides installation and electronic-mechanical revision services of textile machinery in Turkey and all over the world with our experienced technical team of 25 people.<\/p>\n\n\t\t<\/div>\n\t<\/div>\n<\/div><\/div><\/div><\/div>\n<\/div>","protected":false},"excerpt":{"rendered":"Montaj ve Revizyon: Firmam\u0131z, 25 ki\u015filik deneyimli teknik ekibimizle T\u00fcrkiye ve d\u00fcnyan\u0131n her yerinde tekstil makinalar\u0131n\u0131n kurulum ve elektronik-mekanik revizyon","protected":false},"author":1,"featured_media":0,"parent":0,"menu_order":0,"comment_status":"closed","ping_status":"closed","template":"","meta":{"googlesitekit_rrm_CAown9nKDA:productID":"","_joinchat":[],"footnotes":""},"class_list":["post-919","page","type-page","status-publish","hentry"],"_links":{"self":[{"href":"https:\/\/www.mertkomak.com\/en\/wp-json\/wp\/v2\/pages\/919","targetHints":{"allow":["GET"]}}],"collection":[{"href":"https:\/\/www.mertkomak.com\/en\/wp-json\/wp\/v2\/pages"}],"about":[{"href":"https:\/\/www.mertkomak.com\/en\/wp-json\/wp\/v2\/types\/page"}],"author":[{"embeddable":true,"href":"https:\/\/www.mertkomak.com\/en\/wp-json\/wp\/v2\/users\/1"}],"replies":[{"embeddable":true,"href":"https:\/\/www.mertkomak.com\/en\/wp-json\/wp\/v2\/comments?post=919"}],"version-history":[{"count":0,"href":"https:\/\/www.mertkomak.com\/en\/wp-json\/wp\/v2\/pages\/919\/revisions"}],"wp:attachment":[{"href":"https:\/\/www.mertkomak.com\/en\/wp-json\/wp\/v2\/media?parent=919"}],"curies":[{"name":"wp","href":"https:\/\/api.w.org\/{rel}","templated":true}]}}