{"id":923,"date":"2021-11-19T15:31:40","date_gmt":"2021-11-19T12:31:40","guid":{"rendered":"http:\/\/185.42.175.5\/~mertkomak\/?page_id=923"},"modified":"2021-11-19T15:45:49","modified_gmt":"2021-11-19T12:45:49","slug":"yeni-tesis-kurulumu-icin-proje-danismanligi","status":"publish","type":"page","link":"https:\/\/www.mertkomak.com\/en\/yeni-tesis-kurulumu-icin-proje-danismanligi\/","title":{"rendered":"Project Consultancy for New Facility Establishment"},"content":{"rendered":"<div class=\"wpb-content-wrapper\"><div id=\"row-hizmet\" class=\"vc_row wpb_row vc_row-fluid\"><div class=\"wpb_column vc_column_container vc_col-sm-12\"><div class=\"vc_column-inner\"><div class=\"wpb_wrapper\">\n\t<div class=\"wpb_text_column wpb_content_element\" >\n\t\t<div class=\"wpb_wrapper\">\n\t\t\t<p><span class=\"kalin-kelime\">Project Consultancy for New Facility Establishment:<\/span><\/p>\n<p>In line with the demands and capacities of our customers who will establish new facilities, our company provides project consultancy services with its leading consultant staff in order to create the most suitable, efficient, price \/ performance parity machine park for their needs.<\/p>\n\n\t\t<\/div>\n\t<\/div>\n<\/div><\/div><\/div><\/div>\n<\/div>","protected":false},"excerpt":{"rendered":"Yeni Tesis Kurulumu \u0130\u00e7in Proje Dan\u0131\u015fmanl\u0131\u011f\u0131: Firmam\u0131z, yeni tesis kuracak m\u00fc\u015fterilerimizin talep ve kapasiteleri do\u011frultusunda, ihtiya\u00e7lar\u0131na en uygun, verimli, fiyat\/performans","protected":false},"author":1,"featured_media":0,"parent":0,"menu_order":0,"comment_status":"closed","ping_status":"closed","template":"","meta":{"googlesitekit_rrm_CAown9nKDA:productID":"","_joinchat":[],"footnotes":""},"class_list":["post-923","page","type-page","status-publish","hentry"],"_links":{"self":[{"href":"https:\/\/www.mertkomak.com\/en\/wp-json\/wp\/v2\/pages\/923","targetHints":{"allow":["GET"]}}],"collection":[{"href":"https:\/\/www.mertkomak.com\/en\/wp-json\/wp\/v2\/pages"}],"about":[{"href":"https:\/\/www.mertkomak.com\/en\/wp-json\/wp\/v2\/types\/page"}],"author":[{"embeddable":true,"href":"https:\/\/www.mertkomak.com\/en\/wp-json\/wp\/v2\/users\/1"}],"replies":[{"embeddable":true,"href":"https:\/\/www.mertkomak.com\/en\/wp-json\/wp\/v2\/comments?post=923"}],"version-history":[{"count":0,"href":"https:\/\/www.mertkomak.com\/en\/wp-json\/wp\/v2\/pages\/923\/revisions"}],"wp:attachment":[{"href":"https:\/\/www.mertkomak.com\/en\/wp-json\/wp\/v2\/media?parent=923"}],"curies":[{"name":"wp","href":"https:\/\/api.w.org\/{rel}","templated":true}]}}