{"id":926,"date":"2021-11-19T15:33:04","date_gmt":"2021-11-19T12:33:04","guid":{"rendered":"http:\/\/185.42.175.5\/~mertkomak\/?page_id=926"},"modified":"2021-11-19T15:45:55","modified_gmt":"2021-11-19T12:45:55","slug":"ham-madde-kumas-satisi","status":"publish","type":"page","link":"https:\/\/www.mertkomak.com\/en\/ham-madde-kumas-satisi\/","title":{"rendered":"Ham Madde- Kuma\u015f Sat\u0131\u015f\u0131"},"content":{"rendered":"<div class=\"wpb-content-wrapper\"><div id=\"row-hizmet\" class=\"vc_row wpb_row vc_row-fluid\"><div class=\"wpb_column vc_column_container vc_col-sm-12\"><div class=\"vc_column-inner\"><div class=\"wpb_wrapper\">\n\t<div class=\"wpb_text_column wpb_content_element\" >\n\t\t<div class=\"wpb_wrapper\">\n\t\t\t<p><span class=\"kalin-kelime\">Raw Material-Fabric Sales:<\/span><\/p>\n<p>Fiber, other raw materials and fabric are sold.<\/p>\n\n\t\t<\/div>\n\t<\/div>\n<\/div><\/div><\/div><\/div>\n<\/div>","protected":false},"excerpt":{"rendered":"Ham Madde- Kuma\u015f Sat\u0131\u015f\u0131: Elyaf, di\u011fer hammaddeler ve kuma\u015f sat\u0131\u015f\u0131 yap\u0131lmaktad\u0131r.","protected":false},"author":1,"featured_media":0,"parent":0,"menu_order":0,"comment_status":"closed","ping_status":"closed","template":"","meta":{"googlesitekit_rrm_CAown9nKDA:productID":"","_joinchat":[],"footnotes":""},"class_list":["post-926","page","type-page","status-publish","hentry"],"_links":{"self":[{"href":"https:\/\/www.mertkomak.com\/en\/wp-json\/wp\/v2\/pages\/926","targetHints":{"allow":["GET"]}}],"collection":[{"href":"https:\/\/www.mertkomak.com\/en\/wp-json\/wp\/v2\/pages"}],"about":[{"href":"https:\/\/www.mertkomak.com\/en\/wp-json\/wp\/v2\/types\/page"}],"author":[{"embeddable":true,"href":"https:\/\/www.mertkomak.com\/en\/wp-json\/wp\/v2\/users\/1"}],"replies":[{"embeddable":true,"href":"https:\/\/www.mertkomak.com\/en\/wp-json\/wp\/v2\/comments?post=926"}],"version-history":[{"count":0,"href":"https:\/\/www.mertkomak.com\/en\/wp-json\/wp\/v2\/pages\/926\/revisions"}],"wp:attachment":[{"href":"https:\/\/www.mertkomak.com\/en\/wp-json\/wp\/v2\/media?parent=926"}],"curies":[{"name":"wp","href":"https:\/\/api.w.org\/{rel}","templated":true}]}}