{"id":928,"date":"2021-11-19T15:34:27","date_gmt":"2021-11-19T12:34:27","guid":{"rendered":"http:\/\/185.42.175.5\/~mertkomak\/?page_id=928"},"modified":"2021-11-19T15:46:00","modified_gmt":"2021-11-19T12:46:00","slug":"yedek-parca-satisi","status":"publish","type":"page","link":"https:\/\/www.mertkomak.com\/en\/yedek-parca-satisi\/","title":{"rendered":"Spare Parts Sales"},"content":{"rendered":"<div class=\"wpb-content-wrapper\"><div id=\"row-hizmet\" class=\"vc_row wpb_row vc_row-fluid\"><div class=\"wpb_column vc_column_container vc_col-sm-12\"><div class=\"vc_column-inner\"><div class=\"wpb_wrapper\">\n\t<div class=\"wpb_text_column wpb_content_element\" >\n\t\t<div class=\"wpb_wrapper\">\n\t\t\t<p><span class=\"kalin-kelime\">Spare Parts Sales<\/span><\/p>\n<p>All kinds of spare parts of textile machines are supplied from Turkey and abroad.<\/p>\n\n\t\t<\/div>\n\t<\/div>\n<\/div><\/div><\/div><\/div>\n<\/div>","protected":false},"excerpt":{"rendered":"Yedek Par\u00e7a Sat\u0131\u015f\u0131: Tekstil makinalar\u0131n her t\u00fcrl\u00fc yedek par\u00e7alar\u0131 yurt i\u00e7i ve yurt d\u0131\u015f\u0131ndan tedarik edilmektedir.","protected":false},"author":1,"featured_media":0,"parent":0,"menu_order":0,"comment_status":"closed","ping_status":"closed","template":"","meta":{"googlesitekit_rrm_CAown9nKDA:productID":"","_joinchat":[],"footnotes":""},"class_list":["post-928","page","type-page","status-publish","hentry"],"_links":{"self":[{"href":"https:\/\/www.mertkomak.com\/en\/wp-json\/wp\/v2\/pages\/928","targetHints":{"allow":["GET"]}}],"collection":[{"href":"https:\/\/www.mertkomak.com\/en\/wp-json\/wp\/v2\/pages"}],"about":[{"href":"https:\/\/www.mertkomak.com\/en\/wp-json\/wp\/v2\/types\/page"}],"author":[{"embeddable":true,"href":"https:\/\/www.mertkomak.com\/en\/wp-json\/wp\/v2\/users\/1"}],"replies":[{"embeddable":true,"href":"https:\/\/www.mertkomak.com\/en\/wp-json\/wp\/v2\/comments?post=928"}],"version-history":[{"count":0,"href":"https:\/\/www.mertkomak.com\/en\/wp-json\/wp\/v2\/pages\/928\/revisions"}],"wp:attachment":[{"href":"https:\/\/www.mertkomak.com\/en\/wp-json\/wp\/v2\/media?parent=928"}],"curies":[{"name":"wp","href":"https:\/\/api.w.org\/{rel}","templated":true}]}}