{"id":930,"date":"2021-11-19T15:35:49","date_gmt":"2021-11-19T12:35:49","guid":{"rendered":"http:\/\/185.42.175.5\/~mertkomak\/?page_id=930"},"modified":"2021-11-19T15:46:11","modified_gmt":"2021-11-19T12:46:11","slug":"elektronik-kart-tamiri","status":"publish","type":"page","link":"https:\/\/www.mertkomak.com\/en\/elektronik-kart-tamiri\/","title":{"rendered":"Electronic Card Repair"},"content":{"rendered":"<div class=\"wpb-content-wrapper\"><div id=\"row-hizmet\" class=\"vc_row wpb_row vc_row-fluid\"><div class=\"wpb_column vc_column_container vc_col-sm-12\"><div class=\"vc_column-inner\"><div class=\"wpb_wrapper\">\n\t<div class=\"wpb_text_column wpb_content_element\" >\n\t\t<div class=\"wpb_wrapper\">\n\t\t\t<p><span class=\"kalin-kelime\">Electronic Card Repair:<\/span><\/p>\n<p>Repair and maintenance services of Electronic cards of Textile Machinery are provided.<\/p>\n\n\t\t<\/div>\n\t<\/div>\n<\/div><\/div><\/div><\/div>\n<\/div>","protected":false},"excerpt":{"rendered":"Elektronik Kart Tamiri: Tekstil Makinalar\u0131n\u0131n Elektronik kartlar\u0131n\u0131n tamir ve bak\u0131m hizmetleri verilmektedir.","protected":false},"author":1,"featured_media":0,"parent":0,"menu_order":0,"comment_status":"closed","ping_status":"closed","template":"","meta":{"googlesitekit_rrm_CAown9nKDA:productID":"","_joinchat":[],"footnotes":""},"class_list":["post-930","page","type-page","status-publish","hentry"],"_links":{"self":[{"href":"https:\/\/www.mertkomak.com\/en\/wp-json\/wp\/v2\/pages\/930","targetHints":{"allow":["GET"]}}],"collection":[{"href":"https:\/\/www.mertkomak.com\/en\/wp-json\/wp\/v2\/pages"}],"about":[{"href":"https:\/\/www.mertkomak.com\/en\/wp-json\/wp\/v2\/types\/page"}],"author":[{"embeddable":true,"href":"https:\/\/www.mertkomak.com\/en\/wp-json\/wp\/v2\/users\/1"}],"replies":[{"embeddable":true,"href":"https:\/\/www.mertkomak.com\/en\/wp-json\/wp\/v2\/comments?post=930"}],"version-history":[{"count":0,"href":"https:\/\/www.mertkomak.com\/en\/wp-json\/wp\/v2\/pages\/930\/revisions"}],"wp:attachment":[{"href":"https:\/\/www.mertkomak.com\/en\/wp-json\/wp\/v2\/media?parent=930"}],"curies":[{"name":"wp","href":"https:\/\/api.w.org\/{rel}","templated":true}]}}