{"id":933,"date":"2021-11-19T15:37:51","date_gmt":"2021-11-19T12:37:51","guid":{"rendered":"http:\/\/185.42.175.5\/~mertkomak\/?page_id=933"},"modified":"2021-11-19T15:46:15","modified_gmt":"2021-11-19T12:46:15","slug":"bayisi-oldugumuz-markalar","status":"publish","type":"page","link":"https:\/\/www.mertkomak.com\/en\/bayisi-oldugumuz-markalar\/","title":{"rendered":"Brands We Deal"},"content":{"rendered":"<div class=\"wpb-content-wrapper\"><div id=\"row-hizmet\" class=\"vc_row wpb_row vc_row-fluid\"><div class=\"wpb_column vc_column_container vc_col-sm-12\"><div class=\"vc_column-inner\"><div class=\"wpb_wrapper\">\n\t<div class=\"wpb_text_column wpb_content_element\" >\n\t\t<div class=\"wpb_wrapper\">\n\t\t\t<p><span class=\"kalin-kelime\">Brands We Deal:<\/span><\/p>\n<p>Our Company;<br \/>\n\u2022 Domestic and international of Prowhite Textile Laboratory Devices,<br \/>\n\u2022 It is the overseas Authorized Sales Dealer of the spare parts of the Dyehouse-Printing-Spinning Machine manufactured by Par Makina.<\/p>\n\n\t\t<\/div>\n\t<\/div>\n<\/div><\/div><\/div><\/div>\n<\/div>","protected":false},"excerpt":{"rendered":"Bayisi Oldu\u011fumuz Markalar: Firmam\u0131z; \u2022 Prowhite Tekstil Laboratuvar Cihazlar\u0131n\u0131n yurt i\u00e7i-yurt d\u0131\u015f\u0131, \u2022 Par Makina taraf\u0131ndan \u00fcretilen Boyahane- Bask\u0131-\u0130plik Makinas\u0131","protected":false},"author":1,"featured_media":0,"parent":0,"menu_order":0,"comment_status":"closed","ping_status":"closed","template":"","meta":{"googlesitekit_rrm_CAown9nKDA:productID":"","_joinchat":[],"footnotes":""},"class_list":["post-933","page","type-page","status-publish","hentry"],"_links":{"self":[{"href":"https:\/\/www.mertkomak.com\/en\/wp-json\/wp\/v2\/pages\/933","targetHints":{"allow":["GET"]}}],"collection":[{"href":"https:\/\/www.mertkomak.com\/en\/wp-json\/wp\/v2\/pages"}],"about":[{"href":"https:\/\/www.mertkomak.com\/en\/wp-json\/wp\/v2\/types\/page"}],"author":[{"embeddable":true,"href":"https:\/\/www.mertkomak.com\/en\/wp-json\/wp\/v2\/users\/1"}],"replies":[{"embeddable":true,"href":"https:\/\/www.mertkomak.com\/en\/wp-json\/wp\/v2\/comments?post=933"}],"version-history":[{"count":0,"href":"https:\/\/www.mertkomak.com\/en\/wp-json\/wp\/v2\/pages\/933\/revisions"}],"wp:attachment":[{"href":"https:\/\/www.mertkomak.com\/en\/wp-json\/wp\/v2\/media?parent=933"}],"curies":[{"name":"wp","href":"https:\/\/api.w.org\/{rel}","templated":true}]}}