{"id":11119,"date":"2022-04-19T10:42:01","date_gmt":"2022-04-19T07:42:01","guid":{"rendered":"https:\/\/www.mertkomak.com\/?post_type=product&#038;p=11119"},"modified":"2025-12-06T09:33:27","modified_gmt":"2025-12-06T06:33:27","slug":"03970","status":"publish","type":"product","link":"https:\/\/www.mertkomak.com\/en\/magaza\/03970\/","title":{"rendered":"Zancaner Marka Bobin Paketleme (Shrink) Makinas\u0131"},"content":{"rendered":"<p><strong>Zancaner Marka Bobin Paketleme (Shrink) Makinas\u0131, 1997 model, 4-20 konik bobinlere naylon po\u015fetleme yapabilir, kurulu ve \u00e7al\u0131\u015f\u0131r durumda<\/strong><\/p>","protected":false},"excerpt":{"rendered":"<p>Zancaner Marka Bobin Paketleme (Shrink) Makinas\u0131, 1997 model, 4-20 konik bobinlere naylon po\u015fetleme yapabilir, kurulu ve \u00e7al\u0131\u015f\u0131r durumda<\/p>","protected":false},"featured_media":11120,"template":"","meta":{"googlesitekit_rrm_CAown9nKDA:productID":"","_joinchat":[],"jetpack_publicize_message":"","jetpack_publicize_feature_enabled":true,"jetpack_social_post_already_shared":false,"jetpack_social_options":{"image_generator_settings":{"template":"highway","default_image_id":0,"font":"","enabled":false},"version":2}},"pwb-brand":[802],"product_brand":[],"product_cat":[752],"product_tag":[],"class_list":{"0":"post-11119","1":"product","2":"type-product","3":"status-publish","4":"has-post-thumbnail","6":"pwb-brand-zancaner","7":"pwb-model-125","8":"product_cat-iplik-bobin-paketleme-shrink-makinalari","10":"first","11":"instock","12":"shipping-taxable","13":"product-type-simple"},"models":[{"id":125,"name":"1997","slug":"1997"}],"proviences":[],"jetpack_publicize_connections":[],"brands":[{"id":802,"name":"Zancaner","slug":"zancaner"}],"_links":{"self":[{"href":"https:\/\/www.mertkomak.com\/en\/wp-json\/wp\/v2\/product\/11119","targetHints":{"allow":["GET"]}}],"collection":[{"href":"https:\/\/www.mertkomak.com\/en\/wp-json\/wp\/v2\/product"}],"about":[{"href":"https:\/\/www.mertkomak.com\/en\/wp-json\/wp\/v2\/types\/product"}],"wp:featuredmedia":[{"embeddable":true,"href":"https:\/\/www.mertkomak.com\/en\/wp-json\/wp\/v2\/media\/11120"}],"wp:attachment":[{"href":"https:\/\/www.mertkomak.com\/en\/wp-json\/wp\/v2\/media?parent=11119"}],"wp:term":[{"taxonomy":"pwb-brand","embeddable":true,"href":"https:\/\/www.mertkomak.com\/en\/wp-json\/wp\/v2\/pwb-brand?post=11119"},{"taxonomy":"product_brand","embeddable":true,"href":"https:\/\/www.mertkomak.com\/en\/wp-json\/wp\/v2\/product_brand?post=11119"},{"taxonomy":"product_cat","embeddable":true,"href":"https:\/\/www.mertkomak.com\/en\/wp-json\/wp\/v2\/product_cat?post=11119"},{"taxonomy":"product_tag","embeddable":true,"href":"https:\/\/www.mertkomak.com\/en\/wp-json\/wp\/v2\/product_tag?post=11119"}],"curies":[{"name":"wp","href":"https:\/\/api.w.org\/{rel}","templated":true}]}}