{"id":11968,"date":"2022-06-02T14:42:42","date_gmt":"2022-06-02T11:42:42","guid":{"rendered":"https:\/\/www.mertkomak.com\/?post_type=product&#038;p=11968"},"modified":"2025-01-17T09:09:38","modified_gmt":"2025-01-17T06:09:38","slug":"04009","status":"publish","type":"product","link":"https:\/\/www.mertkomak.com\/en\/magaza\/04009\/","title":{"rendered":"Complete Brode Yarn Transfer Facility for Sale"},"content":{"rendered":"<p>BOOT (BRODE) YARN TRANSFER PLANT FOR SALE COMPLETE<\/p>\n<p>&#8212; 148 adet Casati Carlo marka Mekik Sar\u0131m Makinas\u0131, 2013-14-16-17 model, elektronik metraj ayarl\u0131, \u00e7ift mekik sar\u0131m, yan\u0131nda tezgahlar\u0131 ve mekik kovalar\u0131 verilecek.<\/p>\n<p>&#8212; 4 adet Mekik Kurutma F\u0131r\u0131n\u0131, 2013 model, yerli \u00fcretim, do\u011falgazl\u0131, 24 tava kapasiteli,<\/p>\n<p>&#8212; 1 adet Mekik Fikse Kazan\u0131, yerli \u00fcretim, 350kg (32 tava) kapasiteli,<\/p>\n<p>&#8212; 2 adet Mekik \u0130la\u00e7lama Tank\u0131, 8 tava kapasiteli,<\/p>\n<p>\u2014 1 Pan Washing Cabinet,<\/p>\n<p>&#8212; 60 adet Ta\u015f\u0131ma Arabas\u0131 (tavalar\u0131 fikseye ta\u015f\u0131mak i\u00e7in)<\/p>\n<p>&#8212; 2 adet Bobin Kesme Makinas\u0131, yerli \u00fcretim.<\/p>\n<p>&#8212; 240 adet Mekik Tavas\u0131 (Mekikleri ila\u00e7lama ve fikse yaparken kullan\u0131yor)<\/p>\n<p>&#8212; 2 adet Ratti Marka B\u00fck\u00fcm Makinas\u0131, 336 g\u00f6z\/makina, 2001 model, \u00e7ift katl\u0131, her katta 168 g\u00f6z, koval\u0131, yan\u0131nda kopslar ve kops arabas\u0131 verilecek.<\/p>\n<p>&#8212; 1 adet G\u0131c\u0131r marka Tavel \u0130plik Aktarma Makinas\u0131, 118 g\u00f6zl\u00fc, 2013 model.<\/p>\n<p>The machines are installed and running.<\/p>","protected":false},"excerpt":{"rendered":"<p>KOMPLE SATILIK KOZA (BRODE) \u0130PL\u0130\u011e\u0130 AKTARMA TES\u0130S\u0130 (Daha fazla bilgi i\u00e7in Makina Detaylar\u0131n\u0131 bak\u0131n\u0131z).<\/p>\n<p>&nbsp;<\/p>","protected":false},"featured_media":11992,"template":"","meta":{"googlesitekit_rrm_CAown9nKDA:productID":"","_joinchat":[],"jetpack_publicize_message":"","jetpack_publicize_feature_enabled":true,"jetpack_social_post_already_shared":false,"jetpack_social_options":{"image_generator_settings":{"template":"highway","default_image_id":0,"font":"","enabled":false},"version":2}},"pwb-brand":[518],"product_brand":[],"product_cat":[822],"product_tag":[],"class_list":{"0":"post-11968","1":"product","2":"type-product","3":"status-publish","4":"has-post-thumbnail","6":"pwb-brand-ratti","7":"pwb-model-124","8":"product_cat-komple-tesis-iplik","10":"first","11":"instock","12":"shipping-taxable","13":"product-type-external"},"models":[{"id":124,"name":"2001","slug":"2001"}],"proviences":[],"jetpack_publicize_connections":[],"brands":[{"id":518,"name":"Ratti","slug":"ratti"}],"_links":{"self":[{"href":"https:\/\/www.mertkomak.com\/en\/wp-json\/wp\/v2\/product\/11968","targetHints":{"allow":["GET"]}}],"collection":[{"href":"https:\/\/www.mertkomak.com\/en\/wp-json\/wp\/v2\/product"}],"about":[{"href":"https:\/\/www.mertkomak.com\/en\/wp-json\/wp\/v2\/types\/product"}],"wp:featuredmedia":[{"embeddable":true,"href":"https:\/\/www.mertkomak.com\/en\/wp-json\/wp\/v2\/media\/11992"}],"wp:attachment":[{"href":"https:\/\/www.mertkomak.com\/en\/wp-json\/wp\/v2\/media?parent=11968"}],"wp:term":[{"taxonomy":"pwb-brand","embeddable":true,"href":"https:\/\/www.mertkomak.com\/en\/wp-json\/wp\/v2\/pwb-brand?post=11968"},{"taxonomy":"product_brand","embeddable":true,"href":"https:\/\/www.mertkomak.com\/en\/wp-json\/wp\/v2\/product_brand?post=11968"},{"taxonomy":"product_cat","embeddable":true,"href":"https:\/\/www.mertkomak.com\/en\/wp-json\/wp\/v2\/product_cat?post=11968"},{"taxonomy":"product_tag","embeddable":true,"href":"https:\/\/www.mertkomak.com\/en\/wp-json\/wp\/v2\/product_tag?post=11968"}],"curies":[{"name":"wp","href":"https:\/\/api.w.org\/{rel}","templated":true}]}}