{"id":12416,"date":"2022-06-14T10:35:59","date_gmt":"2022-06-14T07:35:59","guid":{"rendered":"https:\/\/www.mertkomak.com\/?post_type=product&#038;p=12416"},"modified":"2025-02-23T11:53:56","modified_gmt":"2025-02-23T08:53:56","slug":"04031","status":"publish","type":"product","link":"https:\/\/www.mertkomak.com\/en\/magaza\/04031\/","title":{"rendered":"DLG WINDER Marka \u0130plik B\u00fck\u00fcm Makinas\u0131"},"content":{"rendered":"<p>4 adet DLG WINDER Marka \u0130plik B\u00fck\u00fcm Makinas\u0131, 1996 model, 184 g\u00f6zl\u00fc, two for one \u00e7ift katl\u0131, kurulu ve \u00e7al\u0131\u015f\u0131r durumda<\/p>\n<p>&nbsp;<\/p>","protected":false},"excerpt":{"rendered":"<p>4 adet DLG WINDER Marka \u0130plik B\u00fck\u00fcm Makinas\u0131, 1996 model, 184 g\u00f6zl\u00fc, two for one \u00e7ift katl\u0131, kurulu ve \u00e7al\u0131\u015f\u0131r durumda<\/p>\n<p>&nbsp;<\/p>","protected":false},"featured_media":12418,"template":"","meta":{"googlesitekit_rrm_CAown9nKDA:productID":"","_joinchat":[],"jetpack_publicize_message":"","jetpack_publicize_feature_enabled":true,"jetpack_social_post_already_shared":false,"jetpack_social_options":{"image_generator_settings":{"template":"highway","default_image_id":0,"font":"","enabled":false},"version":2}},"pwb-brand":[990],"product_brand":[],"product_cat":[512],"product_tag":[],"class_list":{"0":"post-12416","1":"product","2":"type-product","3":"status-publish","4":"has-post-thumbnail","6":"pwb-brand-dlg-winder","7":"pwb-model-92","8":"product_cat-iplik-bukum-makinalari","10":"first","11":"instock","12":"shipping-taxable","13":"product-type-simple"},"models":[{"id":92,"name":"1996","slug":"1996"}],"proviences":[],"jetpack_publicize_connections":[],"brands":[{"id":990,"name":"DLG WINDER","slug":"dlg-winder"}],"_links":{"self":[{"href":"https:\/\/www.mertkomak.com\/en\/wp-json\/wp\/v2\/product\/12416","targetHints":{"allow":["GET"]}}],"collection":[{"href":"https:\/\/www.mertkomak.com\/en\/wp-json\/wp\/v2\/product"}],"about":[{"href":"https:\/\/www.mertkomak.com\/en\/wp-json\/wp\/v2\/types\/product"}],"wp:featuredmedia":[{"embeddable":true,"href":"https:\/\/www.mertkomak.com\/en\/wp-json\/wp\/v2\/media\/12418"}],"wp:attachment":[{"href":"https:\/\/www.mertkomak.com\/en\/wp-json\/wp\/v2\/media?parent=12416"}],"wp:term":[{"taxonomy":"pwb-brand","embeddable":true,"href":"https:\/\/www.mertkomak.com\/en\/wp-json\/wp\/v2\/pwb-brand?post=12416"},{"taxonomy":"product_brand","embeddable":true,"href":"https:\/\/www.mertkomak.com\/en\/wp-json\/wp\/v2\/product_brand?post=12416"},{"taxonomy":"product_cat","embeddable":true,"href":"https:\/\/www.mertkomak.com\/en\/wp-json\/wp\/v2\/product_cat?post=12416"},{"taxonomy":"product_tag","embeddable":true,"href":"https:\/\/www.mertkomak.com\/en\/wp-json\/wp\/v2\/product_tag?post=12416"}],"curies":[{"name":"wp","href":"https:\/\/api.w.org\/{rel}","templated":true}]}}