{"id":13218,"date":"2023-07-28T11:43:19","date_gmt":"2023-07-28T08:43:19","guid":{"rendered":"https:\/\/www.mertkomak.com\/?post_type=product&#038;p=13218"},"modified":"2025-01-17T12:43:31","modified_gmt":"2025-01-17T09:43:31","slug":"04074","status":"publish","type":"product","link":"https:\/\/www.mertkomak.com\/en\/magaza\/04074\/","title":{"rendered":"Mezzera Brand Rope Washing Machine"},"content":{"rendered":"<p>Mezzera Marka Halat Y\u0131kama Makinas\u0131, 1998 model, giri\u015fte Bianco kuma\u015f a\u00e7\u0131c\u0131, 2 kabin a\u00e7\u0131k en y\u0131kama (2mt \u00e7al\u0131\u015fma silindir eni), 14 g\u00f6z (7+7) halat y\u0131kama, Bianco dik a\u00e7ma, fular, 2020\u2019de elektronik ve mekanik olarak revizyondan ge\u00e7mi\u015f (halat y\u0131kama fular silindirleri, dik a\u00e7ma fular silindirleri yenilenmi\u015f, halat y\u0131kama i\u00e7 motorlar\u0131 revizyondan ge\u00e7mi\u015f, elektrik panosu tamamen de\u011fi\u015ftirilmi\u015f) \u00e7\u0131k\u0131\u015fta doka sarma, LS- Telemecanica invert\u00f6rl\u00fc, bask\u0131 \u00f6ncesi ve bask\u0131 sonras\u0131 y\u0131kamaya uygun, kurulu ve \u00e7al\u0131\u015f\u0131r durumda.<\/p>","protected":false},"excerpt":{"rendered":"<p>Mezzera Marka Halat Y\u0131kama Makinas\u0131, 1998 model, giri\u015fte Bianco kuma\u015f a\u00e7\u0131c\u0131, 2 kabin a\u00e7\u0131k en y\u0131kama (2mt \u00e7al\u0131\u015fma silindir eni), 14 g\u00f6z (7+7) halat y\u0131kama, Bianco dik a\u00e7ma, fular, 2020\u2019de elektronik ve mekanik olarak revizyondan ge\u00e7mi\u015f (halat y\u0131kama fular silindirleri, dik a\u00e7ma fular silindirleri yenilenmi\u015f, halat y\u0131kama i\u00e7 motorlar\u0131 revizyondan ge\u00e7mi\u015f, elektrik panosu tamamen de\u011fi\u015ftirilmi\u015f) \u00e7\u0131k\u0131\u015fta doka sarma, LS- Telemecanica invert\u00f6rl\u00fc, bask\u0131 \u00f6ncesi ve bask\u0131 sonras\u0131 y\u0131kamaya uygun, kurulu ve \u00e7al\u0131\u015f\u0131r durumda.<\/p>","protected":false},"featured_media":13224,"template":"","meta":{"googlesitekit_rrm_CAown9nKDA:productID":"","_joinchat":[],"jetpack_publicize_message":"","jetpack_publicize_feature_enabled":true,"jetpack_social_post_already_shared":false,"jetpack_social_options":{"image_generator_settings":{"template":"highway","default_image_id":0,"font":"","enabled":false},"version":2}},"pwb-brand":[771],"product_brand":[],"product_cat":[187],"product_tag":[],"class_list":{"0":"post-13218","1":"product","2":"type-product","3":"status-publish","4":"has-post-thumbnail","6":"pwb-brand-mezzera","7":"pwb-model-115","8":"product_cat-kontini-halat-yikama-makinalari","10":"first","11":"instock","12":"shipping-taxable","13":"product-type-simple"},"models":[{"id":115,"name":"1998","slug":"1998"}],"proviences":[],"jetpack_publicize_connections":[],"brands":[{"id":771,"name":"Mezzera","slug":"mezzera"}],"_links":{"self":[{"href":"https:\/\/www.mertkomak.com\/en\/wp-json\/wp\/v2\/product\/13218","targetHints":{"allow":["GET"]}}],"collection":[{"href":"https:\/\/www.mertkomak.com\/en\/wp-json\/wp\/v2\/product"}],"about":[{"href":"https:\/\/www.mertkomak.com\/en\/wp-json\/wp\/v2\/types\/product"}],"wp:featuredmedia":[{"embeddable":true,"href":"https:\/\/www.mertkomak.com\/en\/wp-json\/wp\/v2\/media\/13224"}],"wp:attachment":[{"href":"https:\/\/www.mertkomak.com\/en\/wp-json\/wp\/v2\/media?parent=13218"}],"wp:term":[{"taxonomy":"pwb-brand","embeddable":true,"href":"https:\/\/www.mertkomak.com\/en\/wp-json\/wp\/v2\/pwb-brand?post=13218"},{"taxonomy":"product_brand","embeddable":true,"href":"https:\/\/www.mertkomak.com\/en\/wp-json\/wp\/v2\/product_brand?post=13218"},{"taxonomy":"product_cat","embeddable":true,"href":"https:\/\/www.mertkomak.com\/en\/wp-json\/wp\/v2\/product_cat?post=13218"},{"taxonomy":"product_tag","embeddable":true,"href":"https:\/\/www.mertkomak.com\/en\/wp-json\/wp\/v2\/product_tag?post=13218"}],"curies":[{"name":"wp","href":"https:\/\/api.w.org\/{rel}","templated":true}]}}