{"id":1409,"date":"2021-11-25T10:19:52","date_gmt":"2021-11-25T07:19:52","guid":{"rendered":"http:\/\/185.42.175.5\/~mertkomak\/?post_type=product&#038;p=1409"},"modified":"2025-12-05T09:30:35","modified_gmt":"2025-12-05T06:30:35","slug":"03318","status":"publish","type":"product","link":"https:\/\/www.mertkomak.com\/en\/magaza\/03318\/","title":{"rendered":"Thies Brand Flat Coil Dyeing Machines"},"content":{"rendered":"<p><strong>17 adet Thies Marka Yat\u0131k Bobin Boya Makinalar\u0131, 24, 50, 100, 200, 400, 600 kg kapasiteli, 2007-2005-2003-2002 model, demonte vaziyette, depoda,<\/strong><\/p>\n<h3><\/h3>","protected":false},"excerpt":{"rendered":"<p>17 adet Thies Marka Yat\u0131k Bobin Boya Makinalar\u0131, 24, 50, 100, 200, 400, 600 kg kapasiteli, 2007-2005-2003-2002 model, demonte vaziyette, depoda, (Daha fazla bilgi i\u00e7in Makina Detaylar\u0131n\u0131 bak\u0131n\u0131z)<\/p>","protected":false},"featured_media":1410,"template":"","meta":{"googlesitekit_rrm_CAown9nKDA:productID":"","_joinchat":[],"jetpack_publicize_message":"","jetpack_publicize_feature_enabled":true,"jetpack_social_post_already_shared":false,"jetpack_social_options":{"image_generator_settings":{"template":"highway","default_image_id":0,"font":"","enabled":false},"version":2}},"pwb-brand":[137],"product_brand":[],"product_cat":[133],"product_tag":[],"class_list":{"0":"post-1409","1":"product","2":"type-product","3":"status-publish","4":"has-post-thumbnail","6":"pwb-brand-thies","7":"pwb-model-97","8":"product_cat-iplik-boya-makinalari","10":"first","11":"instock","12":"shipping-taxable","13":"product-type-simple"},"models":[{"id":97,"name":"2007","slug":"2007"}],"proviences":[],"jetpack_publicize_connections":[],"brands":[{"id":137,"name":"Thies","slug":"thies"}],"_links":{"self":[{"href":"https:\/\/www.mertkomak.com\/en\/wp-json\/wp\/v2\/product\/1409","targetHints":{"allow":["GET"]}}],"collection":[{"href":"https:\/\/www.mertkomak.com\/en\/wp-json\/wp\/v2\/product"}],"about":[{"href":"https:\/\/www.mertkomak.com\/en\/wp-json\/wp\/v2\/types\/product"}],"wp:featuredmedia":[{"embeddable":true,"href":"https:\/\/www.mertkomak.com\/en\/wp-json\/wp\/v2\/media\/1410"}],"wp:attachment":[{"href":"https:\/\/www.mertkomak.com\/en\/wp-json\/wp\/v2\/media?parent=1409"}],"wp:term":[{"taxonomy":"pwb-brand","embeddable":true,"href":"https:\/\/www.mertkomak.com\/en\/wp-json\/wp\/v2\/pwb-brand?post=1409"},{"taxonomy":"product_brand","embeddable":true,"href":"https:\/\/www.mertkomak.com\/en\/wp-json\/wp\/v2\/product_brand?post=1409"},{"taxonomy":"product_cat","embeddable":true,"href":"https:\/\/www.mertkomak.com\/en\/wp-json\/wp\/v2\/product_cat?post=1409"},{"taxonomy":"product_tag","embeddable":true,"href":"https:\/\/www.mertkomak.com\/en\/wp-json\/wp\/v2\/product_tag?post=1409"}],"curies":[{"name":"wp","href":"https:\/\/api.w.org\/{rel}","templated":true}]}}