{"id":14282,"date":"2023-07-28T15:17:34","date_gmt":"2023-07-28T12:17:34","guid":{"rendered":"https:\/\/www.mertkomak.com\/?post_type=product&#038;p=14282"},"modified":"2024-11-07T15:31:51","modified_gmt":"2024-11-07T12:31:51","slug":"04183","status":"publish","type":"product","link":"https:\/\/www.mertkomak.com\/en\/magaza\/04183\/","title":{"rendered":"SWA Single Bobbin Gradient Yarn Dyeing Machine"},"content":{"rendered":"<p>SWA Tek Bobin Degrade \u0130plik Boyama Makinas\u0131, 2003 model, STR-2003 tipi, kurulu ve \u00e7al\u0131\u015f\u0131r vaziyette.<\/p>","protected":false},"excerpt":{"rendered":"<p>SWA Single Bobbin Gradient Yarn Dyeing Machine, 2003 model, str-2003 type, installed and running condition.<\/p>","protected":false},"featured_media":14299,"template":"","meta":{"googlesitekit_rrm_CAown9nKDA:productID":"","_joinchat":[],"jetpack_publicize_message":"","jetpack_publicize_feature_enabled":true,"jetpack_social_post_already_shared":false,"jetpack_social_options":{"image_generator_settings":{"template":"highway","default_image_id":0,"font":"","enabled":false},"version":2}},"pwb-brand":[145],"product_brand":[],"product_cat":[133],"product_tag":[],"class_list":{"0":"post-14282","1":"product","2":"type-product","3":"status-publish","4":"has-post-thumbnail","6":"pwb-brand-swa","7":"pwb-model-99","8":"product_cat-iplik-boya-makinalari","10":"first","11":"instock","12":"shipping-taxable","13":"product-type-simple"},"models":[{"id":99,"name":"2003","slug":"2003"}],"proviences":[],"jetpack_publicize_connections":[],"brands":[{"id":145,"name":"SWA","slug":"swa"}],"_links":{"self":[{"href":"https:\/\/www.mertkomak.com\/en\/wp-json\/wp\/v2\/product\/14282","targetHints":{"allow":["GET"]}}],"collection":[{"href":"https:\/\/www.mertkomak.com\/en\/wp-json\/wp\/v2\/product"}],"about":[{"href":"https:\/\/www.mertkomak.com\/en\/wp-json\/wp\/v2\/types\/product"}],"wp:featuredmedia":[{"embeddable":true,"href":"https:\/\/www.mertkomak.com\/en\/wp-json\/wp\/v2\/media\/14299"}],"wp:attachment":[{"href":"https:\/\/www.mertkomak.com\/en\/wp-json\/wp\/v2\/media?parent=14282"}],"wp:term":[{"taxonomy":"pwb-brand","embeddable":true,"href":"https:\/\/www.mertkomak.com\/en\/wp-json\/wp\/v2\/pwb-brand?post=14282"},{"taxonomy":"product_brand","embeddable":true,"href":"https:\/\/www.mertkomak.com\/en\/wp-json\/wp\/v2\/product_brand?post=14282"},{"taxonomy":"product_cat","embeddable":true,"href":"https:\/\/www.mertkomak.com\/en\/wp-json\/wp\/v2\/product_cat?post=14282"},{"taxonomy":"product_tag","embeddable":true,"href":"https:\/\/www.mertkomak.com\/en\/wp-json\/wp\/v2\/product_tag?post=14282"}],"curies":[{"name":"wp","href":"https:\/\/api.w.org\/{rel}","templated":true}]}}