{"id":14665,"date":"2023-07-28T16:08:21","date_gmt":"2023-07-28T13:08:21","guid":{"rendered":"https:\/\/www.mertkomak.com\/?post_type=product&#038;p=14665"},"modified":"2023-07-31T17:04:37","modified_gmt":"2023-07-31T14:04:37","slug":"guvencelik-rdp-2005-32-marka-kumas-parti-hazirlama-makinasi","status":"publish","type":"product","link":"https:\/\/www.mertkomak.com\/en\/magaza\/guvencelik-rdp-2005-32-marka-kumas-parti-hazirlama-makinasi\/","title":{"rendered":"Guvencelik RDP-2005-32 Brand Fabric Lot Preparation Machine"},"content":{"rendered":"<p>Guvencelik RDP-2005-32 Brand Fabric Lot Preparation Machine, 2006 model, 2.10 mt working width, right and left finger fabric opener, fabric basket included, little used, installed and running situation.<\/p>","protected":false},"excerpt":{"rendered":"<p>Guvencelik RDP-2005-32 Brand Fabric Lot Preparation Machine, 2006 model, 2.10 mt working width, right and left finger fabric opener, fabric basket included, little used, installed and running situation.<\/p>","protected":false},"featured_media":14679,"template":"","meta":{"googlesitekit_rrm_CAown9nKDA:productID":"","_joinchat":[],"jetpack_publicize_message":"","jetpack_publicize_feature_enabled":true,"jetpack_social_post_already_shared":false,"jetpack_social_options":{"image_generator_settings":{"template":"highway","default_image_id":0,"font":"","enabled":false},"version":2}},"pwb-brand":[458],"product_brand":[],"product_cat":[746],"product_tag":[],"class_list":{"0":"post-14665","1":"product","2":"type-product","3":"status-publish","4":"has-post-thumbnail","6":"pwb-brand-guven-celik-guvencelik","7":"pwb-model-154","8":"pwb-provience-istanbul","9":"product_cat-kumas-acma-ham-mamul","11":"first","12":"instock","13":"shipping-taxable","14":"product-type-simple"},"models":[{"id":154,"name":"2006","slug":"2006"}],"proviences":[{"id":887,"name":"\u0130stanbul","slug":"istanbul"}],"jetpack_publicize_connections":[],"brands":[{"id":458,"name":"G\u00fcven \u00e7elik - Guvencelik","slug":"guven-celik-guvencelik"}],"_links":{"self":[{"href":"https:\/\/www.mertkomak.com\/en\/wp-json\/wp\/v2\/product\/14665","targetHints":{"allow":["GET"]}}],"collection":[{"href":"https:\/\/www.mertkomak.com\/en\/wp-json\/wp\/v2\/product"}],"about":[{"href":"https:\/\/www.mertkomak.com\/en\/wp-json\/wp\/v2\/types\/product"}],"wp:featuredmedia":[{"embeddable":true,"href":"https:\/\/www.mertkomak.com\/en\/wp-json\/wp\/v2\/media\/14679"}],"wp:attachment":[{"href":"https:\/\/www.mertkomak.com\/en\/wp-json\/wp\/v2\/media?parent=14665"}],"wp:term":[{"taxonomy":"pwb-brand","embeddable":true,"href":"https:\/\/www.mertkomak.com\/en\/wp-json\/wp\/v2\/pwb-brand?post=14665"},{"taxonomy":"product_brand","embeddable":true,"href":"https:\/\/www.mertkomak.com\/en\/wp-json\/wp\/v2\/product_brand?post=14665"},{"taxonomy":"product_cat","embeddable":true,"href":"https:\/\/www.mertkomak.com\/en\/wp-json\/wp\/v2\/product_cat?post=14665"},{"taxonomy":"product_tag","embeddable":true,"href":"https:\/\/www.mertkomak.com\/en\/wp-json\/wp\/v2\/product_tag?post=14665"}],"curies":[{"name":"wp","href":"https:\/\/api.w.org\/{rel}","templated":true}]}}