{"id":15497,"date":"2023-08-31T11:16:33","date_gmt":"2023-08-31T08:16:33","guid":{"rendered":"https:\/\/www.mertkomak.com\/?post_type=product&#038;p=15497"},"modified":"2023-09-01T11:49:34","modified_gmt":"2023-09-01T08:49:34","slug":"stp-marka-pp-polipropilen-iplik-uretim-makinasi-1997-model","status":"publish","type":"product","link":"https:\/\/www.mertkomak.com\/en\/magaza\/stp-marka-pp-polipropilen-iplik-uretim-makinasi-1997-model\/","title":{"rendered":"STP marka PP ( Polipropilen ) iplik \u00fcretim makinas\u0131"},"content":{"rendered":"<h3><strong>STP marka PP ( Polipropilen ) iplik \u00fcretim makinas\u0131, 1997 model, 6 d\u00fczeli ( 104 cm \u00e7ap ), 3+3 sa\u011f sol 2 sar\u0131c\u0131 ( winder ), ISGEV marka godetler ( 2019 model ), kurulu ve \u00e7al\u0131\u015f\u0131r durumda.<\/strong><\/h3>","protected":false},"excerpt":{"rendered":"<p>STP marka PP ( Polipropilen ) iplik \u00fcretim makinas\u0131, 1997 model, 6 d\u00fczeli ( 104 cm \u00e7ap ), 3+3 sa\u011f sol 2 sar\u0131c\u0131 ( winder ), ISGEV marka godetler ( 2019 model ), kurulu ve \u00e7al\u0131\u015f\u0131r durumda.<\/p>","protected":false},"featured_media":15498,"template":"","meta":{"googlesitekit_rrm_CAown9nKDA:productID":"","_joinchat":[],"jetpack_publicize_message":"","jetpack_publicize_feature_enabled":true,"jetpack_social_post_already_shared":false,"jetpack_social_options":{"image_generator_settings":{"template":"highway","default_image_id":0,"font":"","enabled":false},"version":2}},"pwb-brand":[916],"product_brand":[],"product_cat":[479],"product_tag":[],"class_list":{"0":"post-15497","1":"product","2":"type-product","3":"status-publish","4":"has-post-thumbnail","6":"pwb-brand-stp","7":"pwb-model-125","8":"product_cat-iplik-makinalari","10":"first","11":"instock","12":"shipping-taxable","13":"product-type-simple"},"models":[{"id":125,"name":"1997","slug":"1997"}],"proviences":[],"jetpack_publicize_connections":[],"brands":[{"id":916,"name":"STP","slug":"stp"}],"_links":{"self":[{"href":"https:\/\/www.mertkomak.com\/en\/wp-json\/wp\/v2\/product\/15497","targetHints":{"allow":["GET"]}}],"collection":[{"href":"https:\/\/www.mertkomak.com\/en\/wp-json\/wp\/v2\/product"}],"about":[{"href":"https:\/\/www.mertkomak.com\/en\/wp-json\/wp\/v2\/types\/product"}],"wp:featuredmedia":[{"embeddable":true,"href":"https:\/\/www.mertkomak.com\/en\/wp-json\/wp\/v2\/media\/15498"}],"wp:attachment":[{"href":"https:\/\/www.mertkomak.com\/en\/wp-json\/wp\/v2\/media?parent=15497"}],"wp:term":[{"taxonomy":"pwb-brand","embeddable":true,"href":"https:\/\/www.mertkomak.com\/en\/wp-json\/wp\/v2\/pwb-brand?post=15497"},{"taxonomy":"product_brand","embeddable":true,"href":"https:\/\/www.mertkomak.com\/en\/wp-json\/wp\/v2\/product_brand?post=15497"},{"taxonomy":"product_cat","embeddable":true,"href":"https:\/\/www.mertkomak.com\/en\/wp-json\/wp\/v2\/product_cat?post=15497"},{"taxonomy":"product_tag","embeddable":true,"href":"https:\/\/www.mertkomak.com\/en\/wp-json\/wp\/v2\/product_tag?post=15497"}],"curies":[{"name":"wp","href":"https:\/\/api.w.org\/{rel}","templated":true}]}}