{"id":15615,"date":"2023-09-26T12:09:37","date_gmt":"2023-09-26T09:09:37","guid":{"rendered":"https:\/\/www.mertkomak.com\/?post_type=product&#038;p=15615"},"modified":"2025-10-21T16:20:43","modified_gmt":"2025-10-21T13:20:43","slug":"04279","status":"publish","type":"product","link":"https:\/\/www.mertkomak.com\/en\/magaza\/04279\/","title":{"rendered":"Zinser 421E Brand Yarn Ring Machine"},"content":{"rendered":"<p><strong>3 adet Zinser Marka Ring 421 EU iplik makinas\u0131, 1995 model, 2 adedi 1000 i, 1 adedi 1100 i, kurulu ve \u00e7al\u0131\u015f\u0131r durumda<\/strong><\/p>\n<p>&nbsp;<\/p>","protected":false},"excerpt":{"rendered":"<p>3 adet Zinser Marka Ring 421 EU iplik makinas\u0131, 1995 model, 2 adedi 1000 i, 1 adedi 1100 i, kurulu ve \u00e7al\u0131\u015f\u0131r durumda<\/p>\n<p>&nbsp;<\/p>","protected":false},"featured_media":15628,"template":"","meta":{"googlesitekit_rrm_CAown9nKDA:productID":"","_joinchat":[],"jetpack_publicize_message":"","jetpack_publicize_feature_enabled":true,"jetpack_social_post_already_shared":false,"jetpack_social_options":{"image_generator_settings":{"template":"highway","default_image_id":0,"font":"","enabled":false},"version":2}},"pwb-brand":[831],"product_brand":[],"product_cat":[556],"product_tag":[],"class_list":{"0":"post-15615","1":"product","2":"type-product","3":"status-publish","4":"has-post-thumbnail","6":"pwb-brand-zinser","7":"pwb-model-93","8":"product_cat-ring-iplik-makinalari","10":"first","11":"instock","12":"shipping-taxable","13":"product-type-simple"},"models":[{"id":93,"name":"1995","slug":"1995"}],"proviences":[],"jetpack_publicize_connections":[],"brands":[{"id":831,"name":"Zinser","slug":"zinser"}],"_links":{"self":[{"href":"https:\/\/www.mertkomak.com\/en\/wp-json\/wp\/v2\/product\/15615","targetHints":{"allow":["GET"]}}],"collection":[{"href":"https:\/\/www.mertkomak.com\/en\/wp-json\/wp\/v2\/product"}],"about":[{"href":"https:\/\/www.mertkomak.com\/en\/wp-json\/wp\/v2\/types\/product"}],"wp:featuredmedia":[{"embeddable":true,"href":"https:\/\/www.mertkomak.com\/en\/wp-json\/wp\/v2\/media\/15628"}],"wp:attachment":[{"href":"https:\/\/www.mertkomak.com\/en\/wp-json\/wp\/v2\/media?parent=15615"}],"wp:term":[{"taxonomy":"pwb-brand","embeddable":true,"href":"https:\/\/www.mertkomak.com\/en\/wp-json\/wp\/v2\/pwb-brand?post=15615"},{"taxonomy":"product_brand","embeddable":true,"href":"https:\/\/www.mertkomak.com\/en\/wp-json\/wp\/v2\/product_brand?post=15615"},{"taxonomy":"product_cat","embeddable":true,"href":"https:\/\/www.mertkomak.com\/en\/wp-json\/wp\/v2\/product_cat?post=15615"},{"taxonomy":"product_tag","embeddable":true,"href":"https:\/\/www.mertkomak.com\/en\/wp-json\/wp\/v2\/product_tag?post=15615"}],"curies":[{"name":"wp","href":"https:\/\/api.w.org\/{rel}","templated":true}]}}