{"id":15721,"date":"2023-10-10T13:02:32","date_gmt":"2023-10-10T10:02:32","guid":{"rendered":"https:\/\/www.mertkomak.com\/?post_type=product&#038;p=15721"},"modified":"2025-12-01T11:05:13","modified_gmt":"2025-12-01T08:05:13","slug":"04286","status":"publish","type":"product","link":"https:\/\/www.mertkomak.com\/en\/magaza\/04286\/","title":{"rendered":"Milhan Marka \u00c7ileden Bobine Aktarma Makinas\u0131"},"content":{"rendered":"<p><strong>Milhan Marka \u00c7ileden Bobine Aktarma Makinas\u0131, 24 g\u00f6z, 2007 model, punta da yapabiliyor, kurulu ve \u00e7al\u0131\u015f\u0131r durumda.\u00a0\u00a0<\/strong><\/p>","protected":false},"excerpt":{"rendered":"<p>Milhan Marka \u00c7ileden Bobine Aktarma Makinas\u0131, 24 g\u00f6z, 2007 model, punta da yapabiliyor, kurulu ve \u00e7al\u0131\u015f\u0131r durumda.<\/p>","protected":false},"featured_media":15723,"template":"","meta":{"googlesitekit_rrm_CAown9nKDA:productID":"","_joinchat":[],"jetpack_publicize_message":"","jetpack_publicize_feature_enabled":true,"jetpack_social_post_already_shared":false,"jetpack_social_options":{"image_generator_settings":{"template":"highway","default_image_id":0,"font":"","enabled":false},"version":2}},"pwb-brand":[495],"product_brand":[],"product_cat":[490],"product_tag":[],"class_list":{"0":"post-15721","1":"product","2":"type-product","3":"status-publish","4":"has-post-thumbnail","6":"pwb-brand-milhan","7":"pwb-model-97","8":"product_cat-iplik-aktarma-makinalari","10":"first","11":"instock","12":"shipping-taxable","13":"product-type-simple"},"models":[{"id":97,"name":"2007","slug":"2007"}],"proviences":[],"jetpack_publicize_connections":[],"brands":[{"id":495,"name":"Milhan","slug":"milhan"}],"_links":{"self":[{"href":"https:\/\/www.mertkomak.com\/en\/wp-json\/wp\/v2\/product\/15721","targetHints":{"allow":["GET"]}}],"collection":[{"href":"https:\/\/www.mertkomak.com\/en\/wp-json\/wp\/v2\/product"}],"about":[{"href":"https:\/\/www.mertkomak.com\/en\/wp-json\/wp\/v2\/types\/product"}],"wp:featuredmedia":[{"embeddable":true,"href":"https:\/\/www.mertkomak.com\/en\/wp-json\/wp\/v2\/media\/15723"}],"wp:attachment":[{"href":"https:\/\/www.mertkomak.com\/en\/wp-json\/wp\/v2\/media?parent=15721"}],"wp:term":[{"taxonomy":"pwb-brand","embeddable":true,"href":"https:\/\/www.mertkomak.com\/en\/wp-json\/wp\/v2\/pwb-brand?post=15721"},{"taxonomy":"product_brand","embeddable":true,"href":"https:\/\/www.mertkomak.com\/en\/wp-json\/wp\/v2\/product_brand?post=15721"},{"taxonomy":"product_cat","embeddable":true,"href":"https:\/\/www.mertkomak.com\/en\/wp-json\/wp\/v2\/product_cat?post=15721"},{"taxonomy":"product_tag","embeddable":true,"href":"https:\/\/www.mertkomak.com\/en\/wp-json\/wp\/v2\/product_tag?post=15721"}],"curies":[{"name":"wp","href":"https:\/\/api.w.org\/{rel}","templated":true}]}}