{"id":15879,"date":"2023-11-09T12:04:40","date_gmt":"2023-11-09T09:04:40","guid":{"rendered":"https:\/\/www.mertkomak.com\/?post_type=product&#038;p=15879"},"modified":"2024-10-11T09:56:07","modified_gmt":"2024-10-11T06:56:07","slug":"04299","status":"publish","type":"product","link":"https:\/\/www.mertkomak.com\/en\/magaza\/04299\/","title":{"rendered":"Mertkomak Brand Inspection Machine"},"content":{"rendered":"<h3><strong>Mertkomak Marka Kalite Kontrol Makinas\u0131, 3.60 mt eninde, 2008 model, metraj, sens\u00f6rl\u00fc, kurulu ve \u00e7al\u0131\u015f\u0131r durumda.<\/strong><\/h3>","protected":false},"excerpt":{"rendered":"<p>Mertkomak Brand Inspection Machine, 3.60 mt working width, 2008 model, metering, sensors, installed and running situation.<\/p>","protected":false},"featured_media":15881,"template":"","meta":{"googlesitekit_rrm_CAown9nKDA:productID":"","_joinchat":[],"jetpack_publicize_message":"","jetpack_publicize_feature_enabled":true,"jetpack_social_post_already_shared":false,"jetpack_social_options":{"image_generator_settings":{"template":"highway","default_image_id":0,"font":"","enabled":false},"version":2}},"pwb-brand":[],"product_brand":[],"product_cat":[172],"product_tag":[],"class_list":{"0":"post-15879","1":"product","2":"type-product","3":"status-publish","4":"has-post-thumbnail","6":"pwb-model-85","7":"product_cat-kalite-kontrol-makinalari","9":"first","10":"instock","11":"shipping-taxable","12":"product-type-simple"},"models":[{"id":85,"name":"2008","slug":"2008"}],"proviences":[],"jetpack_publicize_connections":[],"brands":[],"_links":{"self":[{"href":"https:\/\/www.mertkomak.com\/en\/wp-json\/wp\/v2\/product\/15879","targetHints":{"allow":["GET"]}}],"collection":[{"href":"https:\/\/www.mertkomak.com\/en\/wp-json\/wp\/v2\/product"}],"about":[{"href":"https:\/\/www.mertkomak.com\/en\/wp-json\/wp\/v2\/types\/product"}],"wp:featuredmedia":[{"embeddable":true,"href":"https:\/\/www.mertkomak.com\/en\/wp-json\/wp\/v2\/media\/15881"}],"wp:attachment":[{"href":"https:\/\/www.mertkomak.com\/en\/wp-json\/wp\/v2\/media?parent=15879"}],"wp:term":[{"taxonomy":"pwb-brand","embeddable":true,"href":"https:\/\/www.mertkomak.com\/en\/wp-json\/wp\/v2\/pwb-brand?post=15879"},{"taxonomy":"product_brand","embeddable":true,"href":"https:\/\/www.mertkomak.com\/en\/wp-json\/wp\/v2\/product_brand?post=15879"},{"taxonomy":"product_cat","embeddable":true,"href":"https:\/\/www.mertkomak.com\/en\/wp-json\/wp\/v2\/product_cat?post=15879"},{"taxonomy":"product_tag","embeddable":true,"href":"https:\/\/www.mertkomak.com\/en\/wp-json\/wp\/v2\/product_tag?post=15879"}],"curies":[{"name":"wp","href":"https:\/\/api.w.org\/{rel}","templated":true}]}}