{"id":15974,"date":"2023-11-29T17:32:09","date_gmt":"2023-11-29T14:32:09","guid":{"rendered":"https:\/\/www.mertkomak.com\/?post_type=product&#038;p=15974"},"modified":"2024-10-14T11:30:16","modified_gmt":"2024-10-14T08:30:16","slug":"karl-mayer-jakarli-rasel-orme-tesisi","status":"publish","type":"product","link":"https:\/\/www.mertkomak.com\/en\/magaza\/karl-mayer-jakarli-rasel-orme-tesisi\/","title":{"rendered":"Karl Mayer Jakarl\u0131 Ra\u015fel \u00d6rme Tesisi"},"content":{"rendered":"<p><strong>35 pcs Karl Mayer Creel and jacquard Raschel Knitting Machines, The facility is producing women's and men\u2019s clothing, it can also produce home textiles. \u0130nstalled and running situation.<\/strong><\/p>\n<p><strong>Makina Listesini a\u015fa\u011f\u0131da\u00a0 g\u00f6rebilirsiniz.<\/strong><\/p>\n<table>\n<tbody>\n<tr>\n<td width=\"155\"><strong>MARKA<\/strong><\/td>\n<td width=\"109\"><strong>TYPE<\/strong><\/td>\n<td width=\"113\"><\/td>\n<td width=\"54\"><strong>INCH<\/strong><\/td>\n<td width=\"56\"><strong>CM<\/strong><\/td>\n<td width=\"73\"><strong>GAUGE<\/strong><\/td>\n<td width=\"95\"><\/td>\n<td width=\"72\"><strong>SERIAL NO<\/strong><\/td>\n<td width=\"95\"><strong>PCS<\/strong><\/td>\n<td width=\"57\"><strong>YEAR<\/strong><\/td>\n<\/tr>\n<tr>\n<td width=\"155\"><strong>KARL MAYER RASCHEL<\/strong><\/td>\n<td width=\"109\"><strong>RJSC-4F-NE<\/strong><\/td>\n<td width=\"113\"><strong>Elektronik<\/strong><\/td>\n<td width=\"54\"><strong>230<\/strong><\/td>\n<td width=\"56\"><strong>584<\/strong><\/td>\n<td width=\"73\"><strong>18<\/strong><\/td>\n<td width=\"95\"><strong>WITH CREEL<\/strong><\/td>\n<td width=\"72\"><strong>844xx<\/strong><\/td>\n<td width=\"95\"><strong>2<\/strong><\/td>\n<td width=\"57\"><strong>1997<\/strong><\/td>\n<\/tr>\n<tr>\n<td width=\"155\"><strong>KARL MAYER RASCHEL<\/strong><\/td>\n<td width=\"109\"><strong>RJSC-4F-NE<\/strong><\/td>\n<td width=\"113\"><strong>Elektronik<\/strong><\/td>\n<td width=\"54\"><strong>230<\/strong><\/td>\n<td width=\"56\"><strong>584<\/strong><\/td>\n<td width=\"73\"><strong>18<\/strong><\/td>\n<td width=\"95\"><strong>WITH CREEL<\/strong><\/td>\n<td width=\"72\"><strong>831xx<\/strong><\/td>\n<td width=\"95\"><strong>2<\/strong><\/td>\n<td width=\"57\"><strong>1996<\/strong><\/td>\n<\/tr>\n<tr>\n<td width=\"155\"><strong>KARL MAYER RASCHEL<\/strong><\/td>\n<td width=\"109\"><strong>5\/2 F-NE<\/strong><\/td>\n<td width=\"113\"><strong>TWO JACQUARD BAR<\/strong><\/td>\n<td width=\"54\"><strong>130<\/strong><\/td>\n<td width=\"56\"><strong>330<\/strong><\/td>\n<td width=\"73\"><strong>14\/14<\/strong><\/td>\n<td width=\"95\"><strong>WITH TWO CREELS<\/strong><\/td>\n<td width=\"72\"><strong>626xx<\/strong><\/td>\n<td width=\"95\"><strong>2<\/strong><\/td>\n<td width=\"57\"><strong>1984<\/strong><\/td>\n<\/tr>\n<tr>\n<td width=\"155\"><strong>KARL MAYER RASCHEL<\/strong><\/td>\n<td width=\"109\"><strong>5\/2 F-NE<\/strong><\/td>\n<td width=\"113\"><strong>TWO JACQUARD BAR<\/strong><\/td>\n<td width=\"54\"><strong>130<\/strong><\/td>\n<td width=\"56\"><strong>330<\/strong><\/td>\n<td width=\"73\"><strong>7\/14\/7<\/strong><\/td>\n<td width=\"95\"><strong>WITH TWO CREELS<\/strong><\/td>\n<td width=\"72\"><strong>626xx<\/strong><\/td>\n<td width=\"95\"><strong>1<\/strong><\/td>\n<td width=\"57\"><strong>1984<\/strong><\/td>\n<\/tr>\n<tr>\n<td width=\"155\"><strong>KARL MAYER RASCHEL<\/strong><\/td>\n<td width=\"109\"><strong>RG4N-1K<\/strong><\/td>\n<td width=\"113\"><\/td>\n<td width=\"54\"><strong>130<\/strong><\/td>\n<td width=\"56\"><strong>330<\/strong><\/td>\n<td width=\"73\"><strong>20<\/strong><\/td>\n<td width=\"95\"><\/td>\n<td width=\"72\"><strong>555xx<\/strong><\/td>\n<td width=\"95\"><strong>1<\/strong><\/td>\n<td width=\"57\"><\/td>\n<\/tr>\n<tr>\n<td width=\"155\"><strong>KARL MAYER RASCHEL<\/strong><\/td>\n<td width=\"109\"><strong>RMJG 5-F<\/strong><\/td>\n<td width=\"113\"><\/td>\n<td width=\"54\"><strong>130<\/strong><\/td>\n<td width=\"56\"><strong>330<\/strong><\/td>\n<td width=\"73\"><strong>7\/14<\/strong><\/td>\n<td width=\"95\"><strong>WITH CREEL<\/strong><\/td>\n<td width=\"72\"><strong>543xx<\/strong><\/td>\n<td width=\"95\"><strong>1<\/strong><\/td>\n<td width=\"57\"><strong>1979<\/strong><\/td>\n<\/tr>\n<tr>\n<td width=\"155\"><strong>KARL MAYER RASCHEL<\/strong><\/td>\n<td width=\"109\"><strong>RJG 5F-NE<\/strong><\/td>\n<td width=\"113\"><\/td>\n<td width=\"54\"><strong>130<\/strong><\/td>\n<td width=\"56\"><strong>330<\/strong><\/td>\n<td width=\"73\"><strong>7\/14<\/strong><\/td>\n<td width=\"95\"><strong>WITH CREEL<\/strong><\/td>\n<td width=\"72\"><strong>582xx<\/strong><\/td>\n<td width=\"95\"><strong>2<\/strong><\/td>\n<td width=\"57\"><strong>1988<\/strong><\/td>\n<\/tr>\n<tr>\n<td width=\"155\"><strong>KARL MAYER RASCHEL<\/strong><\/td>\n<td width=\"109\"><strong>RJMSG 4F-NE<\/strong><\/td>\n<td width=\"113\"><\/td>\n<td width=\"54\"><strong>130<\/strong><\/td>\n<td width=\"56\"><strong>330<\/strong><\/td>\n<td width=\"73\"><strong>14<\/strong><\/td>\n<td width=\"95\"><strong>WITH CREEL<\/strong><\/td>\n<td width=\"72\"><strong>762xx<\/strong><\/td>\n<td width=\"95\"><strong>5<\/strong><\/td>\n<td width=\"57\"><strong>1991<\/strong><\/td>\n<\/tr>\n<tr>\n<td width=\"155\"><strong>KARL MAYER RASCHEL<\/strong><\/td>\n<td width=\"109\"><strong>RJMSG 5F-NE<\/strong><\/td>\n<td width=\"113\"><\/td>\n<td width=\"54\"><strong>130<\/strong><\/td>\n<td width=\"56\"><strong>330<\/strong><\/td>\n<td width=\"73\"><strong>14<\/strong><\/td>\n<td width=\"95\"><strong>WITH CREEL<\/strong><\/td>\n<td width=\"72\"><strong>744xx<\/strong><\/td>\n<td width=\"95\"><strong>2<\/strong><\/td>\n<td width=\"57\"><strong>1990<\/strong><\/td>\n<\/tr>\n<tr>\n<td width=\"155\"><strong>KARL MAYER RASCHEL<\/strong><\/td>\n<td width=\"109\"><strong>RJMSG 5\/2 F-NE<\/strong><\/td>\n<td width=\"113\"><strong>TWO JACQUARD BAR<\/strong><\/td>\n<td width=\"54\"><strong>130<\/strong><\/td>\n<td width=\"56\"><strong>330<\/strong><\/td>\n<td width=\"73\"><strong>14\/14<\/strong><\/td>\n<td width=\"95\"><strong>WITH TWO CREELS<\/strong><\/td>\n<td width=\"72\"><strong>744xx<\/strong><\/td>\n<td width=\"95\"><strong>5<\/strong><\/td>\n<td width=\"57\"><strong>1990<\/strong><\/td>\n<\/tr>\n<tr>\n<td width=\"155\"><strong>KARL MAYER RASCHEL<\/strong><\/td>\n<td width=\"109\"><strong>HDRJ 5\/2 PLM<\/strong><\/td>\n<td width=\"113\"><strong>TWO JACQUARD BAR<\/strong><\/td>\n<td width=\"54\"><strong>130<\/strong><\/td>\n<td width=\"56\"><strong>330<\/strong><\/td>\n<td width=\"73\"><strong>16\/16<\/strong><\/td>\n<td width=\"95\"><strong>WITH TWO CREELS<\/strong><\/td>\n<td width=\"72\"><strong>677xx<\/strong><\/td>\n<td width=\"95\"><strong>3<\/strong><\/td>\n<td width=\"57\"><\/td>\n<\/tr>\n<tr>\n<td width=\"155\"><strong>KARL MAYER RASCHEL<\/strong><\/td>\n<td width=\"109\"><strong>RJMSG 4F-NE<\/strong><\/td>\n<td width=\"113\"><\/td>\n<td width=\"54\"><strong>130<\/strong><\/td>\n<td width=\"56\"><strong>330<\/strong><\/td>\n<td width=\"73\"><strong>14<\/strong><\/td>\n<td width=\"95\"><strong>WITH CREEL<\/strong><\/td>\n<td width=\"72\"><strong>763xx<\/strong><\/td>\n<td width=\"95\"><strong>1<\/strong><\/td>\n<td width=\"57\"><strong>1991<\/strong><\/td>\n<\/tr>\n<tr>\n<td width=\"155\"><strong>KARL MAYER RASCHEL<\/strong><\/td>\n<td width=\"109\"><strong>RJG 5\/2 F-NE<\/strong><\/td>\n<td width=\"113\"><strong>TWO JACQUARD BAR<\/strong><\/td>\n<td width=\"54\"><strong>130<\/strong><\/td>\n<td width=\"56\"><strong>330<\/strong><\/td>\n<td width=\"73\"><strong>14\/14<\/strong><\/td>\n<td width=\"95\"><strong>WITH TWO CREELS<\/strong><\/td>\n<td width=\"72\"><strong>654xx<\/strong><\/td>\n<td width=\"95\"><strong>4<\/strong><\/td>\n<td width=\"57\"><strong>1984<\/strong><\/td>\n<\/tr>\n<tr>\n<td width=\"155\"><strong>KARL MAYER RASCHEL<\/strong><\/td>\n<td width=\"109\"><strong>RJG 5\/2 F-NE<\/strong><\/td>\n<td width=\"113\"><strong>TWO JACQUARD BAR<\/strong><\/td>\n<td width=\"54\"><strong>130<\/strong><\/td>\n<td width=\"56\"><strong>330<\/strong><\/td>\n<td width=\"73\"><strong>14\/14<\/strong><\/td>\n<td width=\"95\"><strong>WITH TWO CREELS<\/strong><\/td>\n<td width=\"72\"><strong>683xx<\/strong><\/td>\n<td width=\"95\"><strong>2<\/strong><\/td>\n<td width=\"57\"><strong>1986<\/strong><\/td>\n<\/tr>\n<tr>\n<td width=\"155\"><strong>KARL MAYER<\/strong><\/td>\n<td width=\"109\"><strong>KS3<\/strong><\/td>\n<td width=\"113\"><\/td>\n<td width=\"54\"><strong>130<\/strong><\/td>\n<td width=\"56\"><strong>330<\/strong><\/td>\n<td width=\"73\"><strong>28<\/strong><\/td>\n<td width=\"95\"><\/td>\n<td width=\"72\"><strong>553xx<\/strong><\/td>\n<td width=\"95\"><strong>1<\/strong><\/td>\n<td width=\"57\"><\/td>\n<\/tr>\n<tr>\n<td width=\"155\"><strong>KARL MAYER<\/strong><\/td>\n<td width=\"109\"><strong>KS2<\/strong><\/td>\n<td width=\"113\"><\/td>\n<td width=\"54\"><strong>130<\/strong><\/td>\n<td width=\"56\"><strong>330<\/strong><\/td>\n<td width=\"73\"><strong>28<\/strong><\/td>\n<td width=\"95\"><\/td>\n<td width=\"72\"><strong>531xx<\/strong><\/td>\n<td width=\"95\"><strong>1<\/strong><\/td>\n<td width=\"57\"><\/td>\n<\/tr>\n<tr>\n<td width=\"155\"><\/td>\n<td width=\"109\"><\/td>\n<td width=\"113\"><\/td>\n<td colspan=\"2\" width=\"110\"><\/td>\n<td width=\"73\"><\/td>\n<td width=\"95\"><\/td>\n<td width=\"72\"><\/td>\n<td width=\"95\"><\/td>\n<td width=\"57\"><\/td>\n<\/tr>\n<tr>\n<td width=\"155\"><strong>KARL MAYER<\/strong><\/td>\n<td width=\"109\"><strong>SECTIONAL WARPER G8<\/strong><\/td>\n<td width=\"113\"><\/td>\n<td width=\"54\"><\/td>\n<td width=\"56\"><\/td>\n<td width=\"73\"><strong>14<\/strong><\/td>\n<td width=\"95\"><\/td>\n<td width=\"72\"><strong>221x<\/strong><\/td>\n<td width=\"95\"><strong>1<\/strong><\/td>\n<td width=\"57\"><\/td>\n<\/tr>\n<tr>\n<td width=\"155\"><strong>KARL MAYER<\/strong><\/td>\n<td width=\"109\"><strong>SECTIONAL WARPER DS21<\/strong><\/td>\n<td width=\"113\"><\/td>\n<td width=\"54\"><\/td>\n<td width=\"56\"><\/td>\n<td width=\"73\"><strong>14X21<\/strong><\/td>\n<td width=\"95\"><\/td>\n<td width=\"72\"><strong>287x<\/strong><\/td>\n<td width=\"95\"><strong>1<\/strong><\/td>\n<td width=\"57\"><\/td>\n<\/tr>\n<tr>\n<td width=\"155\"><strong>SCHWEITER<\/strong><\/td>\n<td width=\"109\"><strong>BOBIN WINDER<\/strong><\/td>\n<td width=\"113\"><\/td>\n<td width=\"54\"><\/td>\n<td width=\"56\"><\/td>\n<td width=\"73\"><strong>48 HEADS<\/strong><\/td>\n<td width=\"95\"><\/td>\n<td width=\"72\"><strong>MC 82x<\/strong><\/td>\n<td width=\"95\"><strong>1<\/strong><\/td>\n<td width=\"57\"><\/td>\n<\/tr>\n<tr>\n<td width=\"155\"><strong>M-TEC<\/strong><\/td>\n<td width=\"109\"><strong>4 PLY FABRIC FOLDING MACHINE<\/strong><\/td>\n<td width=\"113\"><\/td>\n<td width=\"54\"><\/td>\n<td width=\"56\"><strong>330<\/strong><\/td>\n<td width=\"73\"><\/td>\n<td width=\"95\"><\/td>\n<td width=\"72\"><strong>740x<\/strong><\/td>\n<td width=\"95\"><strong>1<\/strong><\/td>\n<td width=\"57\"><strong>1997<\/strong><\/td>\n<\/tr>\n<\/tbody>\n<\/table>\n<p>&nbsp;<\/p>\n<p>&nbsp;<\/p>","protected":false},"excerpt":{"rendered":"<p>35 pcs Karl Mayer Creel and jacquard Raschel Knitting Machines, The facility is producing women's and men\u2019s clothing, it can also produce home textiles. \u0130nstalled and running situation.<\/p>\n<p>Makina Listesini a\u015fa\u011f\u0131da\u00a0 g\u00f6rebilirsiniz.<\/p>\n<p>&nbsp;<\/p>\n<p>&nbsp;<\/p>","protected":false},"featured_media":16020,"template":"","meta":{"googlesitekit_rrm_CAown9nKDA:productID":"","_joinchat":[],"jetpack_publicize_message":"","jetpack_publicize_feature_enabled":true,"jetpack_social_post_already_shared":false,"jetpack_social_options":{"image_generator_settings":{"template":"highway","default_image_id":0,"font":"","enabled":false},"version":2}},"pwb-brand":[445],"product_brand":[],"product_cat":[611],"product_tag":[],"class_list":{"0":"post-15974","1":"product","2":"type-product","3":"status-publish","4":"has-post-thumbnail","6":"pwb-brand-karl-mayer","7":"pwb-model-125","8":"pwb-provience-istanbul","9":"product_cat-rasel-orme-makinalari","11":"first","12":"instock","13":"shipping-taxable","14":"product-type-simple"},"models":[{"id":125,"name":"1997","slug":"1997"}],"proviences":[{"id":887,"name":"\u0130stanbul","slug":"istanbul"}],"jetpack_publicize_connections":[],"brands":[{"id":445,"name":"Karl Mayer","slug":"karl-mayer"}],"_links":{"self":[{"href":"https:\/\/www.mertkomak.com\/en\/wp-json\/wp\/v2\/product\/15974","targetHints":{"allow":["GET"]}}],"collection":[{"href":"https:\/\/www.mertkomak.com\/en\/wp-json\/wp\/v2\/product"}],"about":[{"href":"https:\/\/www.mertkomak.com\/en\/wp-json\/wp\/v2\/types\/product"}],"wp:featuredmedia":[{"embeddable":true,"href":"https:\/\/www.mertkomak.com\/en\/wp-json\/wp\/v2\/media\/16020"}],"wp:attachment":[{"href":"https:\/\/www.mertkomak.com\/en\/wp-json\/wp\/v2\/media?parent=15974"}],"wp:term":[{"taxonomy":"pwb-brand","embeddable":true,"href":"https:\/\/www.mertkomak.com\/en\/wp-json\/wp\/v2\/pwb-brand?post=15974"},{"taxonomy":"product_brand","embeddable":true,"href":"https:\/\/www.mertkomak.com\/en\/wp-json\/wp\/v2\/product_brand?post=15974"},{"taxonomy":"product_cat","embeddable":true,"href":"https:\/\/www.mertkomak.com\/en\/wp-json\/wp\/v2\/product_cat?post=15974"},{"taxonomy":"product_tag","embeddable":true,"href":"https:\/\/www.mertkomak.com\/en\/wp-json\/wp\/v2\/product_tag?post=15974"}],"curies":[{"name":"wp","href":"https:\/\/api.w.org\/{rel}","templated":true}]}}