{"id":1630,"date":"2021-11-25T11:40:58","date_gmt":"2021-11-25T08:40:58","guid":{"rendered":"http:\/\/185.42.175.5\/~mertkomak\/?post_type=product&#038;p=1630"},"modified":"2025-03-14T11:12:45","modified_gmt":"2025-03-14T08:12:45","slug":"3806","status":"publish","type":"product","link":"https:\/\/www.mertkomak.com\/en\/magaza\/3806\/","title":{"rendered":"Biella Formula 1 Cup Machine"},"content":{"rendered":"<p><strong>Biella Formula 1 Multipla Kade Makinas\u0131, 1.60mt \u00e7al\u0131\u015fma eni, 1.80mt ke\u00e7e geni\u015fli\u011fi, 2005 model, buharl\u0131, ke\u00e7esi yeni de\u011fi\u015fmi\u015f, invert\u00f6r, kurulu ve \u00e7al\u0131\u015f\u0131r durumda<\/strong><\/p>","protected":false},"excerpt":{"rendered":"<p>Biella Formula 1 Multipla Decatizing Machine, 1.60mt working width, 1.80mt felt width, 2005 model, steam heated, felt is replaced with new, inverter, installed and running situation.<\/p>","protected":false},"featured_media":1631,"template":"","meta":{"googlesitekit_rrm_CAown9nKDA:productID":"","_joinchat":[],"jetpack_publicize_message":"","jetpack_publicize_feature_enabled":true,"jetpack_social_post_already_shared":false,"jetpack_social_options":{"image_generator_settings":{"template":"highway","default_image_id":0,"font":"","enabled":false},"version":2}},"pwb-brand":[792],"product_brand":[],"product_cat":[166],"product_tag":[],"class_list":{"0":"post-1630","1":"product","2":"type-product","3":"status-publish","4":"has-post-thumbnail","6":"pwb-brand-biella","7":"pwb-model-146","8":"product_cat-kade-makinalari","10":"first","11":"instock","12":"shipping-taxable","13":"product-type-simple"},"models":[{"id":146,"name":"2005","slug":"2005"}],"proviences":[],"jetpack_publicize_connections":[],"brands":[{"id":792,"name":"Biella","slug":"biella"}],"_links":{"self":[{"href":"https:\/\/www.mertkomak.com\/en\/wp-json\/wp\/v2\/product\/1630","targetHints":{"allow":["GET"]}}],"collection":[{"href":"https:\/\/www.mertkomak.com\/en\/wp-json\/wp\/v2\/product"}],"about":[{"href":"https:\/\/www.mertkomak.com\/en\/wp-json\/wp\/v2\/types\/product"}],"wp:featuredmedia":[{"embeddable":true,"href":"https:\/\/www.mertkomak.com\/en\/wp-json\/wp\/v2\/media\/1631"}],"wp:attachment":[{"href":"https:\/\/www.mertkomak.com\/en\/wp-json\/wp\/v2\/media?parent=1630"}],"wp:term":[{"taxonomy":"pwb-brand","embeddable":true,"href":"https:\/\/www.mertkomak.com\/en\/wp-json\/wp\/v2\/pwb-brand?post=1630"},{"taxonomy":"product_brand","embeddable":true,"href":"https:\/\/www.mertkomak.com\/en\/wp-json\/wp\/v2\/product_brand?post=1630"},{"taxonomy":"product_cat","embeddable":true,"href":"https:\/\/www.mertkomak.com\/en\/wp-json\/wp\/v2\/product_cat?post=1630"},{"taxonomy":"product_tag","embeddable":true,"href":"https:\/\/www.mertkomak.com\/en\/wp-json\/wp\/v2\/product_tag?post=1630"}],"curies":[{"name":"wp","href":"https:\/\/api.w.org\/{rel}","templated":true}]}}