{"id":16336,"date":"2024-01-09T14:05:59","date_gmt":"2024-01-09T11:05:59","guid":{"rendered":"https:\/\/www.mertkomak.com\/?post_type=product&#038;p=16336"},"modified":"2024-10-11T09:49:41","modified_gmt":"2024-10-11T06:49:41","slug":"04316","status":"publish","type":"product","link":"https:\/\/www.mertkomak.com\/en\/magaza\/04316\/","title":{"rendered":"Komple Yuvarlak \u00d6rme Tesisi"},"content":{"rendered":"<h3><strong>Komple Yuvarlak \u00d6rme Tesisi<\/strong><\/h3>\n<ul>\n<li>\n<h3><strong>5 Adet Keumyong 30 Pus 20 Fayn 72 Sistem 2000 model<\/strong><\/h3>\n<\/li>\n<li>\n<h3><strong>1 Adet Keumyong 30 Pus 20 Fayn 72 Sistem Mini Jakar 2000 model<\/strong><\/h3>\n<\/li>\n<li>\n<h3><strong>2 Adet Keumyong 30 Pus 28 Fayn 72 Sistem S\u00fcprem Mini Jakar 2000 model<\/strong><\/h3>\n<\/li>\n<li>\n<h3><strong>1 Adet Sangyong 30 PUS 20 Fayn 84 Sistem \u0130nterlok 2002 model<\/strong><\/h3>\n<\/li>\n<li>\n<h3><strong>1 Adet Sanyong 30 PUS 28 Fayn 84 Sistem \u0130nterlok 2002 model<\/strong><\/h3>\n<\/li>\n<li>\n<h3><strong>1 Adet Sangyoug 30 PUS 28 Fayn 90 Sistem S\u00fcprem 2002 model<\/strong><\/h3>\n<\/li>\n<li>\n<h3><strong>1 Adet G\u00fcven \u00c7elik marka T\u00fcp Kuma\u015f Kalite kontrol makinesi 2005 model<\/strong><\/h3>\n<\/li>\n<\/ul>\n<h3><strong>kurulu ve \u00e7al\u0131\u015f\u0131r durumda , yerinde de sat\u0131labilir.<\/strong><\/h3>","protected":false},"excerpt":{"rendered":"<p>Komple Yuvarlak \u00d6rme Tesisi<\/p>\n<ul>\n<li>5 Adet Keumyong 30 Pus 20 Fayn 72 Sistem 2000 model<\/li>\n<li>1 Adet Keumyong 30 Pus 20 Fayn 72 Sistem Mini Jakar 2000 model<\/li>\n<li>2 Adet Keumyong 30 Pus 28 Fayn 72 Sistem S\u00fcprem Mini Jakar 2000 model<\/li>\n<li>1 Adet Sangyong 30 PUS 20 Fayn 84 Sistem \u0130nterlok 2002 model<\/li>\n<li>1 Adet Sanyong 30 PUS 28 Fayn 84 Sistem \u0130nterlok 2002 model<\/li>\n<li>1 Adet Sangyoug 30 PUS 28 Fayn 90 Sistem S\u00fcprem 2002 model<\/li>\n<li>1 Adet G\u00fcven \u00c7elik marka T\u00fcp Kuma\u015f Kalite kontrol makinesi 2005 model<\/li>\n<\/ul>\n<p>kurulu ve \u00e7al\u0131\u015f\u0131r durumda , yerinde de sat\u0131labilir.<\/p>","protected":false},"featured_media":16360,"template":"","meta":{"googlesitekit_rrm_CAown9nKDA:productID":"","_joinchat":[],"jetpack_publicize_message":"","jetpack_publicize_feature_enabled":true,"jetpack_social_post_already_shared":false,"jetpack_social_options":{"image_generator_settings":{"template":"highway","default_image_id":0,"font":"","enabled":false},"version":2}},"pwb-brand":[632,934],"product_brand":[],"product_cat":[620],"product_tag":[],"class_list":{"0":"post-16336","1":"product","2":"type-product","3":"status-publish","4":"has-post-thumbnail","6":"pwb-brand-keumyong","7":"pwb-brand-sangyoug","8":"product_cat-yuvarlak-orme-orgu-makinalari","10":"first","11":"instock","12":"shipping-taxable","13":"product-type-simple"},"models":[],"proviences":[],"jetpack_publicize_connections":[],"brands":[{"id":632,"name":"Keumyong","slug":"keumyong"},{"id":934,"name":"Sangyoug","slug":"sangyoug"}],"_links":{"self":[{"href":"https:\/\/www.mertkomak.com\/en\/wp-json\/wp\/v2\/product\/16336","targetHints":{"allow":["GET"]}}],"collection":[{"href":"https:\/\/www.mertkomak.com\/en\/wp-json\/wp\/v2\/product"}],"about":[{"href":"https:\/\/www.mertkomak.com\/en\/wp-json\/wp\/v2\/types\/product"}],"wp:featuredmedia":[{"embeddable":true,"href":"https:\/\/www.mertkomak.com\/en\/wp-json\/wp\/v2\/media\/16360"}],"wp:attachment":[{"href":"https:\/\/www.mertkomak.com\/en\/wp-json\/wp\/v2\/media?parent=16336"}],"wp:term":[{"taxonomy":"pwb-brand","embeddable":true,"href":"https:\/\/www.mertkomak.com\/en\/wp-json\/wp\/v2\/pwb-brand?post=16336"},{"taxonomy":"product_brand","embeddable":true,"href":"https:\/\/www.mertkomak.com\/en\/wp-json\/wp\/v2\/product_brand?post=16336"},{"taxonomy":"product_cat","embeddable":true,"href":"https:\/\/www.mertkomak.com\/en\/wp-json\/wp\/v2\/product_cat?post=16336"},{"taxonomy":"product_tag","embeddable":true,"href":"https:\/\/www.mertkomak.com\/en\/wp-json\/wp\/v2\/product_tag?post=16336"}],"curies":[{"name":"wp","href":"https:\/\/api.w.org\/{rel}","templated":true}]}}