{"id":16652,"date":"2024-02-08T16:13:53","date_gmt":"2024-02-08T13:13:53","guid":{"rendered":"https:\/\/www.mertkomak.com\/?post_type=product&#038;p=16652"},"modified":"2025-12-05T09:30:40","modified_gmt":"2025-12-05T06:30:40","slug":"04331","status":"publish","type":"product","link":"https:\/\/www.mertkomak.com\/en\/magaza\/04331\/","title":{"rendered":"\u0130plik Bobin Boya Tesisi Tek Tek Sat\u0131l\u0131k"},"content":{"rendered":"<p><strong>\u0130plik Bobin Boya Tesisi Tek Tek Sat\u0131l\u0131k<\/strong><\/p>\n<p><strong>1997 model, 9 adet Tong Geng Marka, 2 adet Cedit marka, 2 adet 500 kg + 2 adet 400 kg + 1 adet 300 kg + 1 adet 200 kg + 1 adet 150 kg + 1 adet 100 kg + 2 adet 50 kg, 1 adet 15 kg, kurulu ve \u00e7al\u0131\u015f\u0131r vaziyette.<\/strong><\/p>","protected":false},"excerpt":{"rendered":"<p>\u0130plik Bobin Boya Tesisi Tek Tek Sat\u0131l\u0131k<\/p>\n<p>1997 model, 9 adet Tong Geng Marka, 2 adet Cedit marka, 2 adet 500 kg + 2 adet 400 kg + 1 adet 300 kg + 1 adet 200 kg + 1 adet 150 kg + 1 adet 100 kg + 2 adet 50 kg, 1 adet 15 kg, kurulu ve \u00e7al\u0131\u015f\u0131r vaziyette.<\/p>","protected":false},"featured_media":16654,"template":"","meta":{"googlesitekit_rrm_CAown9nKDA:productID":"","_joinchat":[],"jetpack_publicize_message":"","jetpack_publicize_feature_enabled":true,"jetpack_social_post_already_shared":false,"jetpack_social_options":{"image_generator_settings":{"template":"highway","default_image_id":0,"font":"","enabled":false},"version":2}},"pwb-brand":[538],"product_brand":[],"product_cat":[133],"product_tag":[],"class_list":{"0":"post-16652","1":"product","2":"type-product","3":"status-publish","4":"has-post-thumbnail","6":"pwb-brand-tong-geng","7":"pwb-model-125","8":"product_cat-iplik-boya-makinalari","10":"first","11":"instock","12":"shipping-taxable","13":"product-type-simple"},"models":[{"id":125,"name":"1997","slug":"1997"}],"proviences":[],"jetpack_publicize_connections":[],"brands":[{"id":538,"name":"Tong Geng","slug":"tong-geng"}],"_links":{"self":[{"href":"https:\/\/www.mertkomak.com\/en\/wp-json\/wp\/v2\/product\/16652","targetHints":{"allow":["GET"]}}],"collection":[{"href":"https:\/\/www.mertkomak.com\/en\/wp-json\/wp\/v2\/product"}],"about":[{"href":"https:\/\/www.mertkomak.com\/en\/wp-json\/wp\/v2\/types\/product"}],"wp:featuredmedia":[{"embeddable":true,"href":"https:\/\/www.mertkomak.com\/en\/wp-json\/wp\/v2\/media\/16654"}],"wp:attachment":[{"href":"https:\/\/www.mertkomak.com\/en\/wp-json\/wp\/v2\/media?parent=16652"}],"wp:term":[{"taxonomy":"pwb-brand","embeddable":true,"href":"https:\/\/www.mertkomak.com\/en\/wp-json\/wp\/v2\/pwb-brand?post=16652"},{"taxonomy":"product_brand","embeddable":true,"href":"https:\/\/www.mertkomak.com\/en\/wp-json\/wp\/v2\/product_brand?post=16652"},{"taxonomy":"product_cat","embeddable":true,"href":"https:\/\/www.mertkomak.com\/en\/wp-json\/wp\/v2\/product_cat?post=16652"},{"taxonomy":"product_tag","embeddable":true,"href":"https:\/\/www.mertkomak.com\/en\/wp-json\/wp\/v2\/product_tag?post=16652"}],"curies":[{"name":"wp","href":"https:\/\/api.w.org\/{rel}","templated":true}]}}