{"id":16958,"date":"2024-02-27T16:37:08","date_gmt":"2024-02-27T13:37:08","guid":{"rendered":"https:\/\/www.mertkomak.com\/?post_type=product&#038;p=16958"},"modified":"2025-02-18T14:29:13","modified_gmt":"2025-02-18T11:29:13","slug":"04357","status":"publish","type":"product","link":"https:\/\/www.mertkomak.com\/en\/magaza\/04357\/","title":{"rendered":"Karl Mayer Ra\u015fel jakarl\u0131 T\u00fcl Perde \u00d6rme Makinalar\u0131"},"content":{"rendered":"<p>6 Adet Karl Mayer Ra\u015fel jakarl\u0131 T\u00fcl Perde \u00d6rme Makinalar\u0131.<\/p>\n<ul>\n<li>2 adet Karl Mayer RJSC 4F &#8211; NE 3.30 mt (130 in\u00e7) eninde, 14 in\u00e7, jakarl\u0131 ve ca\u011farl\u0131kl\u0131, M\u0131knat\u0131sl\u0131 sistem, 1986 model<\/li>\n<li>2 adet Karl Mayer RJSC 4F &#8211; NE 3.30 mt (130 in\u00e7) eninde, 14 in\u00e7, jakarl\u0131 ve ca\u011farl\u0131kl\u0131, Plastik sistem, 1996 model<\/li>\n<li>2 adet Karl Mayer RJSG 4F &#8211; NE 5.80 MT (230 in\u00e7) eninde, 18 in\u00e7, jakarl\u0131 ve ca\u011farl\u0131kl\u0131, M\u0131knat\u0131sl\u0131 sistem, 1990 model<\/li>\n<\/ul>","protected":false},"excerpt":{"rendered":"<p>6 Adet Karl Mayer Ra\u015fel jakarl\u0131 T\u00fcl Perde \u00d6rme Makinalar\u0131.<\/p>\n<ul>\n<li>2 adet Karl Mayer RJSC 4F &#8211; NE 3.30 mt (130 in\u00e7) eninde, 14 in\u00e7, jakarl\u0131 ve ca\u011farl\u0131kl\u0131, M\u0131knat\u0131sl\u0131 sistem, 1986 model<\/li>\n<li>2 adet Karl Mayer RJSC 4F &#8211; NE 3.30 mt (130 in\u00e7) eninde, 14 in\u00e7, jakarl\u0131 ve ca\u011farl\u0131kl\u0131, Plastik sistem, 1996 model<\/li>\n<li>2 adet Karl Mayer RJSG 4F &#8211; NE 5.80 MT (230 in\u00e7) eninde, 18 in\u00e7, jakarl\u0131 ve ca\u011farl\u0131kl\u0131, M\u0131knat\u0131sl\u0131 sistem, 1990 model<\/li>\n<\/ul>","protected":false},"featured_media":16973,"template":"","meta":{"googlesitekit_rrm_CAown9nKDA:productID":"","_joinchat":[],"jetpack_publicize_message":"","jetpack_publicize_feature_enabled":true,"jetpack_social_post_already_shared":false,"jetpack_social_options":{"image_generator_settings":{"template":"highway","default_image_id":0,"font":"","enabled":false},"version":2}},"pwb-brand":[445],"product_brand":[],"product_cat":[611],"product_tag":[],"class_list":{"0":"post-16958","1":"product","2":"type-product","3":"status-publish","4":"has-post-thumbnail","6":"pwb-brand-karl-mayer","7":"pwb-model-92","8":"product_cat-rasel-orme-makinalari","10":"first","11":"instock","12":"shipping-taxable","13":"product-type-simple"},"models":[{"id":92,"name":"1996","slug":"1996"}],"proviences":[],"jetpack_publicize_connections":[],"brands":[{"id":445,"name":"Karl Mayer","slug":"karl-mayer"}],"_links":{"self":[{"href":"https:\/\/www.mertkomak.com\/en\/wp-json\/wp\/v2\/product\/16958","targetHints":{"allow":["GET"]}}],"collection":[{"href":"https:\/\/www.mertkomak.com\/en\/wp-json\/wp\/v2\/product"}],"about":[{"href":"https:\/\/www.mertkomak.com\/en\/wp-json\/wp\/v2\/types\/product"}],"wp:featuredmedia":[{"embeddable":true,"href":"https:\/\/www.mertkomak.com\/en\/wp-json\/wp\/v2\/media\/16973"}],"wp:attachment":[{"href":"https:\/\/www.mertkomak.com\/en\/wp-json\/wp\/v2\/media?parent=16958"}],"wp:term":[{"taxonomy":"pwb-brand","embeddable":true,"href":"https:\/\/www.mertkomak.com\/en\/wp-json\/wp\/v2\/pwb-brand?post=16958"},{"taxonomy":"product_brand","embeddable":true,"href":"https:\/\/www.mertkomak.com\/en\/wp-json\/wp\/v2\/product_brand?post=16958"},{"taxonomy":"product_cat","embeddable":true,"href":"https:\/\/www.mertkomak.com\/en\/wp-json\/wp\/v2\/product_cat?post=16958"},{"taxonomy":"product_tag","embeddable":true,"href":"https:\/\/www.mertkomak.com\/en\/wp-json\/wp\/v2\/product_tag?post=16958"}],"curies":[{"name":"wp","href":"https:\/\/api.w.org\/{rel}","templated":true}]}}