{"id":17117,"date":"2024-10-09T07:43:08","date_gmt":"2024-10-09T04:43:08","guid":{"rendered":"https:\/\/www.mertkomak.com\/?post_type=product&#038;p=17117"},"modified":"2024-10-11T10:07:34","modified_gmt":"2024-10-11T07:07:34","slug":"mr-04373","status":"publish","type":"product","link":"https:\/\/www.mertkomak.com\/en\/magaza\/mr-04373\/","title":{"rendered":"Tela \u00dcretim Tesisi"},"content":{"rendered":"<h3>Ayl\u0131k 3.000,000 Metre \u00fcretim kapasiteli 2023 model Nak\u0131\u015f ve A\u011fda telas\u0131 \u00fcretim hatt\u0131<\/h3>\n<h3>\u2013 Hatt\u0131m\u0131z hava serme (Airlaid) teknolojisi ile \u00fcretim yapmaktad\u0131r.<\/h3>\n<h3>\u2013 Nak\u0131\u015f ve A\u011fda sekt\u00f6r\u00fcnde en \u00e7ok tercih edilen 25 \u2013 200 gram m2 aras\u0131 (Polyester + Seliloz + Polyester) \u00fc\u00e7 katmandan olu\u015fan telalar\u0131 \u00fcretme kabiliyetine sahiptir.<\/h3>\n<h3>\u2013 \u00dcretim hatt\u0131n\u0131n elektronik sistemi Scada sistemli Siemens PLC, ABB s\u00fcr\u00fcc\u00fclerle yap\u0131lm\u0131\u015ft\u0131r , Full Otomatiktir.<\/h3>\n<h3>\u2013 2. 40 mt Makina \u00e7al\u0131\u015fma eni<\/h3>\n<h3>\u2013 3 Adet Balya a\u00e7\u0131c\u0131<\/h3>\n<h3>\u2013 2 Adet \u0130nce a\u00e7\u0131c\u0131<\/h3>\n<h3>\u2013 2 Adet Ambar \u00e7ivili besleme<\/h3>\n<h3>\u2013 2 Adet Airlaid Tarak<\/h3>\n<h3>\u2013 2 Adet Airlaid tarak \u00f6n a\u00e7\u0131c\u0131<\/h3>\n<h3>\u2013 1 Adet Selil\u00f6z k\u0131rma ve besleme Sistemi<\/h3>\n<h3>\u2013\u00a0 1 Adet K\u0131z\u011f\u0131n ya\u011fl\u0131 kalender<\/h3>\n<h3>\u2013 1 Adet Fulard 1 Adet<\/h3>\n<h3>\u2013 1 Adet K\u00f6p\u00fck makinas\u0131<\/h3>\n<h3>\u2013 2 Adet 3 Tonluk paslanmaz kar\u0131\u015ft\u0131r\u0131c\u0131l\u0131 binder Tanklar\u0131 ve Pompalar\u0131<\/h3>\n<h3>\u2013 1 Adet \u00c7ift Tamburlu do\u011falgazl\u0131 kurutma f\u0131r\u0131n\u0131<\/h3>\n<h3>\u2013 1 Adet Otomatik Bobin de\u011fi\u015ftirmeli Dog sarma<\/h3>\n<h3>\u2013 1 Adet Dilimleme Makinas\u0131<\/h3>\n<h3>\u2013 Fitreler, Elyaf nakil fanlar\u0131, yedek bantlar, yedek teller, yedek sindirler vs. T\u00fcm yedek par\u00e7a malzemeler birlikte verilecektir.<\/h3>\n<h3>\u2013 70 mt makina boyu ,<\/h3>\n<h3>\u2013 Kurulu ve \u00e7al\u0131\u015f\u0131r durumda .<\/h3>\n<p>&nbsp;<\/p>","protected":false},"excerpt":{"rendered":"<p>Ayl\u0131k 3.000,000 Metre \u00fcretim kapasiteli 2023 model Nak\u0131\u015f ve A\u011fda telas\u0131 \u00fcretim hatt\u0131<\/p>\n<p>&nbsp;<\/p>","protected":false},"featured_media":17934,"template":"","meta":{"googlesitekit_rrm_CAown9nKDA:productID":"","_joinchat":[],"jetpack_publicize_message":"","jetpack_publicize_feature_enabled":true,"jetpack_social_post_already_shared":false,"jetpack_social_options":{"image_generator_settings":{"template":"highway","default_image_id":0,"font":"","enabled":false},"version":2}},"pwb-brand":[],"product_brand":[],"product_cat":[826],"product_tag":[],"class_list":{"0":"post-17117","1":"product","2":"type-product","3":"status-publish","4":"has-post-thumbnail","6":"pwb-model-948","7":"product_cat-tesisler","9":"first","10":"instock","11":"shipping-taxable","12":"product-type-simple"},"models":[{"id":948,"name":"2023","slug":"2023"}],"proviences":[],"jetpack_publicize_connections":[],"brands":[],"_links":{"self":[{"href":"https:\/\/www.mertkomak.com\/en\/wp-json\/wp\/v2\/product\/17117","targetHints":{"allow":["GET"]}}],"collection":[{"href":"https:\/\/www.mertkomak.com\/en\/wp-json\/wp\/v2\/product"}],"about":[{"href":"https:\/\/www.mertkomak.com\/en\/wp-json\/wp\/v2\/types\/product"}],"wp:featuredmedia":[{"embeddable":true,"href":"https:\/\/www.mertkomak.com\/en\/wp-json\/wp\/v2\/media\/17934"}],"wp:attachment":[{"href":"https:\/\/www.mertkomak.com\/en\/wp-json\/wp\/v2\/media?parent=17117"}],"wp:term":[{"taxonomy":"pwb-brand","embeddable":true,"href":"https:\/\/www.mertkomak.com\/en\/wp-json\/wp\/v2\/pwb-brand?post=17117"},{"taxonomy":"product_brand","embeddable":true,"href":"https:\/\/www.mertkomak.com\/en\/wp-json\/wp\/v2\/product_brand?post=17117"},{"taxonomy":"product_cat","embeddable":true,"href":"https:\/\/www.mertkomak.com\/en\/wp-json\/wp\/v2\/product_cat?post=17117"},{"taxonomy":"product_tag","embeddable":true,"href":"https:\/\/www.mertkomak.com\/en\/wp-json\/wp\/v2\/product_tag?post=17117"}],"curies":[{"name":"wp","href":"https:\/\/api.w.org\/{rel}","templated":true}]}}