{"id":17142,"date":"2024-10-09T09:07:07","date_gmt":"2024-10-09T06:07:07","guid":{"rendered":"https:\/\/www.mertkomak.com\/?post_type=product&#038;p=17142"},"modified":"2025-02-27T16:10:30","modified_gmt":"2025-02-27T13:10:30","slug":"04392","status":"publish","type":"product","link":"https:\/\/www.mertkomak.com\/en\/magaza\/04392\/","title":{"rendered":"Kusters Pad Steam Makinas\u0131, susuz boyama ve y\u0131kama makinas\u0131"},"content":{"rendered":"<p>Kusters Pad Steam Machine, dyeing (without water) and washing machine, 1.8 mt working width, 2.00 mt roll width, 1999-2005 model:<\/p>\n<p>Machine is consisting of following sections;<\/p>\n<ul>\n<li>Dust suction, 1999 model<\/li>\n<li>Pad Batch Line, 2005 model<\/li>\n<li>Hot and cold rollers,<\/li>\n<li>Padder, 2005 model<\/li>\n<li>Steamer, 1999 model<\/li>\n<li>Washing, 1999 model<\/li>\n<li>Wumag Cylinder Drying, 1999 model<\/li>\n<\/ul>\n<p>Extra insulation to prevent heat loss, SPECIAL MACHINE FOR VELVET FABRIC, all rollers are special, vacuum system, installed and running situation.<\/p>","protected":false},"excerpt":{"rendered":"<p>Kusters Pad Steam Machine, dyeing (without water) and washing machine, 1.8 mt working width, 2.00 mt roll width, 1999-2005 model, installed and running situation.<\/p>","protected":false},"featured_media":17811,"template":"","meta":{"googlesitekit_rrm_CAown9nKDA:productID":"","_joinchat":[],"jetpack_publicize_message":"","jetpack_publicize_feature_enabled":true,"jetpack_social_post_already_shared":false,"jetpack_social_options":{"image_generator_settings":{"template":"highway","default_image_id":0,"font":"","enabled":false},"version":2}},"pwb-brand":[116],"product_brand":[],"product_cat":[185],"product_tag":[],"class_list":{"0":"post-17142","1":"product","2":"type-product","3":"status-publish","4":"has-post-thumbnail","6":"pwb-brand-kusters","7":"pwb-model-108","8":"pwb-model-146","9":"product_cat-kontini-acik-en-yikama-makinalari","11":"first","12":"instock","13":"shipping-taxable","14":"product-type-simple"},"models":[{"id":108,"name":"1999","slug":"1999"},{"id":146,"name":"2005","slug":"2005"}],"proviences":[],"jetpack_publicize_connections":[],"brands":[{"id":116,"name":"Kusters","slug":"kusters"}],"_links":{"self":[{"href":"https:\/\/www.mertkomak.com\/en\/wp-json\/wp\/v2\/product\/17142","targetHints":{"allow":["GET"]}}],"collection":[{"href":"https:\/\/www.mertkomak.com\/en\/wp-json\/wp\/v2\/product"}],"about":[{"href":"https:\/\/www.mertkomak.com\/en\/wp-json\/wp\/v2\/types\/product"}],"wp:featuredmedia":[{"embeddable":true,"href":"https:\/\/www.mertkomak.com\/en\/wp-json\/wp\/v2\/media\/17811"}],"wp:attachment":[{"href":"https:\/\/www.mertkomak.com\/en\/wp-json\/wp\/v2\/media?parent=17142"}],"wp:term":[{"taxonomy":"pwb-brand","embeddable":true,"href":"https:\/\/www.mertkomak.com\/en\/wp-json\/wp\/v2\/pwb-brand?post=17142"},{"taxonomy":"product_brand","embeddable":true,"href":"https:\/\/www.mertkomak.com\/en\/wp-json\/wp\/v2\/product_brand?post=17142"},{"taxonomy":"product_cat","embeddable":true,"href":"https:\/\/www.mertkomak.com\/en\/wp-json\/wp\/v2\/product_cat?post=17142"},{"taxonomy":"product_tag","embeddable":true,"href":"https:\/\/www.mertkomak.com\/en\/wp-json\/wp\/v2\/product_tag?post=17142"}],"curies":[{"name":"wp","href":"https:\/\/api.w.org\/{rel}","templated":true}]}}