{"id":17147,"date":"2024-10-09T09:10:51","date_gmt":"2024-10-09T06:10:51","guid":{"rendered":"https:\/\/www.mertkomak.com\/?post_type=product&#038;p=17147"},"modified":"2025-12-17T10:24:49","modified_gmt":"2025-12-17T07:24:49","slug":"04394","status":"publish","type":"product","link":"https:\/\/www.mertkomak.com\/en\/magaza\/04394\/","title":{"rendered":"34 pcs Picanol Gammax -Gamma Dobby Weaving Machines, 2.20 mt"},"content":{"rendered":"<p><strong>34 pcs Picanol Gammax -Gamma Dobby Weaving Machines, 2.20 mt width<\/strong><\/p>\n<ul>\n<li><strong>5 pcs Picanol Gammax, 2.20 mt width, Staubli 2861 dobby, 2004 model<\/strong><\/li>\n<li><strong>29 pcs Picanol Gamma (Sumo Motor), 2.20 mt width, Staubli  2670 dobby, 2000-2001-2002-2003-2004 model<\/strong><\/li>\n<\/ul>\n<p><strong>2 pcs weft feeder, 6 pcs frames, 1 warping beam, 1 fabric beam, installed and running situation\u00a0<\/strong><strong>Installed and running situation<\/strong><\/p>","protected":false},"excerpt":{"rendered":"<p>34 pcs Picanol Gammax -Gamma Dobby Weaving Machines, 2.20 mt width<\/p>\n<ul>\n<li>5 pcs Picanol Gammax, 2.20 mt width, Staubli 2861 dobby, 2004 model<\/li>\n<li>29 pcs Picanol Gamma (Sumo Motor), 2.20 mt width, Staubli  2670 dobby, 2000-2001-2002-2003-2004 model<\/li>\n<\/ul>\n<p>2 Adet Atk\u0131 besleme, 6 Adet \u00e7er\u00e7eve, 1 \u00e7\u00f6zg\u00fc leventi, 1 kuma\u015f leventi,\u00a0kurulu ve \u00e7al\u0131\u015f\u0131r durumda.<\/p>","protected":false},"featured_media":17801,"template":"","meta":{"googlesitekit_rrm_CAown9nKDA:productID":"","_joinchat":[],"jetpack_publicize_message":"","jetpack_publicize_feature_enabled":true,"jetpack_social_post_already_shared":false,"jetpack_social_options":{"image_generator_settings":{"template":"highway","default_image_id":0,"font":"","enabled":false},"version":2}},"pwb-brand":[384],"product_brand":[],"product_cat":[378],"product_tag":[],"class_list":{"0":"post-17147","1":"product","2":"type-product","3":"status-publish","4":"has-post-thumbnail","6":"pwb-brand-picanol","7":"pwb-model-111","8":"product_cat-picanol-dokuma-makinalari","10":"first","11":"instock","12":"shipping-taxable","13":"product-type-simple"},"models":[{"id":111,"name":"2004","slug":"2004"}],"proviences":[],"jetpack_publicize_connections":[],"brands":[{"id":384,"name":"Picanol","slug":"picanol"}],"_links":{"self":[{"href":"https:\/\/www.mertkomak.com\/en\/wp-json\/wp\/v2\/product\/17147","targetHints":{"allow":["GET"]}}],"collection":[{"href":"https:\/\/www.mertkomak.com\/en\/wp-json\/wp\/v2\/product"}],"about":[{"href":"https:\/\/www.mertkomak.com\/en\/wp-json\/wp\/v2\/types\/product"}],"wp:featuredmedia":[{"embeddable":true,"href":"https:\/\/www.mertkomak.com\/en\/wp-json\/wp\/v2\/media\/17801"}],"wp:attachment":[{"href":"https:\/\/www.mertkomak.com\/en\/wp-json\/wp\/v2\/media?parent=17147"}],"wp:term":[{"taxonomy":"pwb-brand","embeddable":true,"href":"https:\/\/www.mertkomak.com\/en\/wp-json\/wp\/v2\/pwb-brand?post=17147"},{"taxonomy":"product_brand","embeddable":true,"href":"https:\/\/www.mertkomak.com\/en\/wp-json\/wp\/v2\/product_brand?post=17147"},{"taxonomy":"product_cat","embeddable":true,"href":"https:\/\/www.mertkomak.com\/en\/wp-json\/wp\/v2\/product_cat?post=17147"},{"taxonomy":"product_tag","embeddable":true,"href":"https:\/\/www.mertkomak.com\/en\/wp-json\/wp\/v2\/product_tag?post=17147"}],"curies":[{"name":"wp","href":"https:\/\/api.w.org\/{rel}","templated":true}]}}