{"id":17176,"date":"2024-10-09T09:22:04","date_gmt":"2024-10-09T06:22:04","guid":{"rendered":"https:\/\/www.mertkomak.com\/?post_type=product&#038;p=17176"},"modified":"2025-09-18T12:40:21","modified_gmt":"2025-09-18T09:40:21","slug":"04420","status":"publish","type":"product","link":"https:\/\/www.mertkomak.com\/en\/magaza\/04420\/","title":{"rendered":"\u0130plik B\u00fck\u00fcm Hatt\u0131 (5940 G\u00d6Z KAPAS\u0130TEL\u0130)"},"content":{"rendered":"<p>Yarn Twisting Line (5940 SPINDLES CAPACITY);<\/p>\n<p>--22 pcs RPR GC240N Yarn Twisting Machine, 2004, 2002, 2001, 2000 models, 10 pcs 320 spindles, 1 pc 280 spindles, 10 pcs 240 spindles, 1 pc 60 spindles,<\/p>\n<p>--2 pcs Lezzeni Yarn Winding Machines, 1 pcs 128 spindles, 2004 model, 1 pcs 116 spindles, 2000 model,<\/p>\n<p>-- 1 pc Pozzi (Italian) Yarn Steamer (Fixation) Machine, 2000 model,<\/p>\n<p>-- 1 pc Novopac (Italian) Yarn Packaging Machine, 2000 model<\/p>\n<p>-- 1 pc Erensan Steam Boiler, 2014 model, 320 kg\/hour capacity, gas heated,<\/p>\n<p>Machines are installed, working and well maintained situation.<\/p>\n<p>&nbsp;<\/p>","protected":false},"excerpt":{"rendered":"<p>\u0130plik B\u00fck\u00fcm Hatt\u0131 (5940 G\u00d6Z KAPAS\u0130TEL\u0130);\u00a0 22 adet RPR GC240N \u0130plik B\u00fck\u00fcm Makinas\u0131 2 adet Lezzeni \u0130plik Aktarma Makinas\u0131, 1 adet Pozzi (\u0130talyan) \u0130plik Fikse Kazan\u0131, 1 adet Novopac (\u0130talyan) \u0130plik Paketleme Makinas\u0131, 1 adet Erensan Buhar Kazan\u0131, makinalar kurulu, \u00e7al\u0131\u015f\u0131r ve bak\u0131ml\u0131 durumda (Daha fazla bilgi i\u00e7in Makina Detaylar\u0131na bak\u0131n\u0131z).<\/p>\n<p>&nbsp;<\/p>","protected":false},"featured_media":17629,"template":"","meta":{"googlesitekit_rrm_CAown9nKDA:productID":"","_joinchat":[],"jetpack_publicize_message":"","jetpack_publicize_feature_enabled":true,"jetpack_social_post_already_shared":false,"jetpack_social_options":{"image_generator_settings":{"template":"highway","default_image_id":0,"font":"","enabled":false},"version":2}},"pwb-brand":[871,532,1095,959,795],"product_brand":[],"product_cat":[512],"product_tag":[],"class_list":{"0":"post-17176","1":"product","2":"type-product","3":"status-publish","4":"has-post-thumbnail","6":"pwb-brand-erensan","7":"pwb-brand-lezzeni","8":"pwb-brand-novopac","9":"pwb-brand-pozzi","10":"pwb-brand-rpr","11":"pwb-model-96","12":"product_cat-iplik-bukum-makinalari","14":"first","15":"instock","16":"shipping-taxable","17":"product-type-simple"},"models":[{"id":96,"name":"2002","slug":"2002"}],"proviences":[],"jetpack_publicize_connections":[],"brands":[{"id":871,"name":"Erensan","slug":"erensan"},{"id":532,"name":"Lezzeni","slug":"lezzeni"},{"id":1095,"name":"Novopac","slug":"novopac"},{"id":959,"name":"Pozzi","slug":"pozzi"},{"id":795,"name":"RPR","slug":"rpr"}],"_links":{"self":[{"href":"https:\/\/www.mertkomak.com\/en\/wp-json\/wp\/v2\/product\/17176","targetHints":{"allow":["GET"]}}],"collection":[{"href":"https:\/\/www.mertkomak.com\/en\/wp-json\/wp\/v2\/product"}],"about":[{"href":"https:\/\/www.mertkomak.com\/en\/wp-json\/wp\/v2\/types\/product"}],"wp:featuredmedia":[{"embeddable":true,"href":"https:\/\/www.mertkomak.com\/en\/wp-json\/wp\/v2\/media\/17629"}],"wp:attachment":[{"href":"https:\/\/www.mertkomak.com\/en\/wp-json\/wp\/v2\/media?parent=17176"}],"wp:term":[{"taxonomy":"pwb-brand","embeddable":true,"href":"https:\/\/www.mertkomak.com\/en\/wp-json\/wp\/v2\/pwb-brand?post=17176"},{"taxonomy":"product_brand","embeddable":true,"href":"https:\/\/www.mertkomak.com\/en\/wp-json\/wp\/v2\/product_brand?post=17176"},{"taxonomy":"product_cat","embeddable":true,"href":"https:\/\/www.mertkomak.com\/en\/wp-json\/wp\/v2\/product_cat?post=17176"},{"taxonomy":"product_tag","embeddable":true,"href":"https:\/\/www.mertkomak.com\/en\/wp-json\/wp\/v2\/product_tag?post=17176"}],"curies":[{"name":"wp","href":"https:\/\/api.w.org\/{rel}","templated":true}]}}