{"id":17197,"date":"2024-10-09T09:29:59","date_gmt":"2024-10-09T06:29:59","guid":{"rendered":"https:\/\/www.mertkomak.com\/?post_type=product&#038;p=17197"},"modified":"2025-01-11T10:12:49","modified_gmt":"2025-01-11T07:12:49","slug":"04440","status":"publish","type":"product","link":"https:\/\/www.mertkomak.com\/en\/magaza\/04440\/","title":{"rendered":"Parex Mather Singeing Machine"},"content":{"rendered":"<p>Parex Mather Singeing Machine, 2 mt working width, 2.2 mt roller width, 2011 model, brush, dust suction, singeing unit, at the exit; batcher and plaiter, Parker inverters, Siemens PLC and touch screen, dismantled.<\/p>","protected":false},"excerpt":{"rendered":"<p>Parex Mather Gaze Makinas\u0131,\u00a0 2 mt \u00e7al\u0131\u015fma eni, 2.2 mt silindir eni, 2011 model, f\u0131r\u00e7a, toz toplama, gaze \u00fcnitesi, \u00e7\u0131k\u0131\u015fta doka sarma, sallama, Parker invert\u00f6r, Siemens PLC ve dokunmatik ekran, do\u011falgazl\u0131, demonte<\/p>","protected":false},"featured_media":17517,"template":"","meta":{"googlesitekit_rrm_CAown9nKDA:productID":"","_joinchat":[],"jetpack_publicize_message":"","jetpack_publicize_feature_enabled":true,"jetpack_social_post_already_shared":false,"jetpack_social_options":{"image_generator_settings":{"template":"highway","default_image_id":0,"font":"","enabled":false},"version":2}},"pwb-brand":[951],"product_brand":[],"product_cat":[120],"product_tag":[],"class_list":{"0":"post-17197","1":"product","2":"type-product","3":"status-publish","4":"has-post-thumbnail","6":"pwb-brand-parex-mather","7":"pwb-model-73","8":"product_cat-gaze-makinalari","10":"first","11":"instock","12":"shipping-taxable","13":"product-type-simple"},"models":[{"id":73,"name":"2011","slug":"2011"}],"proviences":[],"jetpack_publicize_connections":[],"brands":[{"id":951,"name":"Parex Mather","slug":"parex-mather"}],"_links":{"self":[{"href":"https:\/\/www.mertkomak.com\/en\/wp-json\/wp\/v2\/product\/17197","targetHints":{"allow":["GET"]}}],"collection":[{"href":"https:\/\/www.mertkomak.com\/en\/wp-json\/wp\/v2\/product"}],"about":[{"href":"https:\/\/www.mertkomak.com\/en\/wp-json\/wp\/v2\/types\/product"}],"wp:featuredmedia":[{"embeddable":true,"href":"https:\/\/www.mertkomak.com\/en\/wp-json\/wp\/v2\/media\/17517"}],"wp:attachment":[{"href":"https:\/\/www.mertkomak.com\/en\/wp-json\/wp\/v2\/media?parent=17197"}],"wp:term":[{"taxonomy":"pwb-brand","embeddable":true,"href":"https:\/\/www.mertkomak.com\/en\/wp-json\/wp\/v2\/pwb-brand?post=17197"},{"taxonomy":"product_brand","embeddable":true,"href":"https:\/\/www.mertkomak.com\/en\/wp-json\/wp\/v2\/product_brand?post=17197"},{"taxonomy":"product_cat","embeddable":true,"href":"https:\/\/www.mertkomak.com\/en\/wp-json\/wp\/v2\/product_cat?post=17197"},{"taxonomy":"product_tag","embeddable":true,"href":"https:\/\/www.mertkomak.com\/en\/wp-json\/wp\/v2\/product_tag?post=17197"}],"curies":[{"name":"wp","href":"https:\/\/api.w.org\/{rel}","templated":true}]}}