{"id":18275,"date":"2024-11-23T11:00:12","date_gmt":"2024-11-23T08:00:12","guid":{"rendered":"https:\/\/www.mertkomak.com\/?post_type=product&#038;p=18275"},"modified":"2024-11-23T11:03:34","modified_gmt":"2024-11-23T08:03:34","slug":"04519","status":"publish","type":"product","link":"https:\/\/www.mertkomak.com\/en\/magaza\/04519\/","title":{"rendered":"Schlafhorst BD 416 Openend Yarn Machine"},"content":{"rendered":"<h3>Schlafhorst BD 416 Openend \u0130plik Makinas\u0131, 416 g\u00f6z, 2008 model, 54mm rotor \u00e7ap\u0131, kurulu ve \u00e7al\u0131\u015f\u0131r durumda.<\/h3>","protected":false},"excerpt":{"rendered":"<p>Schlafhorst BD 416 Openend \u0130plik Makinas\u0131, 416 g\u00f6z, 2008 model, 54mm rotor \u00e7ap\u0131, kurulu ve \u00e7al\u0131\u015f\u0131r durumda.<\/p>","protected":false},"featured_media":18277,"template":"","meta":{"googlesitekit_rrm_CAown9nKDA:productID":"","_joinchat":[],"jetpack_publicize_message":"","jetpack_publicize_feature_enabled":true,"jetpack_social_post_already_shared":true,"jetpack_social_options":{"image_generator_settings":{"template":"highway","default_image_id":0,"font":"","enabled":false},"version":2}},"pwb-brand":[929],"product_brand":[],"product_cat":[815],"product_tag":[],"class_list":{"0":"post-18275","1":"product","2":"type-product","3":"status-publish","4":"has-post-thumbnail","6":"pwb-brand-schlafhorst","7":"pwb-model-85","8":"product_cat-open-end-iplik-makineleri","10":"first","11":"instock","12":"shipping-taxable","13":"product-type-simple"},"models":[{"id":85,"name":"2008","slug":"2008"}],"proviences":[],"jetpack_publicize_connections":[],"brands":[{"id":929,"name":"Schlafhorst","slug":"schlafhorst"}],"_links":{"self":[{"href":"https:\/\/www.mertkomak.com\/en\/wp-json\/wp\/v2\/product\/18275","targetHints":{"allow":["GET"]}}],"collection":[{"href":"https:\/\/www.mertkomak.com\/en\/wp-json\/wp\/v2\/product"}],"about":[{"href":"https:\/\/www.mertkomak.com\/en\/wp-json\/wp\/v2\/types\/product"}],"wp:featuredmedia":[{"embeddable":true,"href":"https:\/\/www.mertkomak.com\/en\/wp-json\/wp\/v2\/media\/18277"}],"wp:attachment":[{"href":"https:\/\/www.mertkomak.com\/en\/wp-json\/wp\/v2\/media?parent=18275"}],"wp:term":[{"taxonomy":"pwb-brand","embeddable":true,"href":"https:\/\/www.mertkomak.com\/en\/wp-json\/wp\/v2\/pwb-brand?post=18275"},{"taxonomy":"product_brand","embeddable":true,"href":"https:\/\/www.mertkomak.com\/en\/wp-json\/wp\/v2\/product_brand?post=18275"},{"taxonomy":"product_cat","embeddable":true,"href":"https:\/\/www.mertkomak.com\/en\/wp-json\/wp\/v2\/product_cat?post=18275"},{"taxonomy":"product_tag","embeddable":true,"href":"https:\/\/www.mertkomak.com\/en\/wp-json\/wp\/v2\/product_tag?post=18275"}],"curies":[{"name":"wp","href":"https:\/\/api.w.org\/{rel}","templated":true}]}}