{"id":18514,"date":"2024-12-04T12:44:25","date_gmt":"2024-12-04T09:44:25","guid":{"rendered":"https:\/\/www.mertkomak.com\/?post_type=product&#038;p=18514"},"modified":"2025-12-19T10:29:08","modified_gmt":"2025-12-19T07:29:08","slug":"04540","status":"publish","type":"product","link":"https:\/\/www.mertkomak.com\/en\/magaza\/04540\/","title":{"rendered":"75 Adet Dornier Haval\u0131 Arm\u00fcll\u00fc Dokuma Makinas\u0131"},"content":{"rendered":"<p>75 pcs Dornier Airjet Dobby Weaving Machine, 2.20 mt width, 38 pcs 2000 model, 37 pcs 2002 model, Staubli dobby, 10 shaft, 4 colour, 8 frames, 3 weft feeding, 5000 droppers, 5000 heald wires, installed and running situation.<\/p>","protected":false},"excerpt":{"rendered":"<p>75 pcs Dornier Airjet Dobby Weaving Machine, 2.20 mt width, 38 pcs 2000 model, 37 pcs 2002 model, Staubli dobby, 10 shaft, 4 colour, 8 frames, 3 weft feeding, 5000 droppers, 5000 heald wires, installed and running situation.<\/p>","protected":false},"featured_media":18516,"template":"","meta":{"googlesitekit_rrm_CAown9nKDA:productID":"","_joinchat":[],"jetpack_publicize_message":"","jetpack_publicize_feature_enabled":true,"jetpack_social_post_already_shared":true,"jetpack_social_options":{"image_generator_settings":{"template":"highway","default_image_id":0,"font":"","enabled":false},"version":2}},"pwb-brand":[372],"product_brand":[],"product_cat":[369],"product_tag":[],"class_list":{"0":"post-18514","1":"product","2":"type-product","3":"status-publish","4":"has-post-thumbnail","6":"pwb-brand-dornier","7":"pwb-model-94","8":"pwb-model-96","9":"product_cat-dornier-dokuma-makinalari","11":"first","12":"instock","13":"shipping-taxable","14":"product-type-simple"},"models":[{"id":94,"name":"2000","slug":"2000"},{"id":96,"name":"2002","slug":"2002"}],"proviences":[],"jetpack_publicize_connections":[],"brands":[{"id":372,"name":"Dornier","slug":"dornier"}],"_links":{"self":[{"href":"https:\/\/www.mertkomak.com\/en\/wp-json\/wp\/v2\/product\/18514","targetHints":{"allow":["GET"]}}],"collection":[{"href":"https:\/\/www.mertkomak.com\/en\/wp-json\/wp\/v2\/product"}],"about":[{"href":"https:\/\/www.mertkomak.com\/en\/wp-json\/wp\/v2\/types\/product"}],"wp:featuredmedia":[{"embeddable":true,"href":"https:\/\/www.mertkomak.com\/en\/wp-json\/wp\/v2\/media\/18516"}],"wp:attachment":[{"href":"https:\/\/www.mertkomak.com\/en\/wp-json\/wp\/v2\/media?parent=18514"}],"wp:term":[{"taxonomy":"pwb-brand","embeddable":true,"href":"https:\/\/www.mertkomak.com\/en\/wp-json\/wp\/v2\/pwb-brand?post=18514"},{"taxonomy":"product_brand","embeddable":true,"href":"https:\/\/www.mertkomak.com\/en\/wp-json\/wp\/v2\/product_brand?post=18514"},{"taxonomy":"product_cat","embeddable":true,"href":"https:\/\/www.mertkomak.com\/en\/wp-json\/wp\/v2\/product_cat?post=18514"},{"taxonomy":"product_tag","embeddable":true,"href":"https:\/\/www.mertkomak.com\/en\/wp-json\/wp\/v2\/product_tag?post=18514"}],"curies":[{"name":"wp","href":"https:\/\/api.w.org\/{rel}","templated":true}]}}