{"id":18525,"date":"2024-12-04T14:05:21","date_gmt":"2024-12-04T11:05:21","guid":{"rendered":"https:\/\/www.mertkomak.com\/?post_type=product&#038;p=18525"},"modified":"2025-10-15T12:13:07","modified_gmt":"2025-10-15T09:13:07","slug":"04542","status":"publish","type":"product","link":"https:\/\/www.mertkomak.com\/en\/magaza\/04542\/","title":{"rendered":"45 adet Dornier Rapier PTV8\/S ve HTVS8\/S Arm\u00fcll\u00fc Dokuma Makinas\u0131, 190 cm"},"content":{"rendered":"<p><strong>45 adet Dornier Rapier PTV8\/S ve HTVS8\/S Arm\u00fcll\u00fc Dokuma Makinas\u0131:<\/strong><\/p>\n<ul>\n<li><strong>\u2022\t1 pc Dornier Rapier HTVS8\/S Dobby weaving machine, 1.90 mt width, 1996 model, Staubli 2677, 24 frames<\/strong><\/li>\n<li><strong>\u2022\t1 pc Dornier Rapier PTV8\/S Dobby weaving machine, 1.90 mt width, 2002 model, Staubli 2670, 20 frames<\/strong><\/li>\n<li><strong>\u2022\t43 pcs Dornier Rapier HTVS 8\/S Dobby weaving machine, 31 pcs 1.90 mt width and 12 pcs 2.20 mt width, 1998 model, Staubli 2670, 37 pcs 16 franes and 6 pcs 20 frames<\/strong><\/li>\n<\/ul>\n<p><strong>5000 droppers, 5000 heald wires, running situation.<\/strong><\/p>","protected":false},"excerpt":{"rendered":"<p>45 adet Dornier Rapier PTV8\/S ve HTVS8\/S Arm\u00fcll\u00fc Dokuma Makinas\u0131:<\/p>\n<ul>\n<li>\u2022\t1 pc Dornier Rapier HTVS8\/S Dobby weaving machine, 1.90 mt width, 1996 model, Staubli 2677, 24 frames<\/li>\n<li>\u2022\t1 pc Dornier Rapier PTV8\/S Dobby weaving machine, 1.90 mt width, 2002 model, Staubli 2670, 20 frames<\/li>\n<li>\u2022\t43 pcs Dornier Rapier HTVS 8\/S Dobby weaving machine, 31 pcs 1.90 mt width and 12 pcs 2.20 mt width, 1998 model, Staubli 2670, 37 pcs 16 franes and 6 pcs 20 frames<\/li>\n<\/ul>\n<p>5000 droppers, 5000 heald wires, running situation.<\/p>","protected":false},"featured_media":18526,"template":"","meta":{"googlesitekit_rrm_CAown9nKDA:productID":"","_joinchat":[],"jetpack_publicize_message":"","jetpack_publicize_feature_enabled":true,"jetpack_social_post_already_shared":true,"jetpack_social_options":{"image_generator_settings":{"template":"highway","default_image_id":0,"font":"","enabled":false},"version":2}},"pwb-brand":[372],"product_brand":[],"product_cat":[369],"product_tag":[],"class_list":{"0":"post-18525","1":"product","2":"type-product","3":"status-publish","4":"has-post-thumbnail","6":"pwb-brand-dornier","7":"pwb-model-92","8":"pwb-model-115","9":"pwb-model-96","10":"product_cat-dornier-dokuma-makinalari","12":"first","13":"instock","14":"shipping-taxable","15":"product-type-simple"},"models":[{"id":92,"name":"1996","slug":"1996"},{"id":115,"name":"1998","slug":"1998"},{"id":96,"name":"2002","slug":"2002"}],"proviences":[],"jetpack_publicize_connections":[],"brands":[{"id":372,"name":"Dornier","slug":"dornier"}],"_links":{"self":[{"href":"https:\/\/www.mertkomak.com\/en\/wp-json\/wp\/v2\/product\/18525","targetHints":{"allow":["GET"]}}],"collection":[{"href":"https:\/\/www.mertkomak.com\/en\/wp-json\/wp\/v2\/product"}],"about":[{"href":"https:\/\/www.mertkomak.com\/en\/wp-json\/wp\/v2\/types\/product"}],"wp:featuredmedia":[{"embeddable":true,"href":"https:\/\/www.mertkomak.com\/en\/wp-json\/wp\/v2\/media\/18526"}],"wp:attachment":[{"href":"https:\/\/www.mertkomak.com\/en\/wp-json\/wp\/v2\/media?parent=18525"}],"wp:term":[{"taxonomy":"pwb-brand","embeddable":true,"href":"https:\/\/www.mertkomak.com\/en\/wp-json\/wp\/v2\/pwb-brand?post=18525"},{"taxonomy":"product_brand","embeddable":true,"href":"https:\/\/www.mertkomak.com\/en\/wp-json\/wp\/v2\/product_brand?post=18525"},{"taxonomy":"product_cat","embeddable":true,"href":"https:\/\/www.mertkomak.com\/en\/wp-json\/wp\/v2\/product_cat?post=18525"},{"taxonomy":"product_tag","embeddable":true,"href":"https:\/\/www.mertkomak.com\/en\/wp-json\/wp\/v2\/product_tag?post=18525"}],"curies":[{"name":"wp","href":"https:\/\/api.w.org\/{rel}","templated":true}]}}