{"id":18627,"date":"2024-12-09T15:00:45","date_gmt":"2024-12-09T12:00:45","guid":{"rendered":"https:\/\/www.mertkomak.com\/?post_type=product&#038;p=18627"},"modified":"2025-12-19T10:27:31","modified_gmt":"2025-12-19T07:27:31","slug":"04550","status":"publish","type":"product","link":"https:\/\/www.mertkomak.com\/en\/magaza\/04550\/","title":{"rendered":"56 Ader Dornier AWSE 4\/ED Haval\u0131 Eksantrikli Dokuma Makinas\u0131"},"content":{"rendered":"<h3>56 adet Dornier AWSE 4\/ED Haval\u0131 Eksantrikli Dokuma Makinas\u0131, 4.00 mt eninde, 2010 model, 6 ayak, 4 renk, 6 \u00e7er\u00e7eve, 8.000 lamel, 8.000 nire, demonte<\/h3>","protected":false},"excerpt":{"rendered":"<p>56 adet Dornier AWSE 4\/ED Haval\u0131 Eksantrikli Dokuma Makinas\u0131, 4.00 mt eninde, 2010 model, 6 ayak, 4 renk, 6 \u00e7er\u00e7eve, 8.000 lamel, 8.000 nire, demonte.<\/p>","protected":false},"featured_media":18631,"template":"","meta":{"googlesitekit_rrm_CAown9nKDA:productID":"","_joinchat":[],"jetpack_publicize_message":"","jetpack_publicize_feature_enabled":true,"jetpack_social_post_already_shared":true,"jetpack_social_options":{"image_generator_settings":{"template":"highway","default_image_id":0,"font":"","enabled":false},"version":2}},"pwb-brand":[372],"product_brand":[],"product_cat":[369],"product_tag":[],"class_list":{"0":"post-18627","1":"product","2":"type-product","3":"status-publish","4":"has-post-thumbnail","6":"pwb-brand-dornier","7":"pwb-model-76","8":"product_cat-dornier-dokuma-makinalari","10":"first","11":"instock","12":"shipping-taxable","13":"product-type-simple"},"models":[{"id":76,"name":"2010","slug":"2010"}],"proviences":[],"jetpack_publicize_connections":[],"brands":[{"id":372,"name":"Dornier","slug":"dornier"}],"_links":{"self":[{"href":"https:\/\/www.mertkomak.com\/en\/wp-json\/wp\/v2\/product\/18627","targetHints":{"allow":["GET"]}}],"collection":[{"href":"https:\/\/www.mertkomak.com\/en\/wp-json\/wp\/v2\/product"}],"about":[{"href":"https:\/\/www.mertkomak.com\/en\/wp-json\/wp\/v2\/types\/product"}],"wp:featuredmedia":[{"embeddable":true,"href":"https:\/\/www.mertkomak.com\/en\/wp-json\/wp\/v2\/media\/18631"}],"wp:attachment":[{"href":"https:\/\/www.mertkomak.com\/en\/wp-json\/wp\/v2\/media?parent=18627"}],"wp:term":[{"taxonomy":"pwb-brand","embeddable":true,"href":"https:\/\/www.mertkomak.com\/en\/wp-json\/wp\/v2\/pwb-brand?post=18627"},{"taxonomy":"product_brand","embeddable":true,"href":"https:\/\/www.mertkomak.com\/en\/wp-json\/wp\/v2\/product_brand?post=18627"},{"taxonomy":"product_cat","embeddable":true,"href":"https:\/\/www.mertkomak.com\/en\/wp-json\/wp\/v2\/product_cat?post=18627"},{"taxonomy":"product_tag","embeddable":true,"href":"https:\/\/www.mertkomak.com\/en\/wp-json\/wp\/v2\/product_tag?post=18627"}],"curies":[{"name":"wp","href":"https:\/\/api.w.org\/{rel}","templated":true}]}}