{"id":18673,"date":"2024-12-11T14:37:43","date_gmt":"2024-12-11T11:37:43","guid":{"rendered":"https:\/\/www.mertkomak.com\/?post_type=product&#038;p=18673"},"modified":"2025-01-22T12:05:01","modified_gmt":"2025-01-22T09:05:01","slug":"04556","status":"publish","type":"product","link":"https:\/\/www.mertkomak.com\/en\/magaza\/04556\/","title":{"rendered":"Picanol Gammax Arm\u00fcll\u00fc Dokuma Makinas\u0131"},"content":{"rendered":"<p>9 pcs Picanol Gammax Dobby Weaving Machines, 2.20 mt width, 2003 model, Satubli 2670 dobby, 5 pcs 18 shatfts, 4 pcs 16 shaft, 6 frames, 4 weft feeding, 1 warp beam, 1 fabric beam, 3.600 heald wires and 3.600 droppers, installed and running situation<\/p>","protected":false},"excerpt":{"rendered":"<p>9 pcs Picanol Gammax Dobby Weaving Machines, 2.20 mt width, 2003 model, Satubli 2670 dobby, 5 pcs 18 shatfts, 4 pcs 16 shaft, 6 frames, 4 weft feeding, 1 warp beam, 1 fabric beam, 3.600 heald wires and 3.600 droppers, installed and running situation<\/p>","protected":false},"featured_media":18676,"template":"","meta":{"googlesitekit_rrm_CAown9nKDA:productID":"","_joinchat":[],"jetpack_publicize_message":"","jetpack_publicize_feature_enabled":true,"jetpack_social_post_already_shared":true,"jetpack_social_options":{"image_generator_settings":{"template":"highway","default_image_id":0,"font":"","enabled":false},"version":2}},"pwb-brand":[384],"product_brand":[],"product_cat":[378],"product_tag":[],"class_list":{"0":"post-18673","1":"product","2":"type-product","3":"status-publish","4":"has-post-thumbnail","6":"pwb-brand-picanol","7":"pwb-model-99","8":"product_cat-picanol-dokuma-makinalari","10":"first","11":"instock","12":"shipping-taxable","13":"product-type-simple"},"models":[{"id":99,"name":"2003","slug":"2003"}],"proviences":[],"jetpack_publicize_connections":[],"brands":[{"id":384,"name":"Picanol","slug":"picanol"}],"_links":{"self":[{"href":"https:\/\/www.mertkomak.com\/en\/wp-json\/wp\/v2\/product\/18673","targetHints":{"allow":["GET"]}}],"collection":[{"href":"https:\/\/www.mertkomak.com\/en\/wp-json\/wp\/v2\/product"}],"about":[{"href":"https:\/\/www.mertkomak.com\/en\/wp-json\/wp\/v2\/types\/product"}],"wp:featuredmedia":[{"embeddable":true,"href":"https:\/\/www.mertkomak.com\/en\/wp-json\/wp\/v2\/media\/18676"}],"wp:attachment":[{"href":"https:\/\/www.mertkomak.com\/en\/wp-json\/wp\/v2\/media?parent=18673"}],"wp:term":[{"taxonomy":"pwb-brand","embeddable":true,"href":"https:\/\/www.mertkomak.com\/en\/wp-json\/wp\/v2\/pwb-brand?post=18673"},{"taxonomy":"product_brand","embeddable":true,"href":"https:\/\/www.mertkomak.com\/en\/wp-json\/wp\/v2\/product_brand?post=18673"},{"taxonomy":"product_cat","embeddable":true,"href":"https:\/\/www.mertkomak.com\/en\/wp-json\/wp\/v2\/product_cat?post=18673"},{"taxonomy":"product_tag","embeddable":true,"href":"https:\/\/www.mertkomak.com\/en\/wp-json\/wp\/v2\/product_tag?post=18673"}],"curies":[{"name":"wp","href":"https:\/\/api.w.org\/{rel}","templated":true}]}}