{"id":18827,"date":"2024-12-20T10:39:07","date_gmt":"2024-12-20T07:39:07","guid":{"rendered":"https:\/\/www.mertkomak.com\/?post_type=product&#038;p=18827"},"modified":"2024-12-20T10:39:07","modified_gmt":"2024-12-20T07:39:07","slug":"04571","status":"publish","type":"product","link":"https:\/\/www.mertkomak.com\/en\/magaza\/04571\/","title":{"rendered":"Taitan Marka \u0130plik B\u00fck\u00fcm ve Aktarma Makinas\u0131"},"content":{"rendered":"<p>18 pcs Taitan Brand Yarn Twisting Machine, 2013 model, 256 spindles (total 4.608 spindles), 3 pcs Taitan Marka Winding Machine, 2013 model, 96 spindles (total 288 spindles),  installed and running situation<\/p>","protected":false},"excerpt":{"rendered":"<p>18 pcs Taitan Brand Yarn Twisting Machine, 2013 model, 256 spindles (total 4.608 spindles), 3 pcs Taitan Marka Winding Machine, 2013 model, 96 spindles (total 288 spindles),  installed and running situation<\/p>","protected":false},"featured_media":18830,"template":"","meta":{"googlesitekit_rrm_CAown9nKDA:productID":"","_joinchat":[],"jetpack_publicize_message":"","jetpack_publicize_feature_enabled":true,"jetpack_social_post_already_shared":true,"jetpack_social_options":{"image_generator_settings":{"template":"highway","default_image_id":0,"font":"","enabled":false},"version":2}},"pwb-brand":[918],"product_brand":[],"product_cat":[490,512],"product_tag":[],"class_list":{"0":"post-18827","1":"product","2":"type-product","3":"status-publish","4":"has-post-thumbnail","6":"pwb-brand-taitan","7":"pwb-model-89","8":"product_cat-iplik-aktarma-makinalari","9":"product_cat-iplik-bukum-makinalari","11":"first","12":"instock","13":"shipping-taxable","14":"product-type-simple"},"models":[{"id":89,"name":"2013","slug":"2013"}],"proviences":[],"jetpack_publicize_connections":[],"brands":[{"id":918,"name":"Taitan","slug":"taitan"}],"_links":{"self":[{"href":"https:\/\/www.mertkomak.com\/en\/wp-json\/wp\/v2\/product\/18827","targetHints":{"allow":["GET"]}}],"collection":[{"href":"https:\/\/www.mertkomak.com\/en\/wp-json\/wp\/v2\/product"}],"about":[{"href":"https:\/\/www.mertkomak.com\/en\/wp-json\/wp\/v2\/types\/product"}],"wp:featuredmedia":[{"embeddable":true,"href":"https:\/\/www.mertkomak.com\/en\/wp-json\/wp\/v2\/media\/18830"}],"wp:attachment":[{"href":"https:\/\/www.mertkomak.com\/en\/wp-json\/wp\/v2\/media?parent=18827"}],"wp:term":[{"taxonomy":"pwb-brand","embeddable":true,"href":"https:\/\/www.mertkomak.com\/en\/wp-json\/wp\/v2\/pwb-brand?post=18827"},{"taxonomy":"product_brand","embeddable":true,"href":"https:\/\/www.mertkomak.com\/en\/wp-json\/wp\/v2\/product_brand?post=18827"},{"taxonomy":"product_cat","embeddable":true,"href":"https:\/\/www.mertkomak.com\/en\/wp-json\/wp\/v2\/product_cat?post=18827"},{"taxonomy":"product_tag","embeddable":true,"href":"https:\/\/www.mertkomak.com\/en\/wp-json\/wp\/v2\/product_tag?post=18827"}],"curies":[{"name":"wp","href":"https:\/\/api.w.org\/{rel}","templated":true}]}}