{"id":18868,"date":"2024-12-24T11:54:32","date_gmt":"2024-12-24T08:54:32","guid":{"rendered":"https:\/\/www.mertkomak.com\/?post_type=product&#038;p=18868"},"modified":"2024-12-24T11:55:45","modified_gmt":"2024-12-24T08:55:45","slug":"04577","status":"publish","type":"product","link":"https:\/\/www.mertkomak.com\/en\/magaza\/04577\/","title":{"rendered":"Lafer T\u00fcrk \u015eardon Makinas\u0131"},"content":{"rendered":"<p>Lafer Turk Raising Machine, 1.80 mt, 1999 model, Single drum, 24 rasing rollers,  installed and running situation<\/p>","protected":false},"excerpt":{"rendered":"<p>Lafer Turk Raising Machine, 1.80 mt, 1999 model, Single drum, 24 rasing rollers,  installed and running situation<\/p>","protected":false},"featured_media":18869,"template":"","meta":{"googlesitekit_rrm_CAown9nKDA:productID":"","_joinchat":[],"jetpack_publicize_message":"","jetpack_publicize_feature_enabled":true,"jetpack_social_post_already_shared":true,"jetpack_social_options":{"image_generator_settings":{"template":"highway","default_image_id":0,"font":"","enabled":false},"version":2}},"pwb-brand":[296],"product_brand":[],"product_cat":[342],"product_tag":[],"class_list":{"0":"post-18868","1":"product","2":"type-product","3":"status-publish","4":"has-post-thumbnail","6":"pwb-brand-lafer","7":"pwb-model-108","8":"product_cat-sardon-makinalari","10":"first","11":"instock","12":"shipping-taxable","13":"product-type-simple"},"models":[{"id":108,"name":"1999","slug":"1999"}],"proviences":[],"jetpack_publicize_connections":[],"brands":[{"id":296,"name":"Lafer","slug":"lafer"}],"_links":{"self":[{"href":"https:\/\/www.mertkomak.com\/en\/wp-json\/wp\/v2\/product\/18868","targetHints":{"allow":["GET"]}}],"collection":[{"href":"https:\/\/www.mertkomak.com\/en\/wp-json\/wp\/v2\/product"}],"about":[{"href":"https:\/\/www.mertkomak.com\/en\/wp-json\/wp\/v2\/types\/product"}],"wp:featuredmedia":[{"embeddable":true,"href":"https:\/\/www.mertkomak.com\/en\/wp-json\/wp\/v2\/media\/18869"}],"wp:attachment":[{"href":"https:\/\/www.mertkomak.com\/en\/wp-json\/wp\/v2\/media?parent=18868"}],"wp:term":[{"taxonomy":"pwb-brand","embeddable":true,"href":"https:\/\/www.mertkomak.com\/en\/wp-json\/wp\/v2\/pwb-brand?post=18868"},{"taxonomy":"product_brand","embeddable":true,"href":"https:\/\/www.mertkomak.com\/en\/wp-json\/wp\/v2\/product_brand?post=18868"},{"taxonomy":"product_cat","embeddable":true,"href":"https:\/\/www.mertkomak.com\/en\/wp-json\/wp\/v2\/product_cat?post=18868"},{"taxonomy":"product_tag","embeddable":true,"href":"https:\/\/www.mertkomak.com\/en\/wp-json\/wp\/v2\/product_tag?post=18868"}],"curies":[{"name":"wp","href":"https:\/\/api.w.org\/{rel}","templated":true}]}}