{"id":19437,"date":"2025-03-04T11:59:38","date_gmt":"2025-03-04T08:59:38","guid":{"rendered":"https:\/\/www.mertkomak.com\/?post_type=product&#038;p=19437"},"modified":"2025-03-17T13:21:59","modified_gmt":"2025-03-17T10:21:59","slug":"04638","status":"publish","type":"product","link":"https:\/\/www.mertkomak.com\/en\/magaza\/04638\/","title":{"rendered":"3.20 mt 2021 Model Gelinlik Sim Bask\u0131 Hatt\u0131"},"content":{"rendered":"<p><strong>Komple sat\u0131l\u0131k Biamak Marka Gelinlik Sim Bask\u0131 Hatt\u0131 , 320 cm \u00e7al\u0131\u015fma eni, 2021 model, hat a\u015fa\u011f\u0131daki par\u00e7alardan olu\u015fmaktad\u0131r: <\/strong><\/p>\n<p><strong>Biamak marka tek kafa rotasyon bask\u0131 makinas\u0131 320 cm eninde, <\/strong><\/p>\n<p><strong>2 adet pompa, <\/strong><\/p>\n<p><strong>2 adet sim atma 320 cm, <\/strong><\/p>\n<p><strong>kurutma f\u0131r\u0131n\u0131 320 cm, <\/strong><\/p>\n<p><strong>320 cm f\u0131r\u00e7a, <\/strong><\/p>\n<p><strong>1 adet mikser, <\/strong><\/p>\n<p><strong>1 adet \u015fablon y\u0131kama, <\/strong><\/p>\n<p><strong>Installed and running situation<\/strong><\/p>","protected":false},"excerpt":{"rendered":"<p>Komple sat\u0131l\u0131k Biamak Marka Gelinlik Sim Bask\u0131 Hatt\u0131 , 320 cm \u00e7al\u0131\u015fma eni, 2021 model, hat a\u015fa\u011f\u0131daki par\u00e7alardan olu\u015fmaktad\u0131r:<\/p>\n<p>Biamak marka tek kafa rotasyon bask\u0131 makinas\u0131 320 cm eninde,<\/p>\n<p>2 adet pompa,<\/p>\n<p>2 adet sim atma 320 cm,<\/p>\n<p>kurutma f\u0131r\u0131n\u0131 320 cm,<\/p>\n<p>320 cm f\u0131r\u00e7a,<\/p>\n<p>1 adet mikser,<\/p>\n<p>1 adet \u015fablon y\u0131kama,<\/p>\n<p>Installed and running situation<\/p>","protected":false},"featured_media":19438,"template":"","meta":{"googlesitekit_rrm_CAown9nKDA:productID":"","_joinchat":[],"jetpack_publicize_message":"","jetpack_publicize_feature_enabled":true,"jetpack_social_post_already_shared":false,"jetpack_social_options":{"image_generator_settings":{"template":"highway","default_image_id":0,"font":"","enabled":false},"version":2}},"pwb-brand":[992],"product_brand":[],"product_cat":[200],"product_tag":[],"class_list":{"0":"post-19437","1":"product","2":"type-product","3":"status-publish","4":"has-post-thumbnail","6":"pwb-brand-biamak","7":"pwb-model-180","8":"product_cat-rotasyon-baski-makinalari","10":"first","11":"instock","12":"shipping-taxable","13":"product-type-simple"},"models":[{"id":180,"name":"2021","slug":"2021"}],"proviences":[],"jetpack_publicize_connections":[],"brands":[{"id":992,"name":"Biamak","slug":"biamak"}],"_links":{"self":[{"href":"https:\/\/www.mertkomak.com\/en\/wp-json\/wp\/v2\/product\/19437","targetHints":{"allow":["GET"]}}],"collection":[{"href":"https:\/\/www.mertkomak.com\/en\/wp-json\/wp\/v2\/product"}],"about":[{"href":"https:\/\/www.mertkomak.com\/en\/wp-json\/wp\/v2\/types\/product"}],"wp:featuredmedia":[{"embeddable":true,"href":"https:\/\/www.mertkomak.com\/en\/wp-json\/wp\/v2\/media\/19438"}],"wp:attachment":[{"href":"https:\/\/www.mertkomak.com\/en\/wp-json\/wp\/v2\/media?parent=19437"}],"wp:term":[{"taxonomy":"pwb-brand","embeddable":true,"href":"https:\/\/www.mertkomak.com\/en\/wp-json\/wp\/v2\/pwb-brand?post=19437"},{"taxonomy":"product_brand","embeddable":true,"href":"https:\/\/www.mertkomak.com\/en\/wp-json\/wp\/v2\/product_brand?post=19437"},{"taxonomy":"product_cat","embeddable":true,"href":"https:\/\/www.mertkomak.com\/en\/wp-json\/wp\/v2\/product_cat?post=19437"},{"taxonomy":"product_tag","embeddable":true,"href":"https:\/\/www.mertkomak.com\/en\/wp-json\/wp\/v2\/product_tag?post=19437"}],"curies":[{"name":"wp","href":"https:\/\/api.w.org\/{rel}","templated":true}]}}