{"id":19549,"date":"2025-03-10T13:32:51","date_gmt":"2025-03-10T10:32:51","guid":{"rendered":"https:\/\/www.mertkomak.com\/?post_type=product&#038;p=19549"},"modified":"2025-03-10T13:32:52","modified_gmt":"2025-03-10T10:32:52","slug":"komple-varak-baski-laminasyon-ve-transfer-baski-tesisi","status":"publish","type":"product","link":"https:\/\/www.mertkomak.com\/en\/magaza\/komple-varak-baski-laminasyon-ve-transfer-baski-tesisi\/","title":{"rendered":"Komple Varak Bask\u0131 &#8211; Laminasyon ve Transfer Bask\u0131 Tesisi"},"content":{"rendered":"<table style=\"height: 1354px;\" width=\"532\">\n<tbody>\n<tr>\n<td width=\"22\"><\/td>\n<td style=\"text-align: center;\" width=\"227\"><strong>MAK\u0130NE &#8211; \u00d6ZELL\u0130K<\/strong><\/td>\n<td style=\"text-align: center;\" width=\"73\"><strong>MARKA<\/strong><\/td>\n<td style=\"text-align: center;\" width=\"39\"><strong>TYPE<\/strong><\/td>\n<td style=\"text-align: center;\" width=\"53\"><strong>MAK GEN\u0130\u015eL\u0130\u011e\u0130<\/strong><\/td>\n<td style=\"text-align: center;\" width=\"63\"><strong>\u00c7ALI\u015eMA GEN\u0130\u015eL\u0130\u011e\u0130<\/strong><\/td>\n<\/tr>\n<tr>\n<td>1<\/td>\n<td>METRAJ VARAK MAK\u0130NES\u0130<\/td>\n<td>E STAR<\/td>\n<td>2012<\/td>\n<td>160-165<\/td>\n<td>160<\/td>\n<\/tr>\n<tr>\n<td>2<\/td>\n<td>KA\u011eIT TRANSFER BASKI MAK\u0130NES\u0130<\/td>\n<td>TURAL MAK\u0130NE<\/td>\n<td>2012<\/td>\n<td><\/td>\n<td>175<\/td>\n<\/tr>\n<tr>\n<td>3<\/td>\n<td>KA\u011eIT TRANSFER NUMUNE BASKI MAK\u0130NES\u0130<\/td>\n<td><\/td>\n<td><\/td>\n<td><\/td>\n<td>40X40<\/td>\n<\/tr>\n<tr>\n<td>4<\/td>\n<td>CALENDER<\/td>\n<td>TURAL MAK\u0130NE<\/td>\n<td>2009<\/td>\n<td>180 CM<\/td>\n<td>175 CM<\/td>\n<\/tr>\n<tr>\n<td>5<\/td>\n<td>HOTMELT KUMA\u015e LAM\u0130NASYON MAK\u0130NES\u0130<\/td>\n<td>UZAK DO\u011eU<\/td>\n<td>2017<\/td>\n<td>180 CM<\/td>\n<td>170 CM<\/td>\n<\/tr>\n<tr>\n<td>6<\/td>\n<td>HOTMELT ER\u0130T\u0130C\u0130<\/td>\n<td>UZAK DO\u011eU<\/td>\n<td>2017<\/td>\n<td>0<\/td>\n<td><\/td>\n<\/tr>\n<tr>\n<td>7<\/td>\n<td>DOKUMA ve \u00d6RME KUMA\u015e D\u0130J\u0130TAL METRAJ MAK.<\/td>\n<td>MERSAN<\/td>\n<td>2012<\/td>\n<td>**<\/td>\n<td>**<\/td>\n<\/tr>\n<tr>\n<td>8<\/td>\n<td>K\u0130MYASAL TARTI VE KARI\u015eTIRICI<\/td>\n<td><\/td>\n<td><\/td>\n<td>**<\/td>\n<td>**<\/td>\n<\/tr>\n<tr>\n<td>9<\/td>\n<td>2 ADET TOPBA\u015eI D\u0130K\u0130\u015e MAK\u0130NES\u0130<\/td>\n<td><\/td>\n<td><\/td>\n<td>**<\/td>\n<td>**<\/td>\n<\/tr>\n<tr>\n<td>10<\/td>\n<td>250 ADET DESEN S\u0130L\u0130ND\u0130R\u0130 VE STOKLAMA YER\u0130<\/td>\n<td><\/td>\n<td><\/td>\n<td>160-165<\/td>\n<td>150-152<\/td>\n<\/tr>\n<tr>\n<td>11<\/td>\n<td>1 B\u00dcY\u00dcK 1 K\u00dc\u00c7\u00dcK KOMPRES\u00d6R<\/td>\n<td><\/td>\n<td><\/td>\n<td><\/td>\n<td><\/td>\n<\/tr>\n<tr>\n<td>12<\/td>\n<td>ELEKTR\u0130K PANOLARI<\/td>\n<td><\/td>\n<td><\/td>\n<td><\/td>\n<td><\/td>\n<\/tr>\n<tr>\n<td>13<\/td>\n<td>Y\u00dcKLEME V\u0130NC\u0130<\/td>\n<td><\/td>\n<td><\/td>\n<td><\/td>\n<td><\/td>\n<\/tr>\n<tr>\n<td>14<\/td>\n<td>K\u0130MYASAL ODASI<\/td>\n<td><\/td>\n<td><\/td>\n<td><\/td>\n<td><\/td>\n<\/tr>\n<tr>\n<td>15<\/td>\n<td>ATIK K\u0130MYASAL ODASI<\/td>\n<td><\/td>\n<td><\/td>\n<td><\/td>\n<td><\/td>\n<\/tr>\n<tr>\n<td>16<\/td>\n<td>1 TOPLANTI ODASI<\/td>\n<td><\/td>\n<td><\/td>\n<td><\/td>\n<td><\/td>\n<\/tr>\n<tr>\n<td>17<\/td>\n<td>1 SHOWROOM<\/td>\n<td><\/td>\n<td><\/td>\n<td><\/td>\n<td><\/td>\n<\/tr>\n<tr>\n<td>18<\/td>\n<td>1 MUHASEBE ODASI<\/td>\n<td><\/td>\n<td><\/td>\n<td><\/td>\n<td><\/td>\n<\/tr>\n<tr>\n<td>19<\/td>\n<td>KARTELA ODASI<\/td>\n<td><\/td>\n<td><\/td>\n<td><\/td>\n<td><\/td>\n<\/tr>\n<tr>\n<td>20<\/td>\n<td>MUTFAK<\/td>\n<td><\/td>\n<td><\/td>\n<td><\/td>\n<td><\/td>\n<\/tr>\n<tr>\n<td>21<\/td>\n<td>1 \u0130\u015eVEREN ODASI<\/td>\n<td><\/td>\n<td><\/td>\n<td><\/td>\n<td><\/td>\n<\/tr>\n<tr>\n<td>22<\/td>\n<td>SOYUNMA ODASI<\/td>\n<td><\/td>\n<td><\/td>\n<td><\/td>\n<td><\/td>\n<\/tr>\n<tr>\n<td>23<\/td>\n<td>PERSONEL WC+BANYO<\/td>\n<td><\/td>\n<td><\/td>\n<td><\/td>\n<td><\/td>\n<\/tr>\n<tr>\n<td>24<\/td>\n<td>M\u0130SAF\u0130R WC<\/td>\n<td><\/td>\n<td><\/td>\n<td><\/td>\n<td><\/td>\n<\/tr>\n<tr>\n<td>25<\/td>\n<td>VARAK KA\u011eITLARI (STOK)<\/td>\n<td><\/td>\n<td><\/td>\n<td><\/td>\n<td><\/td>\n<\/tr>\n<tr>\n<td>26<\/td>\n<td>TRANSFER KA\u011eITLARI (STOK)<\/td>\n<td><\/td>\n<td><\/td>\n<td><\/td>\n<td><\/td>\n<\/tr>\n<tr>\n<td>27<\/td>\n<td>K\u0130MYASALLAR (STOK)<\/td>\n<td><\/td>\n<td><\/td>\n<td><\/td>\n<td><\/td>\n<\/tr>\n<tr>\n<td>28<\/td>\n<td>ARA\u00c7LAR 3 ADET<\/td>\n<td><\/td>\n<td><\/td>\n<td><\/td>\n<td><\/td>\n<\/tr>\n<\/tbody>\n<\/table>","protected":false},"excerpt":{"rendered":"<table style=\"height: 1354px;\" width=\"532\">\n<tbody>\n<tr>\n<td width=\"22\"><\/td>\n<td style=\"text-align: center;\" width=\"227\"><strong>MAK\u0130NE &#8211; \u00d6ZELL\u0130K<\/strong><\/td>\n<td style=\"text-align: center;\" width=\"73\"><strong>MARKA<\/strong><\/td>\n<td style=\"text-align: center;\" width=\"39\"><strong>TYPE<\/strong><\/td>\n<td style=\"text-align: center;\" width=\"53\"><strong>MAK GEN\u0130\u015eL\u0130\u011e\u0130<\/strong><\/td>\n<td style=\"text-align: center;\" width=\"63\"><strong>\u00c7ALI\u015eMA GEN\u0130\u015eL\u0130\u011e\u0130<\/strong><\/td>\n<\/tr>\n<tr>\n<td>1<\/td>\n<td>METRAJ VARAK MAK\u0130NES\u0130<\/td>\n<td>E STAR<\/td>\n<td>2012<\/td>\n<td>160-165<\/td>\n<td>160<\/td>\n<\/tr>\n<tr>\n<td>2<\/td>\n<td>KA\u011eIT TRANSFER BASKI MAK\u0130NES\u0130<\/td>\n<td>TURAL MAK\u0130NE<\/td>\n<td>2012<\/td>\n<td><\/td>\n<td>175<\/td>\n<\/tr>\n<tr>\n<td>3<\/td>\n<td>KA\u011eIT TRANSFER NUMUNE BASKI MAK\u0130NES\u0130<\/td>\n<td><\/td>\n<td><\/td>\n<td><\/td>\n<td>40X40<\/td>\n<\/tr>\n<tr>\n<td>4<\/td>\n<td>CALENDER<\/td>\n<td>TURAL MAK\u0130NE<\/td>\n<td>2009<\/td>\n<td>180 CM<\/td>\n<td>175 CM<\/td>\n<\/tr>\n<tr>\n<td>5<\/td>\n<td>HOTMELT KUMA\u015e LAM\u0130NASYON MAK\u0130NES\u0130<\/td>\n<td>UZAK DO\u011eU<\/td>\n<td>2017<\/td>\n<td>180 CM<\/td>\n<td>170 CM<\/td>\n<\/tr>\n<tr>\n<td>6<\/td>\n<td>HOTMELT ER\u0130T\u0130C\u0130<\/td>\n<td>UZAK DO\u011eU<\/td>\n<td>2017<\/td>\n<td>0<\/td>\n<td><\/td>\n<\/tr>\n<tr>\n<td>7<\/td>\n<td>DOKUMA ve \u00d6RME KUMA\u015e D\u0130J\u0130TAL METRAJ MAK.<\/td>\n<td>MERSAN<\/td>\n<td>2012<\/td>\n<td>**<\/td>\n<td>**<\/td>\n<\/tr>\n<tr>\n<td>8<\/td>\n<td>K\u0130MYASAL TARTI VE KARI\u015eTIRICI<\/td>\n<td><\/td>\n<td><\/td>\n<td>**<\/td>\n<td>**<\/td>\n<\/tr>\n<tr>\n<td>9<\/td>\n<td>2 ADET TOPBA\u015eI D\u0130K\u0130\u015e MAK\u0130NES\u0130<\/td>\n<td><\/td>\n<td><\/td>\n<td>**<\/td>\n<td>**<\/td>\n<\/tr>\n<tr>\n<td>10<\/td>\n<td>250 ADET DESEN S\u0130L\u0130ND\u0130R\u0130 VE STOKLAMA YER\u0130<\/td>\n<td><\/td>\n<td><\/td>\n<td>160-165<\/td>\n<td>150-152<\/td>\n<\/tr>\n<tr>\n<td>11<\/td>\n<td>1 B\u00dcY\u00dcK 1 K\u00dc\u00c7\u00dcK KOMPRES\u00d6R<\/td>\n<td><\/td>\n<td><\/td>\n<td><\/td>\n<td><\/td>\n<\/tr>\n<tr>\n<td>12<\/td>\n<td>ELEKTR\u0130K PANOLARI<\/td>\n<td><\/td>\n<td><\/td>\n<td><\/td>\n<td><\/td>\n<\/tr>\n<tr>\n<td>13<\/td>\n<td>Y\u00dcKLEME V\u0130NC\u0130<\/td>\n<td><\/td>\n<td><\/td>\n<td><\/td>\n<td><\/td>\n<\/tr>\n<tr>\n<td>14<\/td>\n<td>K\u0130MYASAL ODASI<\/td>\n<td><\/td>\n<td><\/td>\n<td><\/td>\n<td><\/td>\n<\/tr>\n<tr>\n<td>15<\/td>\n<td>ATIK K\u0130MYASAL ODASI<\/td>\n<td><\/td>\n<td><\/td>\n<td><\/td>\n<td><\/td>\n<\/tr>\n<tr>\n<td>16<\/td>\n<td>1 TOPLANTI ODASI<\/td>\n<td><\/td>\n<td><\/td>\n<td><\/td>\n<td><\/td>\n<\/tr>\n<tr>\n<td>17<\/td>\n<td>1 SHOWROOM<\/td>\n<td><\/td>\n<td><\/td>\n<td><\/td>\n<td><\/td>\n<\/tr>\n<tr>\n<td>18<\/td>\n<td>1 MUHASEBE ODASI<\/td>\n<td><\/td>\n<td><\/td>\n<td><\/td>\n<td><\/td>\n<\/tr>\n<tr>\n<td>19<\/td>\n<td>KARTELA ODASI<\/td>\n<td><\/td>\n<td><\/td>\n<td><\/td>\n<td><\/td>\n<\/tr>\n<tr>\n<td>20<\/td>\n<td>MUTFAK<\/td>\n<td><\/td>\n<td><\/td>\n<td><\/td>\n<td><\/td>\n<\/tr>\n<tr>\n<td>21<\/td>\n<td>1 \u0130\u015eVEREN ODASI<\/td>\n<td><\/td>\n<td><\/td>\n<td><\/td>\n<td><\/td>\n<\/tr>\n<tr>\n<td>22<\/td>\n<td>SOYUNMA ODASI<\/td>\n<td><\/td>\n<td><\/td>\n<td><\/td>\n<td><\/td>\n<\/tr>\n<tr>\n<td>23<\/td>\n<td>PERSONEL WC+BANYO<\/td>\n<td><\/td>\n<td><\/td>\n<td><\/td>\n<td><\/td>\n<\/tr>\n<tr>\n<td>24<\/td>\n<td>M\u0130SAF\u0130R WC<\/td>\n<td><\/td>\n<td><\/td>\n<td><\/td>\n<td><\/td>\n<\/tr>\n<tr>\n<td>25<\/td>\n<td>VARAK KA\u011eITLARI (STOK)<\/td>\n<td><\/td>\n<td><\/td>\n<td><\/td>\n<td><\/td>\n<\/tr>\n<tr>\n<td>26<\/td>\n<td>TRANSFER KA\u011eITLARI (STOK)<\/td>\n<td><\/td>\n<td><\/td>\n<td><\/td>\n<td><\/td>\n<\/tr>\n<tr>\n<td>27<\/td>\n<td>K\u0130MYASALLAR (STOK)<\/td>\n<td><\/td>\n<td><\/td>\n<td><\/td>\n<td><\/td>\n<\/tr>\n<tr>\n<td>28<\/td>\n<td>ARA\u00c7LAR 3 ADET<\/td>\n<td><\/td>\n<td><\/td>\n<td><\/td>\n<td><\/td>\n<\/tr>\n<\/tbody>\n<\/table>","protected":false},"featured_media":19554,"template":"","meta":{"googlesitekit_rrm_CAown9nKDA:productID":"","_joinchat":[],"jetpack_publicize_message":"","jetpack_publicize_feature_enabled":true,"jetpack_social_post_already_shared":false,"jetpack_social_options":{"image_generator_settings":{"template":"highway","default_image_id":0,"font":"","enabled":false},"version":2}},"pwb-brand":[1005,1003,972,775],"product_brand":[],"product_cat":[1004],"product_tag":[],"class_list":{"0":"post-19549","1":"product","2":"type-product","3":"status-publish","4":"has-post-thumbnail","6":"pwb-brand-e-star","7":"pwb-brand-komple-tesis","8":"pwb-brand-mersan","9":"pwb-brand-tural-makine","10":"pwb-model-88","11":"pwb-model-103","12":"product_cat-kumas-varak-baski-makinalari","14":"first","15":"instock","16":"shipping-taxable","17":"product-type-simple"},"models":[{"id":88,"name":"2012","slug":"2012"},{"id":103,"name":"2017","slug":"2017"}],"proviences":[],"jetpack_publicize_connections":[],"brands":[{"id":1005,"name":"E Star","slug":"e-star"},{"id":1003,"name":"komple Tesis","slug":"komple-tesis"},{"id":972,"name":"Mersan","slug":"mersan"},{"id":775,"name":"Tural Makine","slug":"tural-makine"}],"_links":{"self":[{"href":"https:\/\/www.mertkomak.com\/en\/wp-json\/wp\/v2\/product\/19549","targetHints":{"allow":["GET"]}}],"collection":[{"href":"https:\/\/www.mertkomak.com\/en\/wp-json\/wp\/v2\/product"}],"about":[{"href":"https:\/\/www.mertkomak.com\/en\/wp-json\/wp\/v2\/types\/product"}],"wp:featuredmedia":[{"embeddable":true,"href":"https:\/\/www.mertkomak.com\/en\/wp-json\/wp\/v2\/media\/19554"}],"wp:attachment":[{"href":"https:\/\/www.mertkomak.com\/en\/wp-json\/wp\/v2\/media?parent=19549"}],"wp:term":[{"taxonomy":"pwb-brand","embeddable":true,"href":"https:\/\/www.mertkomak.com\/en\/wp-json\/wp\/v2\/pwb-brand?post=19549"},{"taxonomy":"product_brand","embeddable":true,"href":"https:\/\/www.mertkomak.com\/en\/wp-json\/wp\/v2\/product_brand?post=19549"},{"taxonomy":"product_cat","embeddable":true,"href":"https:\/\/www.mertkomak.com\/en\/wp-json\/wp\/v2\/product_cat?post=19549"},{"taxonomy":"product_tag","embeddable":true,"href":"https:\/\/www.mertkomak.com\/en\/wp-json\/wp\/v2\/product_tag?post=19549"}],"curies":[{"name":"wp","href":"https:\/\/api.w.org\/{rel}","templated":true}]}}