{"id":19706,"date":"2025-03-21T15:57:20","date_gmt":"2025-03-21T12:57:20","guid":{"rendered":"https:\/\/www.mertkomak.com\/?post_type=product&#038;p=19706"},"modified":"2025-03-21T15:57:20","modified_gmt":"2025-03-21T12:57:20","slug":"saurer-pitstop-brode-mekik-otomatik-doldurma-bosaltma-ve-ayar-robotu","status":"publish","type":"product","link":"https:\/\/www.mertkomak.com\/en\/magaza\/saurer-pitstop-brode-mekik-otomatik-doldurma-bosaltma-ve-ayar-robotu\/","title":{"rendered":"Saurer Pitstop brode mekik otomatik doldurma, bo\u015faltma ve ayar robotu"},"content":{"rendered":"<p>Saurer Pitstop brode mekik otomatik doldurma, bo\u015faltma ve ayar robotu , 2010 model ,\u00a0 kurulu ve \u00e7al\u0131\u015f\u0131r durumda .<\/p>","protected":false},"excerpt":{"rendered":"<p>Saurer Pitstop brode mekik otomatik doldurma, bo\u015faltma ve ayar robotu , 2010 model ,\u00a0 kurulu ve \u00e7al\u0131\u015f\u0131r durumda .<\/p>","protected":false},"featured_media":19708,"template":"","meta":{"googlesitekit_rrm_CAown9nKDA:productID":"","_joinchat":[],"jetpack_publicize_message":"","jetpack_publicize_feature_enabled":true,"jetpack_social_post_already_shared":false,"jetpack_social_options":{"image_generator_settings":{"template":"highway","default_image_id":0,"font":"","enabled":false},"version":2}},"pwb-brand":[794],"product_brand":[],"product_cat":[1011],"product_tag":[],"class_list":{"0":"post-19706","1":"product","2":"type-product","3":"status-publish","4":"has-post-thumbnail","6":"pwb-brand-saurer","7":"pwb-model-76","8":"product_cat-brode-mekik-otomatik-doldurma","10":"first","11":"instock","12":"shipping-taxable","13":"product-type-simple"},"models":[{"id":76,"name":"2010","slug":"2010"}],"proviences":[],"jetpack_publicize_connections":[],"brands":[{"id":794,"name":"Saurer","slug":"saurer"}],"_links":{"self":[{"href":"https:\/\/www.mertkomak.com\/en\/wp-json\/wp\/v2\/product\/19706","targetHints":{"allow":["GET"]}}],"collection":[{"href":"https:\/\/www.mertkomak.com\/en\/wp-json\/wp\/v2\/product"}],"about":[{"href":"https:\/\/www.mertkomak.com\/en\/wp-json\/wp\/v2\/types\/product"}],"wp:featuredmedia":[{"embeddable":true,"href":"https:\/\/www.mertkomak.com\/en\/wp-json\/wp\/v2\/media\/19708"}],"wp:attachment":[{"href":"https:\/\/www.mertkomak.com\/en\/wp-json\/wp\/v2\/media?parent=19706"}],"wp:term":[{"taxonomy":"pwb-brand","embeddable":true,"href":"https:\/\/www.mertkomak.com\/en\/wp-json\/wp\/v2\/pwb-brand?post=19706"},{"taxonomy":"product_brand","embeddable":true,"href":"https:\/\/www.mertkomak.com\/en\/wp-json\/wp\/v2\/product_brand?post=19706"},{"taxonomy":"product_cat","embeddable":true,"href":"https:\/\/www.mertkomak.com\/en\/wp-json\/wp\/v2\/product_cat?post=19706"},{"taxonomy":"product_tag","embeddable":true,"href":"https:\/\/www.mertkomak.com\/en\/wp-json\/wp\/v2\/product_tag?post=19706"}],"curies":[{"name":"wp","href":"https:\/\/api.w.org\/{rel}","templated":true}]}}