{"id":19719,"date":"2025-03-22T09:11:42","date_gmt":"2025-03-22T06:11:42","guid":{"rendered":"https:\/\/www.mertkomak.com\/?post_type=product&#038;p=19719"},"modified":"2025-07-10T10:04:50","modified_gmt":"2025-07-10T07:04:50","slug":"04670","status":"publish","type":"product","link":"https:\/\/www.mertkomak.com\/en\/magaza\/04670\/","title":{"rendered":"Milhan Marka \u0130plik Aktarma Makinas\u0131"},"content":{"rendered":"<p><strong>2 adet Milhan marka \u0130plik Aktarma Makinas\u0131, Balabanl\u0131 , 8 in\u00e7 , her biri 10 g\u00f6zl\u00fc, kurulu ve \u00e7al\u0131\u015f\u0131r durumda.<\/strong><\/p>","protected":false},"excerpt":{"rendered":"<p>2 adet Milhan marka \u0130plik Aktarma Makinas\u0131, Balabanl\u0131 , 8 in\u00e7 , her biri 10 g\u00f6zl\u00fc, kurulu ve \u00e7al\u0131\u015f\u0131r durumda.<\/p>","protected":false},"featured_media":19720,"template":"","meta":{"googlesitekit_rrm_CAown9nKDA:productID":"","_joinchat":[],"jetpack_publicize_message":"","jetpack_publicize_feature_enabled":true,"jetpack_social_post_already_shared":false,"jetpack_social_options":{"image_generator_settings":{"template":"highway","default_image_id":0,"font":"","enabled":false},"version":2}},"pwb-brand":[495],"product_brand":[],"product_cat":[490],"product_tag":[],"class_list":{"0":"post-19719","1":"product","2":"type-product","3":"status-publish","4":"has-post-thumbnail","6":"pwb-brand-milhan","7":"product_cat-iplik-aktarma-makinalari","9":"first","10":"instock","11":"shipping-taxable","12":"product-type-simple"},"models":[],"proviences":[],"jetpack_publicize_connections":[],"brands":[{"id":495,"name":"Milhan","slug":"milhan"}],"_links":{"self":[{"href":"https:\/\/www.mertkomak.com\/en\/wp-json\/wp\/v2\/product\/19719","targetHints":{"allow":["GET"]}}],"collection":[{"href":"https:\/\/www.mertkomak.com\/en\/wp-json\/wp\/v2\/product"}],"about":[{"href":"https:\/\/www.mertkomak.com\/en\/wp-json\/wp\/v2\/types\/product"}],"wp:featuredmedia":[{"embeddable":true,"href":"https:\/\/www.mertkomak.com\/en\/wp-json\/wp\/v2\/media\/19720"}],"wp:attachment":[{"href":"https:\/\/www.mertkomak.com\/en\/wp-json\/wp\/v2\/media?parent=19719"}],"wp:term":[{"taxonomy":"pwb-brand","embeddable":true,"href":"https:\/\/www.mertkomak.com\/en\/wp-json\/wp\/v2\/pwb-brand?post=19719"},{"taxonomy":"product_brand","embeddable":true,"href":"https:\/\/www.mertkomak.com\/en\/wp-json\/wp\/v2\/product_brand?post=19719"},{"taxonomy":"product_cat","embeddable":true,"href":"https:\/\/www.mertkomak.com\/en\/wp-json\/wp\/v2\/product_cat?post=19719"},{"taxonomy":"product_tag","embeddable":true,"href":"https:\/\/www.mertkomak.com\/en\/wp-json\/wp\/v2\/product_tag?post=19719"}],"curies":[{"name":"wp","href":"https:\/\/api.w.org\/{rel}","templated":true}]}}