{"id":19812,"date":"2025-03-28T11:09:02","date_gmt":"2025-03-28T08:09:02","guid":{"rendered":"https:\/\/www.mertkomak.com\/?post_type=product&#038;p=19812"},"modified":"2025-03-28T13:34:47","modified_gmt":"2025-03-28T10:34:47","slug":"04682","status":"publish","type":"product","link":"https:\/\/www.mertkomak.com\/en\/magaza\/04682\/","title":{"rendered":"Pai Lung Marka Yuvarlak \u00d6rg\u00fc Makinas\u0131"},"content":{"rendered":"<p><strong>81 pcs Pai Lung Brand Circular Knitting Machine<\/strong><\/p>\n<ul>\n<li><strong>11 pcs Jacquard Interlock<\/strong><\/li>\n<li><strong>7 pcs Jacquard Sppreme<\/strong><\/li>\n<li><strong>2 pcs Ringel<\/strong><\/li>\n<li><strong>28 pcs Velvet<\/strong><\/li>\n<li><strong>7 pcs Terry<\/strong><\/li>\n<li><strong>6 pcs Jean<\/strong><\/li>\n<li><strong>14 pcs Supreme<\/strong><\/li>\n<li><strong>6 pcs Ringel Ribana<\/strong><\/li>\n<\/ul>\n<p><strong>Installed and running situation<\/strong><\/p>","protected":false},"excerpt":{"rendered":"<p>81 pcs Pai Lung Brand Circular Knitting Machine<\/p>\n<ul>\n<li>11 pcs Jacquard Interlock<\/li>\n<li>7 pcs Jacquard Sppreme<\/li>\n<li>2 pcs Ringel<\/li>\n<li>28 pcs Velvet<\/li>\n<li>7 pcs Terry<\/li>\n<li>6 pcs Jean<\/li>\n<li>14 pcs Supreme<\/li>\n<li>6 pcs Ringel Ribana<\/li>\n<\/ul>\n<p>Installed and running situation<\/p>","protected":false},"featured_media":19813,"template":"","meta":{"googlesitekit_rrm_CAown9nKDA:productID":"","_joinchat":[],"jetpack_publicize_message":"","jetpack_publicize_feature_enabled":true,"jetpack_social_post_already_shared":false,"jetpack_social_options":{"image_generator_settings":{"template":"highway","default_image_id":0,"font":"","enabled":false},"version":2}},"pwb-brand":[629],"product_brand":[],"product_cat":[620],"product_tag":[],"class_list":{"0":"post-19812","1":"product","2":"type-product","3":"status-publish","4":"has-post-thumbnail","6":"pwb-brand-pailung","7":"product_cat-yuvarlak-orme-orgu-makinalari","9":"first","10":"instock","11":"shipping-taxable","12":"product-type-simple"},"models":[],"proviences":[],"jetpack_publicize_connections":[],"brands":[{"id":629,"name":"Pai Lung","slug":"pailung"}],"_links":{"self":[{"href":"https:\/\/www.mertkomak.com\/en\/wp-json\/wp\/v2\/product\/19812","targetHints":{"allow":["GET"]}}],"collection":[{"href":"https:\/\/www.mertkomak.com\/en\/wp-json\/wp\/v2\/product"}],"about":[{"href":"https:\/\/www.mertkomak.com\/en\/wp-json\/wp\/v2\/types\/product"}],"wp:featuredmedia":[{"embeddable":true,"href":"https:\/\/www.mertkomak.com\/en\/wp-json\/wp\/v2\/media\/19813"}],"wp:attachment":[{"href":"https:\/\/www.mertkomak.com\/en\/wp-json\/wp\/v2\/media?parent=19812"}],"wp:term":[{"taxonomy":"pwb-brand","embeddable":true,"href":"https:\/\/www.mertkomak.com\/en\/wp-json\/wp\/v2\/pwb-brand?post=19812"},{"taxonomy":"product_brand","embeddable":true,"href":"https:\/\/www.mertkomak.com\/en\/wp-json\/wp\/v2\/product_brand?post=19812"},{"taxonomy":"product_cat","embeddable":true,"href":"https:\/\/www.mertkomak.com\/en\/wp-json\/wp\/v2\/product_cat?post=19812"},{"taxonomy":"product_tag","embeddable":true,"href":"https:\/\/www.mertkomak.com\/en\/wp-json\/wp\/v2\/product_tag?post=19812"}],"curies":[{"name":"wp","href":"https:\/\/api.w.org\/{rel}","templated":true}]}}