{"id":19823,"date":"2025-03-28T13:39:52","date_gmt":"2025-03-28T10:39:52","guid":{"rendered":"https:\/\/www.mertkomak.com\/?post_type=product&#038;p=19823"},"modified":"2025-03-28T13:39:52","modified_gmt":"2025-03-28T10:39:52","slug":"04683","status":"publish","type":"product","link":"https:\/\/www.mertkomak.com\/en\/magaza\/04683\/","title":{"rendered":"Mayer &#038; Cie Marka Yuvarlak \u00d6rg\u00fc Makinas\u0131"},"content":{"rendered":"<p><strong>57 pcs Mayer &amp; Cie Brand Circular Knitting Machine<\/strong><\/p>\n<ul>\n<li><strong>24 pcs Jacquard Velvet<\/strong><\/li>\n<li><strong>12 pcs Interlock<\/strong><\/li>\n<li><strong>1 pc Supreme<\/strong><\/li>\n<li><strong>2 pcs Ribana<\/strong><\/li>\n<li><strong>2 pcs Velvet<\/strong><\/li>\n<li><strong>1 pc 3 Yarn<\/strong><\/li>\n<li><strong>10 pcs Single jersey<\/strong><\/li>\n<li><strong>5 pcs Terry<\/strong><\/li>\n<\/ul>\n<p><strong>Installed and running situation<\/strong><\/p>","protected":false},"excerpt":{"rendered":"<p>57 pcs Mayer &amp; Cie Brand Circular Knitting Machine<\/p>\n<ul>\n<li>24 pcs Jacquard Velvet<\/li>\n<li>12 pcs Interlock<\/li>\n<li>1 pc Supreme<\/li>\n<li>2 pcs Ribana<\/li>\n<li>2 pcs Velvet<\/li>\n<li>1 pc 3 Yarn<\/li>\n<li>10 pcs Single jersey<\/li>\n<li>5 pcs Terry<\/li>\n<\/ul>\n<p>Installed and running situation<\/p>","protected":false},"featured_media":19827,"template":"","meta":{"googlesitekit_rrm_CAown9nKDA:productID":"","_joinchat":[],"jetpack_publicize_message":"","jetpack_publicize_feature_enabled":true,"jetpack_social_post_already_shared":false,"jetpack_social_options":{"image_generator_settings":{"template":"highway","default_image_id":0,"font":"","enabled":false},"version":2}},"pwb-brand":[628],"product_brand":[],"product_cat":[620],"product_tag":[],"class_list":{"0":"post-19823","1":"product","2":"type-product","3":"status-publish","4":"has-post-thumbnail","6":"pwb-brand-mayer-cie","7":"product_cat-yuvarlak-orme-orgu-makinalari","9":"first","10":"instock","11":"shipping-taxable","12":"product-type-simple"},"models":[],"proviences":[],"jetpack_publicize_connections":[],"brands":[{"id":628,"name":"Mayer &amp; Cie","slug":"mayer-cie"}],"_links":{"self":[{"href":"https:\/\/www.mertkomak.com\/en\/wp-json\/wp\/v2\/product\/19823","targetHints":{"allow":["GET"]}}],"collection":[{"href":"https:\/\/www.mertkomak.com\/en\/wp-json\/wp\/v2\/product"}],"about":[{"href":"https:\/\/www.mertkomak.com\/en\/wp-json\/wp\/v2\/types\/product"}],"wp:featuredmedia":[{"embeddable":true,"href":"https:\/\/www.mertkomak.com\/en\/wp-json\/wp\/v2\/media\/19827"}],"wp:attachment":[{"href":"https:\/\/www.mertkomak.com\/en\/wp-json\/wp\/v2\/media?parent=19823"}],"wp:term":[{"taxonomy":"pwb-brand","embeddable":true,"href":"https:\/\/www.mertkomak.com\/en\/wp-json\/wp\/v2\/pwb-brand?post=19823"},{"taxonomy":"product_brand","embeddable":true,"href":"https:\/\/www.mertkomak.com\/en\/wp-json\/wp\/v2\/product_brand?post=19823"},{"taxonomy":"product_cat","embeddable":true,"href":"https:\/\/www.mertkomak.com\/en\/wp-json\/wp\/v2\/product_cat?post=19823"},{"taxonomy":"product_tag","embeddable":true,"href":"https:\/\/www.mertkomak.com\/en\/wp-json\/wp\/v2\/product_tag?post=19823"}],"curies":[{"name":"wp","href":"https:\/\/api.w.org\/{rel}","templated":true}]}}