{"id":19832,"date":"2025-03-30T21:39:32","date_gmt":"2025-03-30T18:39:32","guid":{"rendered":"https:\/\/www.mertkomak.com\/?post_type=product&#038;p=19832"},"modified":"2025-04-21T15:14:25","modified_gmt":"2025-04-21T12:14:25","slug":"04684","status":"publish","type":"product","link":"https:\/\/www.mertkomak.com\/en\/magaza\/04684\/","title":{"rendered":"ICBT Marka 168 G\u00f6z B\u00fck\u00fcm &#8211; Fikse Kazan\u0131 &#8211; Aktarma"},"content":{"rendered":"<p><strong>1 Adet 1997 model ICBT marka brode ipli\u011fi yapan makaral\u0131 polyester iplik b\u00fck\u00fcm makinas\u0131, 1 Adet Proses marka 600 kg luk iplik fikse kazan\u0131, 1 Adet Yerli yap\u0131m 32 g\u00f6zl\u00fc makara aktarma makinas\u0131.<\/strong><\/p>\n<p>&nbsp;<\/p>","protected":false},"excerpt":{"rendered":"<p>1 Adet 1997 model ICBT marka brode ipli\u011fi yapan makaral\u0131 polyester iplik b\u00fck\u00fcm makinas\u0131, 1 Adet Proses marka 600 kg luk iplik fikse kazan\u0131, 1 Adet Yerli yap\u0131m 32 g\u00f6zl\u00fc makara aktarma makinas\u0131.<\/p>","protected":false},"featured_media":19843,"template":"","meta":{"googlesitekit_rrm_CAown9nKDA:productID":"","_joinchat":[],"jetpack_publicize_message":"","jetpack_publicize_feature_enabled":true,"jetpack_social_post_already_shared":false,"jetpack_social_options":{"image_generator_settings":{"template":"highway","default_image_id":0,"font":"","enabled":false},"version":2}},"pwb-brand":[781],"product_brand":[],"product_cat":[512],"product_tag":[],"class_list":{"0":"post-19832","1":"product","2":"type-product","3":"status-publish","4":"has-post-thumbnail","6":"pwb-brand-icbt","7":"pwb-model-125","8":"product_cat-iplik-bukum-makinalari","10":"first","11":"instock","12":"shipping-taxable","13":"product-type-simple"},"models":[{"id":125,"name":"1997","slug":"1997"}],"proviences":[],"jetpack_publicize_connections":[],"brands":[{"id":781,"name":"ICBT","slug":"icbt"}],"_links":{"self":[{"href":"https:\/\/www.mertkomak.com\/en\/wp-json\/wp\/v2\/product\/19832","targetHints":{"allow":["GET"]}}],"collection":[{"href":"https:\/\/www.mertkomak.com\/en\/wp-json\/wp\/v2\/product"}],"about":[{"href":"https:\/\/www.mertkomak.com\/en\/wp-json\/wp\/v2\/types\/product"}],"wp:featuredmedia":[{"embeddable":true,"href":"https:\/\/www.mertkomak.com\/en\/wp-json\/wp\/v2\/media\/19843"}],"wp:attachment":[{"href":"https:\/\/www.mertkomak.com\/en\/wp-json\/wp\/v2\/media?parent=19832"}],"wp:term":[{"taxonomy":"pwb-brand","embeddable":true,"href":"https:\/\/www.mertkomak.com\/en\/wp-json\/wp\/v2\/pwb-brand?post=19832"},{"taxonomy":"product_brand","embeddable":true,"href":"https:\/\/www.mertkomak.com\/en\/wp-json\/wp\/v2\/product_brand?post=19832"},{"taxonomy":"product_cat","embeddable":true,"href":"https:\/\/www.mertkomak.com\/en\/wp-json\/wp\/v2\/product_cat?post=19832"},{"taxonomy":"product_tag","embeddable":true,"href":"https:\/\/www.mertkomak.com\/en\/wp-json\/wp\/v2\/product_tag?post=19832"}],"curies":[{"name":"wp","href":"https:\/\/api.w.org\/{rel}","templated":true}]}}