{"id":19994,"date":"2025-04-12T12:12:11","date_gmt":"2025-04-12T09:12:11","guid":{"rendered":"https:\/\/www.mertkomak.com\/?post_type=product&#038;p=19994"},"modified":"2025-06-24T11:05:40","modified_gmt":"2025-06-24T08:05:40","slug":"04703","status":"publish","type":"product","link":"https:\/\/www.mertkomak.com\/en\/magaza\/04703\/","title":{"rendered":"Dalgak\u0131ran DVK30 Marka Vidal\u0131 Kompres\u00f6r Makinas\u0131"},"content":{"rendered":"<p><strong>Dalgak\u0131ran DVK30 Marka Vidal\u0131 Kompres\u00f6r Makinas\u0131, 216 m<sup>3<\/sup>\/hour, motor power 30 kw, air tank 1 m<sup>3<\/sup>, 2000 model, installed and running situation.<\/strong><\/p>","protected":false},"excerpt":{"rendered":"<p>Dalgakiran DVK30 Brand Screw Compressor Machine, 216 m<sup>3<\/sup>\/hour, motor power 30 kw, air tank 1 m<sup>3<\/sup>, 2000 model, installed and running situation.<\/p>","protected":false},"featured_media":19995,"template":"","meta":{"googlesitekit_rrm_CAown9nKDA:productID":"","_joinchat":[],"jetpack_publicize_message":"","jetpack_publicize_feature_enabled":true,"jetpack_social_post_already_shared":false,"jetpack_social_options":{"image_generator_settings":{"template":"highway","default_image_id":0,"font":"","enabled":false},"version":2}},"pwb-brand":[1031],"product_brand":[],"product_cat":[1063],"product_tag":[],"class_list":{"0":"post-19994","1":"product","2":"type-product","3":"status-publish","4":"has-post-thumbnail","6":"pwb-brand-dalgakiran","7":"pwb-model-94","8":"product_cat-kompresor-ve-hava-kurutucu-makinalari","10":"first","11":"instock","12":"shipping-taxable","13":"product-type-simple"},"models":[{"id":94,"name":"2000","slug":"2000"}],"proviences":[],"jetpack_publicize_connections":[],"brands":[{"id":1031,"name":"Dalgakiran","slug":"dalgakiran"}],"_links":{"self":[{"href":"https:\/\/www.mertkomak.com\/en\/wp-json\/wp\/v2\/product\/19994","targetHints":{"allow":["GET"]}}],"collection":[{"href":"https:\/\/www.mertkomak.com\/en\/wp-json\/wp\/v2\/product"}],"about":[{"href":"https:\/\/www.mertkomak.com\/en\/wp-json\/wp\/v2\/types\/product"}],"wp:featuredmedia":[{"embeddable":true,"href":"https:\/\/www.mertkomak.com\/en\/wp-json\/wp\/v2\/media\/19995"}],"wp:attachment":[{"href":"https:\/\/www.mertkomak.com\/en\/wp-json\/wp\/v2\/media?parent=19994"}],"wp:term":[{"taxonomy":"pwb-brand","embeddable":true,"href":"https:\/\/www.mertkomak.com\/en\/wp-json\/wp\/v2\/pwb-brand?post=19994"},{"taxonomy":"product_brand","embeddable":true,"href":"https:\/\/www.mertkomak.com\/en\/wp-json\/wp\/v2\/product_brand?post=19994"},{"taxonomy":"product_cat","embeddable":true,"href":"https:\/\/www.mertkomak.com\/en\/wp-json\/wp\/v2\/product_cat?post=19994"},{"taxonomy":"product_tag","embeddable":true,"href":"https:\/\/www.mertkomak.com\/en\/wp-json\/wp\/v2\/product_tag?post=19994"}],"curies":[{"name":"wp","href":"https:\/\/api.w.org\/{rel}","templated":true}]}}