{"id":20070,"date":"2025-04-15T11:50:21","date_gmt":"2025-04-15T08:50:21","guid":{"rendered":"https:\/\/www.mertkomak.com\/?post_type=product&#038;p=20070"},"modified":"2025-07-07T11:45:55","modified_gmt":"2025-07-07T08:45:55","slug":"ahsap-el-dokuma-makinalari","status":"publish","type":"product","link":"https:\/\/www.mertkomak.com\/en\/magaza\/ahsap-el-dokuma-makinalari\/","title":{"rendered":"Ah\u015fap Kuma\u015f El Dokuma Makinalar\u0131 ( S\u0131f\u0131r )"},"content":{"rendered":"<p><strong>Ah\u015fap Kuma\u015f El Dokuma Makinalar\u0131 ( S\u0131f\u0131r )<\/strong><\/p>\n<p><strong>Dokuma Makinalar\u0131 :<\/strong><\/p>\n<p><strong>2 \u00e7er\u00e7eveli 120 cm. El dokuma tezgah\u0131<\/strong><\/p>\n<p><strong>4 \u00e7er\u00e7eveli 120 cm-60 cm. Kam\u00e7\u0131l\u0131 el dokuma tezgah\u0131<\/strong><\/p>\n<p><strong>\u00c7\u00f6zg\u00fc \u00e7ekme sistemi : <\/strong><\/p>\n<p><strong>120 cm \u00e7\u00f6zg\u00fc geni\u015fli\u011fi metal ve ah\u015fap konstr\u00fcksiyon lu 150\u00a0 x 200 cm ca\u011fl\u0131k ve 150 x 170 cm.\u00e7\u00f6zg\u00fc masas\u0131<\/strong><\/p>\n<p><strong>Aksesuarlar :<\/strong><\/p>\n<p><strong>Masa \u00fcst\u00fc manuel elektrikli masura iplik sarma tezgah\u0131,<\/strong><\/p>\n<p><strong>Masal\u0131 manuel elektrikli masura iplik sarma tezgah\u0131,<\/strong><\/p>\n<p><strong>Mekik,<\/strong><\/p>\n<p><strong>Masura,<\/strong><\/p>\n<p><strong>C\u0131mbar.<\/strong><\/p>","protected":false},"excerpt":{"rendered":"<p><strong>Ah\u015fap El Dokuma Makinalar\u0131 ( S\u0131f\u0131r ) Kuma\u015f Dokuma i\u00e7in<\/strong><\/p>\n<p><strong>Dokuma Makinalar\u0131 :<\/strong><\/p>\n<p>2 \u00e7er\u00e7eveli 120 cm. El dokuma tezgah\u0131<\/p>\n<p>4 \u00e7er\u00e7eveli 120 cm-60 cm. Kam\u00e7\u0131l\u0131 el dokuma tezgah\u0131<\/p>\n<p><strong>\u00c7\u00f6zg\u00fc \u00e7ekme sistemi : <\/strong><\/p>\n<p>120 cm \u00e7\u00f6zg\u00fc geni\u015fli\u011fi metal ve ah\u015fap konstr\u00fcksiyon lu 150\u00a0 x 200 cm ca\u011fl\u0131k ve 150 x 170 cm.\u00e7\u00f6zg\u00fc masas\u0131<\/p>\n<p><strong>Aksesuarlar :<\/strong><\/p>\n<p>Masa \u00fcst\u00fc manuel elektrikli masura iplik sarma tezgah\u0131,<\/p>\n<p>Masal\u0131 manuel elektrikli masura iplik sarma tezgah\u0131,<\/p>\n<p>Mekik,<\/p>\n<p>Masura,<\/p>\n<p>C\u0131mbar.<\/p>","protected":false},"featured_media":20081,"template":"","meta":{"googlesitekit_rrm_CAown9nKDA:productID":"","_joinchat":[],"jetpack_publicize_message":"","jetpack_publicize_feature_enabled":true,"jetpack_social_post_already_shared":false,"jetpack_social_options":{"image_generator_settings":{"template":"highway","default_image_id":0,"font":"","enabled":false},"version":2}},"pwb-brand":[1009],"product_brand":[],"product_cat":[1033],"product_tag":[],"class_list":{"0":"post-20070","1":"product","2":"type-product","3":"status-publish","4":"has-post-thumbnail","6":"pwb-brand-yerli-mali","7":"pwb-model-sifir-new","8":"product_cat-ahsap-el-dokuma-makinalari","10":"first","11":"instock","12":"shipping-taxable","13":"product-type-simple"},"models":[{"id":651,"name":"SIFIR - NEW","slug":"sifir-new"}],"proviences":[],"jetpack_publicize_connections":[],"brands":[{"id":1009,"name":"Yerli Mal\u0131","slug":"yerli-mali"}],"_links":{"self":[{"href":"https:\/\/www.mertkomak.com\/en\/wp-json\/wp\/v2\/product\/20070","targetHints":{"allow":["GET"]}}],"collection":[{"href":"https:\/\/www.mertkomak.com\/en\/wp-json\/wp\/v2\/product"}],"about":[{"href":"https:\/\/www.mertkomak.com\/en\/wp-json\/wp\/v2\/types\/product"}],"wp:featuredmedia":[{"embeddable":true,"href":"https:\/\/www.mertkomak.com\/en\/wp-json\/wp\/v2\/media\/20081"}],"wp:attachment":[{"href":"https:\/\/www.mertkomak.com\/en\/wp-json\/wp\/v2\/media?parent=20070"}],"wp:term":[{"taxonomy":"pwb-brand","embeddable":true,"href":"https:\/\/www.mertkomak.com\/en\/wp-json\/wp\/v2\/pwb-brand?post=20070"},{"taxonomy":"product_brand","embeddable":true,"href":"https:\/\/www.mertkomak.com\/en\/wp-json\/wp\/v2\/product_brand?post=20070"},{"taxonomy":"product_cat","embeddable":true,"href":"https:\/\/www.mertkomak.com\/en\/wp-json\/wp\/v2\/product_cat?post=20070"},{"taxonomy":"product_tag","embeddable":true,"href":"https:\/\/www.mertkomak.com\/en\/wp-json\/wp\/v2\/product_tag?post=20070"}],"curies":[{"name":"wp","href":"https:\/\/api.w.org\/{rel}","templated":true}]}}