{"id":20099,"date":"2025-04-17T11:07:34","date_gmt":"2025-04-17T08:07:34","guid":{"rendered":"https:\/\/www.mertkomak.com\/?post_type=product&#038;p=20099"},"modified":"2025-04-17T11:53:38","modified_gmt":"2025-04-17T08:53:38","slug":"ahsap-el-dokuma-makinalari-sifir-hali-kilim-ve-ipek-dokuma-icin","status":"publish","type":"product","link":"https:\/\/www.mertkomak.com\/en\/magaza\/ahsap-el-dokuma-makinalari-sifir-hali-kilim-ve-ipek-dokuma-icin\/","title":{"rendered":"Ah\u015fap Hal\u0131 \u2013 Kilim ve \u0130pek El Dokuma Makinalar\u0131 ( S\u0131f\u0131r )"},"content":{"rendered":"<p><strong>Ah\u015fap Hal\u0131 \u2013 Kilim ve \u0130pek El Dokuma Makinalar\u0131 ( S\u0131f\u0131r )<\/strong><\/p>\n<p><strong>Dokuma Makinalar\u0131 :<\/strong><\/p>\n<p><strong>Ah\u015fap Germeli tip hal\u0131 \u2013 kilim tezgah boylar\u0131 :<\/strong><\/p>\n<p>50 x 70 cm hal\u0131 kilim tezgah\u0131 75 x 95 cm \u00f6l\u00e7\u00fclerinde imal edilmektedir .<\/p>\n<p>90 x 130 cm. Hal\u0131 tezgah\u0131 145 x 175 cm \u00f6l\u00e7\u00fclerinde imal edilmektedir .<\/p>\n<p>200 x 150 cm net dokuma \u00f6l\u00e7\u00fclerinde imal edilmektedir .<\/p>\n<p><strong>Metal sarmal\u0131 t\u0131p hal\u0131 &#8211; kilim<\/strong> <strong>tezgah boylar\u0131 :<\/strong><\/p>\n<p>Dokuma eni 1,00 mt -1,50 mt -2,00 mt -2,50 mt -3,00 mt -3,50 mt -4,00 mt \u00a0Talep edilirse daha \u00fcst \u00a0geni\u015fliktede imal edilmektedir&#8230;<\/p>\n<p><strong>\u00c7\u00f6zg\u00fc \u00e7ekme sistemi :<\/strong><\/p>\n<p>120 cm \u00e7\u00f6zg\u00fc geni\u015fli\u011fi metal ve ah\u015fap konstr\u00fcksiyon lu 150\u00a0 x 200 cm ca\u011fl\u0131k ve 150 x 170 cm.\u00e7\u00f6zg\u00fc masas\u0131<\/p>\n<p><strong>Aksesuarlar :<\/strong><\/p>\n<p>Masa \u00fcst\u00fc manuel elektrikli masura iplik sarma tezgah\u0131,<\/p>\n<p>Masal\u0131 manuel elektrikli masura iplik sarma tezgah\u0131,<\/p>\n<p>Mekik,<\/p>\n<p>Masura,<\/p>\n<p>C\u0131mbar.<\/p>","protected":false},"excerpt":{"rendered":"<p><strong>Ah\u015fap El Dokuma Makinalar\u0131 ( S\u0131f\u0131r ) Hal\u0131 \u2013 kilim ve ipek Dokuma i\u00e7in<\/strong><\/p>\n<p><strong>Dokuma Makinalar\u0131 :<\/strong><\/p>\n<p><strong>Ah\u015fap sarmal\u0131 tip hal\u0131 \u2013 kilim tezgah boylar\u0131 :<\/strong><\/p>\n<p>50 x 70 cm hal\u0131 kilim tezgah\u0131 75 x 95 cm \u00f6l\u00e7\u00fclerinde imal edilmektedir .<\/p>\n<p>90 x 130 cm. Hal\u0131 tezgah\u0131 145 x 175 cm \u00f6l\u00e7\u00fclerinde imal edilmektedir .<\/p>\n<p>200 x 150 cm net dokuma \u00f6l\u00e7\u00fclerinde imal edilmektedir .<\/p>\n<p><strong>Metal sarmal\u0131 t\u0131p hal\u0131 &#8211; kilim<\/strong> <strong>tezgah boylar\u0131 :<\/strong><\/p>\n<p>Dokuma eni 1,00 mt -1,50 mt -2,00 mt -2,50 mt -3,00 mt -3,50 mt -4,00 mt \u00a0Talep edilirse daha \u00fcst \u00a0geni\u015fliktede imal edilmektedir&#8230;<\/p>\n<p><strong>\u00c7\u00f6zg\u00fc \u00e7ekme sistemi :<\/strong><\/p>\n<p>120 cm \u00e7\u00f6zg\u00fc geni\u015fli\u011fi metal ve ah\u015fap konstr\u00fcksiyon lu 150\u00a0 x 200 cm ca\u011fl\u0131k ve 150 x 170 cm.\u00e7\u00f6zg\u00fc masas\u0131<\/p>\n<p><strong>Aksesuarlar :<\/strong><\/p>\n<p>Masa \u00fcst\u00fc manuel elektrikli masura iplik sarma tezgah\u0131,<\/p>\n<p>Masal\u0131 manuel elektrikli masura iplik sarma tezgah\u0131,<\/p>\n<p>Mekik,<\/p>\n<p>Masura,<\/p>\n<p>C\u0131mbar.<\/p>","protected":false},"featured_media":20109,"template":"","meta":{"googlesitekit_rrm_CAown9nKDA:productID":"","_joinchat":[],"jetpack_publicize_message":"","jetpack_publicize_feature_enabled":true,"jetpack_social_post_already_shared":false,"jetpack_social_options":{"image_generator_settings":{"template":"highway","default_image_id":0,"font":"","enabled":false},"version":2}},"pwb-brand":[1009],"product_brand":[],"product_cat":[1033],"product_tag":[],"class_list":{"0":"post-20099","1":"product","2":"type-product","3":"status-publish","4":"has-post-thumbnail","6":"pwb-brand-yerli-mali","7":"pwb-model-sifir-new","8":"product_cat-ahsap-el-dokuma-makinalari","10":"first","11":"instock","12":"shipping-taxable","13":"product-type-simple"},"models":[{"id":651,"name":"SIFIR - NEW","slug":"sifir-new"}],"proviences":[],"jetpack_publicize_connections":[],"brands":[{"id":1009,"name":"Yerli Mal\u0131","slug":"yerli-mali"}],"_links":{"self":[{"href":"https:\/\/www.mertkomak.com\/en\/wp-json\/wp\/v2\/product\/20099","targetHints":{"allow":["GET"]}}],"collection":[{"href":"https:\/\/www.mertkomak.com\/en\/wp-json\/wp\/v2\/product"}],"about":[{"href":"https:\/\/www.mertkomak.com\/en\/wp-json\/wp\/v2\/types\/product"}],"wp:featuredmedia":[{"embeddable":true,"href":"https:\/\/www.mertkomak.com\/en\/wp-json\/wp\/v2\/media\/20109"}],"wp:attachment":[{"href":"https:\/\/www.mertkomak.com\/en\/wp-json\/wp\/v2\/media?parent=20099"}],"wp:term":[{"taxonomy":"pwb-brand","embeddable":true,"href":"https:\/\/www.mertkomak.com\/en\/wp-json\/wp\/v2\/pwb-brand?post=20099"},{"taxonomy":"product_brand","embeddable":true,"href":"https:\/\/www.mertkomak.com\/en\/wp-json\/wp\/v2\/product_brand?post=20099"},{"taxonomy":"product_cat","embeddable":true,"href":"https:\/\/www.mertkomak.com\/en\/wp-json\/wp\/v2\/product_cat?post=20099"},{"taxonomy":"product_tag","embeddable":true,"href":"https:\/\/www.mertkomak.com\/en\/wp-json\/wp\/v2\/product_tag?post=20099"}],"curies":[{"name":"wp","href":"https:\/\/api.w.org\/{rel}","templated":true}]}}