{"id":20186,"date":"2025-05-05T10:55:11","date_gmt":"2025-05-05T07:55:11","guid":{"rendered":"https:\/\/www.mertkomak.com\/?post_type=product&#038;p=20186"},"modified":"2025-05-05T14:26:17","modified_gmt":"2025-05-05T11:26:17","slug":"04721","status":"publish","type":"product","link":"https:\/\/www.mertkomak.com\/en\/magaza\/04721\/","title":{"rendered":"Red Flag Brand Airjet Crank Weaving Machines"},"content":{"rendered":"<p><strong>50 pcs Red Flag Brand Airjet Crank Weaving Machines, 280 cm width, 2022 model, 2 colours, 2 weft feeder, 1.5 warping beam, 1.5 fabric beam, underutilized (15 months), kurulu ve \u00e7al\u0131\u015f\u0131r durumda<\/strong><\/p>","protected":false},"excerpt":{"rendered":"<p>50 pcs Red Flag Brand Airjet Crank Weaving Machines, 280 cm width, 2022 model, 2 colours, 2 weft feeder, 1.5 warping beam, 1.5 fabric beam, underutilized (15 months), kurulu ve \u00e7al\u0131\u015f\u0131r durumda<\/p>","protected":false},"featured_media":20189,"template":"","meta":{"googlesitekit_rrm_CAown9nKDA:productID":"","_joinchat":[],"jetpack_publicize_message":"","jetpack_publicize_feature_enabled":true,"jetpack_social_post_already_shared":false,"jetpack_social_options":{"image_generator_settings":{"template":"highway","default_image_id":0,"font":"","enabled":false},"version":2}},"pwb-brand":[1038],"product_brand":[],"product_cat":[1039],"product_tag":[],"class_list":{"0":"post-20186","1":"product","2":"type-product","3":"status-publish","4":"has-post-thumbnail","6":"pwb-brand-red-flag","7":"pwb-model-930","8":"product_cat-red-flag-dokuma-makinalari","10":"first","11":"instock","12":"shipping-taxable","13":"product-type-simple"},"models":[{"id":930,"name":"2022","slug":"2022"}],"proviences":[],"jetpack_publicize_connections":[],"brands":[{"id":1038,"name":"Red Flag","slug":"red-flag"}],"_links":{"self":[{"href":"https:\/\/www.mertkomak.com\/en\/wp-json\/wp\/v2\/product\/20186","targetHints":{"allow":["GET"]}}],"collection":[{"href":"https:\/\/www.mertkomak.com\/en\/wp-json\/wp\/v2\/product"}],"about":[{"href":"https:\/\/www.mertkomak.com\/en\/wp-json\/wp\/v2\/types\/product"}],"wp:featuredmedia":[{"embeddable":true,"href":"https:\/\/www.mertkomak.com\/en\/wp-json\/wp\/v2\/media\/20189"}],"wp:attachment":[{"href":"https:\/\/www.mertkomak.com\/en\/wp-json\/wp\/v2\/media?parent=20186"}],"wp:term":[{"taxonomy":"pwb-brand","embeddable":true,"href":"https:\/\/www.mertkomak.com\/en\/wp-json\/wp\/v2\/pwb-brand?post=20186"},{"taxonomy":"product_brand","embeddable":true,"href":"https:\/\/www.mertkomak.com\/en\/wp-json\/wp\/v2\/product_brand?post=20186"},{"taxonomy":"product_cat","embeddable":true,"href":"https:\/\/www.mertkomak.com\/en\/wp-json\/wp\/v2\/product_cat?post=20186"},{"taxonomy":"product_tag","embeddable":true,"href":"https:\/\/www.mertkomak.com\/en\/wp-json\/wp\/v2\/product_tag?post=20186"}],"curies":[{"name":"wp","href":"https:\/\/api.w.org\/{rel}","templated":true}]}}