{"id":20415,"date":"2025-05-27T10:03:59","date_gmt":"2025-05-27T07:03:59","guid":{"rendered":"https:\/\/www.mertkomak.com\/?post_type=product&#038;p=20415"},"modified":"2025-05-27T10:05:27","modified_gmt":"2025-05-27T07:05:27","slug":"04750","status":"publish","type":"product","link":"https:\/\/www.mertkomak.com\/en\/magaza\/04750\/","title":{"rendered":"Volkmann haval\u0131 \u0130plik B\u00fck\u00fcm Makinas\u0131 ve Biella \u0130plik Katlama Makinas\u0131"},"content":{"rendered":"<p><strong>3 pcs Volkmann Air Yarn Twisting Machine and 1 pc Biella Yarn Doubling Machine;<\/strong><\/p>\n<ul>\n<li><strong>1 pc Volkmann VTS-07 Air Yarn Twisting Machine, 150 spindles, 6 inch<\/strong><\/li>\n<li><strong>2 pc Volkmann VTS-08 Air Yarn Twisting Machine, 160 spindles, 8 inch<\/strong><\/li>\n<li><strong>1 pc Biella Brand Yarn Doubling Machine, 78 spindles<\/strong><\/li>\n<\/ul>\n<p><strong>Installed and running situation<\/strong><\/p>","protected":false},"excerpt":{"rendered":"<p>3 pcs Volkmann Air Yarn Twisting Machine and 1 pc Biella Yarn Doubling Machine;<\/p>\n<ul>\n<li>1 pc Volkmann VTS-07 Air Yarn Twisting Machine, 150 spindles, 6 inch<\/li>\n<li>2 pc Volkmann VTS-08 Air Yarn Twisting Machine, 160 spindles, 8 inch<\/li>\n<li>1 pc Biella Brand Yarn Doubling Machine, 78 spindles<\/li>\n<\/ul>\n<p>Installed and running situation<\/p>","protected":false},"featured_media":20420,"template":"","meta":{"googlesitekit_rrm_CAown9nKDA:productID":"","_joinchat":[],"jetpack_publicize_message":"","jetpack_publicize_feature_enabled":true,"jetpack_social_post_already_shared":true,"jetpack_social_options":{"image_generator_settings":{"template":"highway","default_image_id":0,"font":"","enabled":false},"version":2}},"pwb-brand":[779],"product_brand":[],"product_cat":[512],"product_tag":[],"class_list":{"0":"post-20415","1":"product","2":"type-product","3":"status-publish","4":"has-post-thumbnail","6":"pwb-brand-volkmann","7":"product_cat-iplik-bukum-makinalari","9":"first","10":"instock","11":"shipping-taxable","12":"product-type-simple"},"models":[],"proviences":[],"jetpack_publicize_connections":[],"brands":[{"id":779,"name":"Volkmann","slug":"volkmann"}],"_links":{"self":[{"href":"https:\/\/www.mertkomak.com\/en\/wp-json\/wp\/v2\/product\/20415","targetHints":{"allow":["GET"]}}],"collection":[{"href":"https:\/\/www.mertkomak.com\/en\/wp-json\/wp\/v2\/product"}],"about":[{"href":"https:\/\/www.mertkomak.com\/en\/wp-json\/wp\/v2\/types\/product"}],"wp:featuredmedia":[{"embeddable":true,"href":"https:\/\/www.mertkomak.com\/en\/wp-json\/wp\/v2\/media\/20420"}],"wp:attachment":[{"href":"https:\/\/www.mertkomak.com\/en\/wp-json\/wp\/v2\/media?parent=20415"}],"wp:term":[{"taxonomy":"pwb-brand","embeddable":true,"href":"https:\/\/www.mertkomak.com\/en\/wp-json\/wp\/v2\/pwb-brand?post=20415"},{"taxonomy":"product_brand","embeddable":true,"href":"https:\/\/www.mertkomak.com\/en\/wp-json\/wp\/v2\/product_brand?post=20415"},{"taxonomy":"product_cat","embeddable":true,"href":"https:\/\/www.mertkomak.com\/en\/wp-json\/wp\/v2\/product_cat?post=20415"},{"taxonomy":"product_tag","embeddable":true,"href":"https:\/\/www.mertkomak.com\/en\/wp-json\/wp\/v2\/product_tag?post=20415"}],"curies":[{"name":"wp","href":"https:\/\/api.w.org\/{rel}","templated":true}]}}