{"id":20436,"date":"2025-06-03T10:06:04","date_gmt":"2025-06-03T07:06:04","guid":{"rendered":"https:\/\/www.mertkomak.com\/?post_type=product&#038;p=20436"},"modified":"2026-04-04T11:31:43","modified_gmt":"2026-04-04T08:31:43","slug":"04753","status":"publish","type":"product","link":"https:\/\/www.mertkomak.com\/en\/magaza\/04753\/","title":{"rendered":"Komple Sat\u0131l\u0131k Dijital Bask\u0131, Rotasyon Bask\u0131, Transfer Bask\u0131, Laminasyon, Gofraj Tesisi"},"content":{"rendered":"<p><strong>Komple Sat\u0131l\u0131k Dijital Bask\u0131, Rotasyon Bask\u0131, Transfer Bask\u0131, Laminasyon, Gofraj Tesisi<\/strong><\/p>\n<ul>\n<li><strong>1 adet AK Teknik Marka Gofraj Makinesi, 220 cm, 2 desen<\/strong><\/li>\n<li><strong>2 adet Tural Marka kalender Makinesi<\/strong><\/li>\n<li><strong>1 adet Monti Marka Ke\u00e7eli Transfer<\/strong><\/li>\n<li><strong>1 adet Toz Laminasyon (Komple so\u011futmal\u0131 hatt\u0131)<\/strong><\/li>\n<li><strong>1 adet Ters Tarama F\u0131r\u00e7a (3 adet desen)<\/strong><\/li>\n<li><strong>1 adet Rotasyon Bask\u0131, Geni\u015f, F\u0131r\u0131n + Fan dahil<\/strong><\/li>\n<li><strong>1 adet Kalender Makinas\u0131, 320 cm, desen<\/strong><\/li>\n<li><strong>1 adet Dar Rotasyon Bask\u0131 Makinas\u0131, 4 kafa<\/strong><\/li>\n<li><strong>3 adet Metre Makinas\u0131<\/strong><\/li>\n<li><strong>1 adet Klieverik Marka Transfer Bask\u0131 Makinas\u0131, 1998 model, \u00c7ap 90 cm<\/strong><\/li>\n<li><strong>1 adet Tural Marka Transfer Bask\u0131 Makinas\u0131, 180 cm, \u00c7ap 40 cm<\/strong><\/li>\n<li><strong>1 adet Tural Marka Transfer Bask\u0131 Makinas\u0131, 320 cm, \u00c7ap 50 cm<\/strong><\/li>\n<li><strong>1 adet Murat Marka Kalender Makinas\u0131<\/strong><\/li>\n<li><strong>1 adet Lamryor Ke\u00e7eli<\/strong><\/li>\n<li><strong>1 adet Teflon Kalender, 220 cm<\/strong><\/li>\n<li><strong>2 adet Merrow Diki\u015f Makinesi<\/strong><\/li>\n<li><strong>1 Adet GRANDO Pigment dijital Bask\u0131 Makinas\u0131, 320 cm, 2023 model<\/strong><\/li>\n<li><strong>4 adet GRANDO GD1806 Marka Dijital Bask\u0131 Makinas\u0131, 180 cm, 2020-2021 Model<\/strong><\/li>\n<li><strong>2 adet Mimaki SWJ-3204S Marka Dijital Bask\u0131 Makinas\u0131, 320 cm, 2013 Model<\/strong><\/li>\n<\/ul>\n<p><strong>Machines installed and running situation<\/strong><\/p>","protected":false},"excerpt":{"rendered":"<p>Komple Sat\u0131l\u0131k Dijital Bask\u0131, Rotasyon Bask\u0131, Transfer Bask\u0131, Laminasyon, Gofraj Tesisi<\/p>\n<ul>\n<li>1 adet AK Teknik Marka Gofraj Makinesi, 220 cm, 2 desen<\/li>\n<li>2 adet Tural Marka kalender Makinesi<\/li>\n<li>1 adet Monti Marka Ke\u00e7eli Transfer<\/li>\n<li>1 adet Toz Laminasyon (Komple so\u011futmal\u0131 hatt\u0131)<\/li>\n<li>1 adet Ters Tarama F\u0131r\u00e7a (3 adet desen)<\/li>\n<li>1 adet Rotasyon Bask\u0131, Geni\u015f, F\u0131r\u0131n + Fan dahil<\/li>\n<li>1 adet Kalender Makinas\u0131, 320 cm, desen<\/li>\n<li>1 adet Dar Rotasyon Bask\u0131 Makinas\u0131, 4 kafa<\/li>\n<li>3 adet Metre Makinas\u0131<\/li>\n<li>1 adet Klieverik Marka Transfer Bask\u0131 Makinas\u0131, 1998 model, \u00c7ap 90 cm<\/li>\n<li>1 adet Tural Marka Transfer Bask\u0131 Makinas\u0131, 180 cm, \u00c7ap 40 cm<\/li>\n<li>1 adet Tural Marka Transfer Bask\u0131 Makinas\u0131, 320 cm, \u00c7ap 50 cm<\/li>\n<li>1 adet Murat Marka Kalender Makinas\u0131<\/li>\n<li>1 adet Lamryor Ke\u00e7eli<\/li>\n<li>1 adet Teflon Kalender, 220 cm<\/li>\n<li>2 adet Merrow Diki\u015f Makinesi<\/li>\n<li>1 Adet GRANDO Pigment dijital Bask\u0131 Makinas\u0131, 320 cm, 2023 model<\/li>\n<li>4 adet GRANDO GD1806 Marka Dijital Bask\u0131 Makinas\u0131, 180 cm, 2020-2021 Model<\/li>\n<li>2 adet Mimaki SWJ-3204S Marka Dijital Bask\u0131 Makinas\u0131, 320 cm, 2013 Model<\/li>\n<\/ul>\n<p>Machines installed and running situation<\/p>","protected":false},"featured_media":20453,"template":"","meta":{"googlesitekit_rrm_CAown9nKDA:productID":"","_joinchat":[],"jetpack_publicize_message":"","jetpack_publicize_feature_enabled":true,"jetpack_social_post_already_shared":true,"jetpack_social_options":{"image_generator_settings":{"template":"highway","default_image_id":0,"font":"","enabled":false},"version":2}},"pwb-brand":[],"product_brand":[],"product_cat":[353],"product_tag":[],"class_list":{"0":"post-20436","1":"product","2":"type-product","3":"status-publish","4":"has-post-thumbnail","6":"product_cat-transfer-baski-makinalari","8":"first","9":"instock","10":"shipping-taxable","11":"product-type-simple"},"models":[],"proviences":[],"jetpack_publicize_connections":[],"brands":[],"_links":{"self":[{"href":"https:\/\/www.mertkomak.com\/en\/wp-json\/wp\/v2\/product\/20436","targetHints":{"allow":["GET"]}}],"collection":[{"href":"https:\/\/www.mertkomak.com\/en\/wp-json\/wp\/v2\/product"}],"about":[{"href":"https:\/\/www.mertkomak.com\/en\/wp-json\/wp\/v2\/types\/product"}],"wp:featuredmedia":[{"embeddable":true,"href":"https:\/\/www.mertkomak.com\/en\/wp-json\/wp\/v2\/media\/20453"}],"wp:attachment":[{"href":"https:\/\/www.mertkomak.com\/en\/wp-json\/wp\/v2\/media?parent=20436"}],"wp:term":[{"taxonomy":"pwb-brand","embeddable":true,"href":"https:\/\/www.mertkomak.com\/en\/wp-json\/wp\/v2\/pwb-brand?post=20436"},{"taxonomy":"product_brand","embeddable":true,"href":"https:\/\/www.mertkomak.com\/en\/wp-json\/wp\/v2\/product_brand?post=20436"},{"taxonomy":"product_cat","embeddable":true,"href":"https:\/\/www.mertkomak.com\/en\/wp-json\/wp\/v2\/product_cat?post=20436"},{"taxonomy":"product_tag","embeddable":true,"href":"https:\/\/www.mertkomak.com\/en\/wp-json\/wp\/v2\/product_tag?post=20436"}],"curies":[{"name":"wp","href":"https:\/\/api.w.org\/{rel}","templated":true}]}}