{"id":20969,"date":"2025-08-07T10:51:21","date_gmt":"2025-08-07T07:51:21","guid":{"rendered":"https:\/\/www.mertkomak.com\/?post_type=product&#038;p=20969"},"modified":"2025-08-08T11:47:24","modified_gmt":"2025-08-08T08:47:24","slug":"rejenere-iplik-tesisi-komple-satilik","status":"publish","type":"product","link":"https:\/\/www.mertkomak.com\/en\/magaza\/rejenere-iplik-tesisi-komple-satilik\/","title":{"rendered":"3 Ad Openend li Rejenere Pamuk \u0130pli\u011fi Tesisi"},"content":{"rendered":"<table width=\"673\">\n<tbody>\n<tr>\n<td width=\"484\">\n<p style=\"text-align: center;\"><strong>\u00dcR\u00dcN<\/strong><\/p>\n<\/td>\n<td width=\"113\">\n<p style=\"text-align: center;\"><strong>TYPE<\/strong><\/p>\n<\/td>\n<td width=\"76\">\n<p style=\"text-align: center;\"><strong>PCS<\/strong><\/p>\n<\/td>\n<\/tr>\n<tr>\n<td width=\"484\">KONDENSER BALKAN MAK\u0130NA<\/td>\n<td rowspan=\"8\" width=\"113\">&nbsp;<\/p>\n<p>&nbsp;<\/p>\n<p>&nbsp;<\/p>\n<p>&nbsp;<\/p>\n<p style=\"text-align: center;\">2002<\/p>\n<\/td>\n<td rowspan=\"8\" width=\"76\">\n<p style=\"text-align: center;\">1<\/p>\n<\/td>\n<\/tr>\n<tr>\n<td width=\"484\">D\u00d6V\u00dcC\u00dc BALKAN MAK\u0130NA<\/td>\n<\/tr>\n<tr>\n<td width=\"484\">DUSTEX BALKAN MAK\u0130NA<\/td>\n<\/tr>\n<tr>\n<td width=\"484\">KARI\u015eTIRICI BALKAN MAK\u0130NA<\/td>\n<\/tr>\n<tr>\n<td width=\"484\">KONVEY\u00d6R BANDI VE ASP\u0130RAT\u00d6RLER\u0130<\/td>\n<\/tr>\n<tr>\n<td width=\"484\">YA\u011eLMAMA \u00dcN\u0130TES\u0130<\/td>\n<\/tr>\n<tr>\n<td width=\"484\">T\u00dcM MALZEME \u0130LET\u0130M KANALLARI VE ELEKTR\u0130K<\/td>\n<\/tr>\n<tr>\n<td width=\"484\">ELEKTRON\u0130K KUMANDA TERT\u0130BATI<\/td>\n<\/tr>\n<tr>\n<td width=\"484\">BALYA A\u00c7ICI BALKAN MAK\u0130NA<\/td>\n<td rowspan=\"4\" width=\"113\">&nbsp;<\/p>\n<p style=\"text-align: center;\">2002<\/p>\n<\/td>\n<td rowspan=\"4\" width=\"76\">&nbsp;<\/p>\n<p style=\"text-align: center;\">1<\/p>\n<\/td>\n<\/tr>\n<tr>\n<td width=\"484\">ELEKTRO MIKNATIS \u015eAH\u0130N<\/td>\n<\/tr>\n<tr>\n<td width=\"484\">T\u00dcM MALZEME \u0130LET\u0130M KANALLARI VE ELEKTR\u0130K<\/td>\n<\/tr>\n<tr>\n<td width=\"484\">ELEKTRON\u0130K KUMANDA TERT\u0130BATI<\/td>\n<\/tr>\n<tr>\n<td width=\"484\">TRUTZCHLER TARAK DK-903 S\/N<\/td>\n<td width=\"113\">\n<p style=\"text-align: center;\">2002<\/p>\n<\/td>\n<td width=\"76\">\n<p style=\"text-align: center;\">1<\/p>\n<\/td>\n<\/tr>\n<tr>\n<td width=\"484\">TRUTZCHLER TARAK DK-903 S\/N<\/td>\n<td width=\"113\">\n<p style=\"text-align: center;\">2004<\/p>\n<\/td>\n<td width=\"76\">\n<p style=\"text-align: center;\">2<\/p>\n<\/td>\n<\/tr>\n<tr>\n<td width=\"484\">TR\u00dcTSCHLER TARAK TC-07S<\/td>\n<td width=\"113\">\n<p style=\"text-align: center;\">2010<\/p>\n<\/td>\n<td width=\"76\">\n<p style=\"text-align: center;\">1<\/p>\n<\/td>\n<\/tr>\n<tr>\n<td width=\"484\">TR\u00dcTSCHLER TARAK TC-11<\/td>\n<td width=\"113\">\n<p style=\"text-align: center;\">2012<\/p>\n<\/td>\n<td width=\"76\">\n<p style=\"text-align: center;\">1<\/p>\n<\/td>\n<\/tr>\n<tr>\n<td width=\"484\">TRUTZCHLER CER HSR1000<\/td>\n<td width=\"113\">\n<p style=\"text-align: center;\">2004<\/p>\n<\/td>\n<td width=\"76\">\n<p style=\"text-align: center;\">1<\/p>\n<\/td>\n<\/tr>\n<tr>\n<td width=\"484\">TR\u00dcTZSCHLER CER TD-8<\/td>\n<td width=\"113\">\n<p style=\"text-align: center;\">2012<\/p>\n<\/td>\n<td width=\"76\">\n<p style=\"text-align: center;\">1<\/p>\n<\/td>\n<\/tr>\n<tr>\n<td width=\"484\">OERL\u0130KON OPENEND BD380 352 ROTOR<\/td>\n<td width=\"113\">\n<p style=\"text-align: center;\">2010<\/p>\n<\/td>\n<td width=\"76\">\n<p style=\"text-align: center;\">1<\/p>\n<\/td>\n<\/tr>\n<tr>\n<td width=\"484\">OERL\u0130KON OPENEND BD448 352 ROTOR<\/td>\n<td width=\"113\">\n<p style=\"text-align: center;\">2012<\/p>\n<\/td>\n<td width=\"76\">\n<p style=\"text-align: center;\">1<\/p>\n<\/td>\n<\/tr>\n<tr>\n<td width=\"484\">OERL\u0130KON OPENEND BD480 352 ROTOR<\/td>\n<td width=\"113\">\n<p style=\"text-align: center;\">2017<\/p>\n<\/td>\n<td width=\"76\">\n<p style=\"text-align: center;\">1<\/p>\n<\/td>\n<\/tr>\n<tr>\n<td width=\"484\">BALKAN S\u00dcPER A\u00c7ICI 2000 MM<\/td>\n<td rowspan=\"6\" width=\"113\">\n<p style=\"text-align: center;\">2018<\/p>\n<\/td>\n<td rowspan=\"6\" width=\"76\">\n<p style=\"text-align: center;\">1<\/p>\n<\/td>\n<\/tr>\n<tr>\n<td width=\"484\">BESLEME KULES\u0130 2000 MM<\/td>\n<\/tr>\n<tr>\n<td width=\"484\">TARAK BESLEME 1600 MM<\/td>\n<\/tr>\n<tr>\n<td width=\"484\">TU-425 FAN<\/td>\n<\/tr>\n<tr>\n<td width=\"484\">FAN SEHPASI KOMPAKT\u00d6R<\/td>\n<\/tr>\n<tr>\n<td width=\"484\">ELEKTR\u0130K PANOSU<\/td>\n<\/tr>\n<tr>\n<td width=\"484\"><strong>T\u00dcFEK\u00c7\u0130<\/strong><strong> KL\u0130MA HAVALANDIRMA TES\u0130S\u0130<\/strong><\/td>\n<td width=\"113\"><\/td>\n<td width=\"76\"><\/td>\n<\/tr>\n<tr>\n<td width=\"484\">T\u00dcFEK\u00c7\u0130 KL\u0130MA<\/td>\n<td rowspan=\"11\" width=\"113\">\n<p style=\"text-align: center;\">2012<\/p>\n<\/td>\n<td rowspan=\"11\" width=\"76\">\n<p style=\"text-align: center;\">1<\/p>\n<\/td>\n<\/tr>\n<tr>\n<td width=\"484\">\u00d6N F\u0130LTRE<\/td>\n<\/tr>\n<tr>\n<td width=\"484\">KOMPAKT\u00d6R<\/td>\n<\/tr>\n<tr>\n<td width=\"484\">D\u00d6NER \u00d6N F\u0130LTRE<\/td>\n<\/tr>\n<tr>\n<td width=\"484\">D\u00d6NER F\u0130LTRE<\/td>\n<\/tr>\n<tr>\n<td width=\"484\">1 SET TOZ TOPLAMA VE FAN VE S\u0130KLON GRUPLARI<\/td>\n<\/tr>\n<tr>\n<td width=\"484\">EM\u0130\u015e ASP\u0130RAT\u00d6RLER\u0130<\/td>\n<\/tr>\n<tr>\n<td width=\"484\">BASMA ASP\u0130RAT\u00d6R\u00dc<\/td>\n<\/tr>\n<tr>\n<td width=\"484\">HAVA PANCURLARI<\/td>\n<\/tr>\n<tr>\n<td width=\"484\">NEMLEND\u0130RME HAVUZ VE EK\u0130PMANLARI<\/td>\n<\/tr>\n<tr>\n<td width=\"484\">D\u0130\u011eER TES\u0130SAT VE M\u00dc\u015eTEM\u0130LATI<\/td>\n<\/tr>\n<tr>\n<td width=\"484\"><strong>ELEKTR\u0130K TES\u0130SLER\u0130<\/strong><\/td>\n<td width=\"113\"><\/td>\n<td width=\"76\"><\/td>\n<\/tr>\n<tr>\n<td width=\"484\">400KVA TRAFO<\/td>\n<td rowspan=\"4\" width=\"113\"><\/td>\n<td rowspan=\"4\" width=\"76\">\n<p style=\"text-align: center;\">1<\/p>\n<\/td>\n<\/tr>\n<tr>\n<td width=\"484\">KOMPANZASYON PANOLARI<\/td>\n<\/tr>\n<tr>\n<td width=\"484\">KES\u0130C\u0130LER ENERJ\u0130 KABLOLARI<\/td>\n<\/tr>\n<tr>\n<td width=\"484\">KUMANDA PANELLER\u0130 AYDINLATMA \u00dcN\u0130TELER\u0130<\/td>\n<\/tr>\n<\/tbody>\n<\/table>\n<p>&nbsp;<\/p>\n<table width=\"672\">\n<tbody>\n<tr>\n<td width=\"483\">PARATONERLER ARMAT\u00dcRLER<\/td>\n<td rowspan=\"2\" width=\"113\"><\/td>\n<td rowspan=\"2\" width=\"76\"><\/td>\n<\/tr>\n<tr>\n<td width=\"483\">AG\/OG TES\u0130SLER\u0130 VE TAVA \u00dcZER\u0130 KABLOLAMA<\/td>\n<\/tr>\n<tr>\n<td width=\"483\"><strong>BASIN\u00c7LI<\/strong> <strong>HAVA<\/strong> <strong>TES\u0130SLER\u0130<\/strong><\/td>\n<td width=\"113\"><\/td>\n<td width=\"76\"><\/td>\n<\/tr>\n<tr>\n<td width=\"483\">ERKOM V\u0130DALI KOMPRES\u00d6R KT-100\/25<\/td>\n<td rowspan=\"7\" width=\"113\">&nbsp;<\/p>\n<p style=\"text-align: center;\">2002<\/p>\n<\/td>\n<td rowspan=\"7\" width=\"76\">&nbsp;<\/p>\n<p style=\"text-align: center;\">1<\/p>\n<\/td>\n<\/tr>\n<tr>\n<td width=\"483\">HAVA KURUTUCU<\/td>\n<\/tr>\n<tr>\n<td width=\"483\">1000LT BASIN\u00c7LI HAVA TANKI VE F\u0130L\u0130TRELER\u0130<\/td>\n<\/tr>\n<tr>\n<td width=\"483\">T\u00dcM BASIIN\u00c7LI HAVA TES\u0130SASATI<\/td>\n<\/tr>\n<tr>\n<td width=\"483\">ERKOM V\u0130DALI KOMPRES\u00d6R KT100-25 SN89<\/td>\n<\/tr>\n<tr>\n<td width=\"483\">1000LT BASIN\u00c7LI HAVA TANKI VE F\u0130LTRELER\u0130<\/td>\n<\/tr>\n<tr>\n<td width=\"483\">T\u00dcM TES\u0130S \u0130\u00c7\u0130 BASIN\u00c7LI HAVA TES\u0130SLER\u0130<\/td>\n<\/tr>\n<tr>\n<td width=\"483\">BASTER D\u0130J\u0130TAL TERAZ\u0130 300KG BARKOD YAZICILI<\/td>\n<td width=\"113\"><\/td>\n<td width=\"76\">\n<p style=\"text-align: center;\">1<\/p>\n<\/td>\n<\/tr>\n<tr>\n<td width=\"483\">MISIRLI CARASKAL TERT\u0130BATI<\/td>\n<td width=\"113\"><\/td>\n<td width=\"76\">\n<p style=\"text-align: center;\">3<\/p>\n<\/td>\n<\/tr>\n<tr>\n<td width=\"483\">TEKN\u0130K MALZEME VE ATA\u00c7MANLAR<\/td>\n<td width=\"113\"><\/td>\n<td width=\"76\"><\/td>\n<\/tr>\n<tr>\n<td width=\"483\"><\/td>\n<td width=\"113\"><\/td>\n<td width=\"76\"><\/td>\n<\/tr>\n<\/tbody>\n<\/table>","protected":false},"excerpt":{"rendered":"<table width=\"673\">\n<tbody>\n<tr>\n<td width=\"484\">\n<p style=\"text-align: center;\"><strong>\u00dcR\u00dcN<\/strong><\/p>\n<\/td>\n<td width=\"113\">\n<p style=\"text-align: center;\"><strong>TYPE<\/strong><\/p>\n<\/td>\n<td width=\"76\">\n<p style=\"text-align: center;\"><strong>PCS<\/strong><\/p>\n<\/td>\n<\/tr>\n<tr>\n<td width=\"484\">KONDENSER BALKAN MAK\u0130NA<\/td>\n<td rowspan=\"8\" width=\"113\">&nbsp;<\/p>\n<p>&nbsp;<\/p>\n<p>&nbsp;<\/p>\n<p>&nbsp;<\/p>\n<p style=\"text-align: center;\">2002<\/p>\n<\/td>\n<td rowspan=\"8\" width=\"76\">\n<p style=\"text-align: center;\">1<\/p>\n<\/td>\n<\/tr>\n<tr>\n<td width=\"484\">D\u00d6V\u00dcC\u00dc BALKAN MAK\u0130NA<\/td>\n<\/tr>\n<tr>\n<td width=\"484\">DUSTEX BALKAN MAK\u0130NA<\/td>\n<\/tr>\n<tr>\n<td width=\"484\">KARI\u015eTIRICI BALKAN MAK\u0130NA<\/td>\n<\/tr>\n<tr>\n<td width=\"484\">KONVEY\u00d6R BANDI VE ASP\u0130RAT\u00d6RLER\u0130<\/td>\n<\/tr>\n<tr>\n<td width=\"484\">YA\u011eLMAMA \u00dcN\u0130TES\u0130<\/td>\n<\/tr>\n<tr>\n<td width=\"484\">T\u00dcM MALZEME \u0130LET\u0130M KANALLARI VE ELEKTR\u0130K<\/td>\n<\/tr>\n<tr>\n<td width=\"484\">ELEKTRON\u0130K KUMANDA TERT\u0130BATI<\/td>\n<\/tr>\n<tr>\n<td width=\"484\">BALYA A\u00c7ICI BALKAN MAK\u0130NA<\/td>\n<td rowspan=\"4\" width=\"113\">&nbsp;<\/p>\n<p style=\"text-align: center;\">2002<\/p>\n<\/td>\n<td rowspan=\"4\" width=\"76\">&nbsp;<\/p>\n<p style=\"text-align: center;\">1<\/p>\n<\/td>\n<\/tr>\n<tr>\n<td width=\"484\">ELEKTRO MIKNATIS \u015eAH\u0130N<\/td>\n<\/tr>\n<tr>\n<td width=\"484\">T\u00dcM MALZEME \u0130LET\u0130M KANALLARI VE ELEKTR\u0130K<\/td>\n<\/tr>\n<tr>\n<td width=\"484\">ELEKTRON\u0130K KUMANDA TERT\u0130BATI<\/td>\n<\/tr>\n<tr>\n<td width=\"484\">TRUTZCHLER TARAK DK-903 S\/N<\/td>\n<td width=\"113\">\n<p style=\"text-align: center;\">2002<\/p>\n<\/td>\n<td width=\"76\">\n<p style=\"text-align: center;\">1<\/p>\n<\/td>\n<\/tr>\n<tr>\n<td width=\"484\">TRUTZCHLER TARAK DK-903 S\/N<\/td>\n<td width=\"113\">\n<p style=\"text-align: center;\">2004<\/p>\n<\/td>\n<td width=\"76\">\n<p style=\"text-align: center;\">2<\/p>\n<\/td>\n<\/tr>\n<tr>\n<td width=\"484\">TR\u00dcTSCHLER TARAK TC-07S<\/td>\n<td width=\"113\">\n<p style=\"text-align: center;\">2010<\/p>\n<\/td>\n<td width=\"76\">\n<p style=\"text-align: center;\">1<\/p>\n<\/td>\n<\/tr>\n<tr>\n<td width=\"484\">TR\u00dcTSCHLER TARAK TC-11<\/td>\n<td width=\"113\">\n<p style=\"text-align: center;\">2012<\/p>\n<\/td>\n<td width=\"76\">\n<p style=\"text-align: center;\">1<\/p>\n<\/td>\n<\/tr>\n<tr>\n<td width=\"484\">TRUTZCHLER CER HSR1000<\/td>\n<td width=\"113\">\n<p style=\"text-align: center;\">2004<\/p>\n<\/td>\n<td width=\"76\">\n<p style=\"text-align: center;\">1<\/p>\n<\/td>\n<\/tr>\n<tr>\n<td width=\"484\">TR\u00dcTZSCHLER CER TD-8<\/td>\n<td width=\"113\">\n<p style=\"text-align: center;\">2012<\/p>\n<\/td>\n<td width=\"76\">\n<p style=\"text-align: center;\">1<\/p>\n<\/td>\n<\/tr>\n<tr>\n<td width=\"484\">OERL\u0130KON OPENEND BD380 352 ROTOR<\/td>\n<td width=\"113\">\n<p style=\"text-align: center;\">2010<\/p>\n<\/td>\n<td width=\"76\">\n<p style=\"text-align: center;\">1<\/p>\n<\/td>\n<\/tr>\n<tr>\n<td width=\"484\">OERL\u0130KON OPENEND BD448 352 ROTOR<\/td>\n<td width=\"113\">\n<p style=\"text-align: center;\">2012<\/p>\n<\/td>\n<td width=\"76\">\n<p style=\"text-align: center;\">1<\/p>\n<\/td>\n<\/tr>\n<tr>\n<td width=\"484\">OERL\u0130KON OPENEND BD480 352 ROTOR<\/td>\n<td width=\"113\">\n<p style=\"text-align: center;\">2017<\/p>\n<\/td>\n<td width=\"76\">\n<p style=\"text-align: center;\">1<\/p>\n<\/td>\n<\/tr>\n<tr>\n<td width=\"484\">BALKAN S\u00dcPER A\u00c7ICI 2000 MM<\/td>\n<td rowspan=\"6\" width=\"113\">\n<p style=\"text-align: center;\">2018<\/p>\n<\/td>\n<td rowspan=\"6\" width=\"76\">\n<p style=\"text-align: center;\">1<\/p>\n<\/td>\n<\/tr>\n<tr>\n<td width=\"484\">BESLEME KULES\u0130 2000 MM<\/td>\n<\/tr>\n<tr>\n<td width=\"484\">TARAK BESLEME 1600 MM<\/td>\n<\/tr>\n<tr>\n<td width=\"484\">TU-425 FAN<\/td>\n<\/tr>\n<tr>\n<td width=\"484\">FAN SEHPASI KOMPAKT\u00d6R<\/td>\n<\/tr>\n<tr>\n<td width=\"484\">ELEKTR\u0130K PANOSU<\/td>\n<\/tr>\n<tr>\n<td width=\"484\"><strong>T\u00dcFEK\u00c7\u0130<\/strong><strong> KL\u0130MA HAVALANDIRMA TES\u0130S\u0130<\/strong><\/td>\n<td width=\"113\"><\/td>\n<td width=\"76\"><\/td>\n<\/tr>\n<tr>\n<td width=\"484\">T\u00dcFEK\u00c7\u0130 KL\u0130MA<\/td>\n<td rowspan=\"11\" width=\"113\">\n<p style=\"text-align: center;\">2012<\/p>\n<\/td>\n<td rowspan=\"11\" width=\"76\">\n<p style=\"text-align: center;\">1<\/p>\n<\/td>\n<\/tr>\n<tr>\n<td width=\"484\">\u00d6N F\u0130LTRE<\/td>\n<\/tr>\n<tr>\n<td width=\"484\">KOMPAKT\u00d6R<\/td>\n<\/tr>\n<tr>\n<td width=\"484\">D\u00d6NER \u00d6N F\u0130LTRE<\/td>\n<\/tr>\n<tr>\n<td width=\"484\">D\u00d6NER F\u0130LTRE<\/td>\n<\/tr>\n<tr>\n<td width=\"484\">1 SET TOZ TOPLAMA VE FAN VE S\u0130KLON GRUPLARI<\/td>\n<\/tr>\n<tr>\n<td width=\"484\">EM\u0130\u015e ASP\u0130RAT\u00d6RLER\u0130<\/td>\n<\/tr>\n<tr>\n<td width=\"484\">BASMA ASP\u0130RAT\u00d6R\u00dc<\/td>\n<\/tr>\n<tr>\n<td width=\"484\">HAVA PANCURLARI<\/td>\n<\/tr>\n<tr>\n<td width=\"484\">NEMLEND\u0130RME HAVUZ VE EK\u0130PMANLARI<\/td>\n<\/tr>\n<tr>\n<td width=\"484\">D\u0130\u011eER TES\u0130SAT VE M\u00dc\u015eTEM\u0130LATI<\/td>\n<\/tr>\n<tr>\n<td width=\"484\"><strong>ELEKTR\u0130K TES\u0130SLER\u0130<\/strong><\/td>\n<td width=\"113\"><\/td>\n<td width=\"76\"><\/td>\n<\/tr>\n<tr>\n<td width=\"484\">400KVA TRAFO<\/td>\n<td rowspan=\"4\" width=\"113\"><\/td>\n<td rowspan=\"4\" width=\"76\">\n<p style=\"text-align: center;\">1<\/p>\n<\/td>\n<\/tr>\n<tr>\n<td width=\"484\">KOMPANZASYON PANOLARI<\/td>\n<\/tr>\n<tr>\n<td width=\"484\">KES\u0130C\u0130LER ENERJ\u0130 KABLOLARI<\/td>\n<\/tr>\n<tr>\n<td width=\"484\">KUMANDA PANELLER\u0130 AYDINLATMA \u00dcN\u0130TELER\u0130<\/td>\n<\/tr>\n<\/tbody>\n<\/table>\n<p>&nbsp;<\/p>\n<table width=\"672\">\n<tbody>\n<tr>\n<td width=\"483\">PARATONERLER ARMAT\u00dcRLER<\/td>\n<td rowspan=\"2\" width=\"113\"><\/td>\n<td rowspan=\"2\" width=\"76\"><\/td>\n<\/tr>\n<tr>\n<td width=\"483\">AG\/OG TES\u0130SLER\u0130 VE TAVA \u00dcZER\u0130 KABLOLAMA<\/td>\n<\/tr>\n<tr>\n<td width=\"483\"><strong>BASIN\u00c7LI<\/strong> <strong>HAVA<\/strong> <strong>TES\u0130SLER\u0130<\/strong><\/td>\n<td width=\"113\"><\/td>\n<td width=\"76\"><\/td>\n<\/tr>\n<tr>\n<td width=\"483\">ERKOM V\u0130DALI KOMPRES\u00d6R KT-100\/25<\/td>\n<td rowspan=\"7\" width=\"113\">&nbsp;<\/p>\n<p style=\"text-align: center;\">2002<\/p>\n<\/td>\n<td rowspan=\"7\" width=\"76\">&nbsp;<\/p>\n<p style=\"text-align: center;\">1<\/p>\n<\/td>\n<\/tr>\n<tr>\n<td width=\"483\">HAVA KURUTUCU<\/td>\n<\/tr>\n<tr>\n<td width=\"483\">1000LT BASIN\u00c7LI HAVA TANKI VE F\u0130L\u0130TRELER\u0130<\/td>\n<\/tr>\n<tr>\n<td width=\"483\">T\u00dcM BASIIN\u00c7LI HAVA TES\u0130SASATI<\/td>\n<\/tr>\n<tr>\n<td width=\"483\">ERKOM V\u0130DALI KOMPRES\u00d6R KT100-25 SN89<\/td>\n<\/tr>\n<tr>\n<td width=\"483\">1000LT BASIN\u00c7LI HAVA TANKI VE F\u0130LTRELER\u0130<\/td>\n<\/tr>\n<tr>\n<td width=\"483\">T\u00dcM TES\u0130S \u0130\u00c7\u0130 BASIN\u00c7LI HAVA TES\u0130SLER\u0130<\/td>\n<\/tr>\n<tr>\n<td width=\"483\">BASTER D\u0130J\u0130TAL TERAZ\u0130 300KG BARKOD YAZICILI<\/td>\n<td width=\"113\"><\/td>\n<td width=\"76\">\n<p style=\"text-align: center;\">1<\/p>\n<\/td>\n<\/tr>\n<tr>\n<td width=\"483\">MISIRLI CARASKAL TERT\u0130BATI<\/td>\n<td width=\"113\"><\/td>\n<td width=\"76\">\n<p style=\"text-align: center;\">3<\/p>\n<\/td>\n<\/tr>\n<tr>\n<td width=\"483\">TEKN\u0130K MALZEME VE ATA\u00c7MANLAR<\/td>\n<td width=\"113\"><\/td>\n<td width=\"76\"><\/td>\n<\/tr>\n<tr>\n<td width=\"483\"><\/td>\n<td width=\"113\"><\/td>\n<td width=\"76\"><\/td>\n<\/tr>\n<\/tbody>\n<\/table>","protected":false},"featured_media":20975,"template":"","meta":{"googlesitekit_rrm_CAown9nKDA:productID":"","_joinchat":[],"jetpack_publicize_message":"","jetpack_publicize_feature_enabled":true,"jetpack_social_post_already_shared":true,"jetpack_social_options":{"image_generator_settings":{"template":"highway","default_image_id":0,"font":"","enabled":false},"version":2}},"pwb-brand":[827],"product_brand":[],"product_cat":[822,815],"product_tag":[],"class_list":{"0":"post-20969","1":"product","2":"type-product","3":"status-publish","4":"has-post-thumbnail","6":"pwb-brand-trutzschler","7":"pwb-model-103","8":"pwb-model-95","9":"product_cat-komple-tesis-iplik","10":"product_cat-open-end-iplik-makineleri","12":"first","13":"instock","14":"shipping-taxable","15":"product-type-simple"},"models":[{"id":103,"name":"2017","slug":"2017"},{"id":95,"name":"2018","slug":"2018"}],"proviences":[],"jetpack_publicize_connections":[],"brands":[{"id":827,"name":"Trutzschler","slug":"trutzschler"}],"_links":{"self":[{"href":"https:\/\/www.mertkomak.com\/en\/wp-json\/wp\/v2\/product\/20969","targetHints":{"allow":["GET"]}}],"collection":[{"href":"https:\/\/www.mertkomak.com\/en\/wp-json\/wp\/v2\/product"}],"about":[{"href":"https:\/\/www.mertkomak.com\/en\/wp-json\/wp\/v2\/types\/product"}],"wp:featuredmedia":[{"embeddable":true,"href":"https:\/\/www.mertkomak.com\/en\/wp-json\/wp\/v2\/media\/20975"}],"wp:attachment":[{"href":"https:\/\/www.mertkomak.com\/en\/wp-json\/wp\/v2\/media?parent=20969"}],"wp:term":[{"taxonomy":"pwb-brand","embeddable":true,"href":"https:\/\/www.mertkomak.com\/en\/wp-json\/wp\/v2\/pwb-brand?post=20969"},{"taxonomy":"product_brand","embeddable":true,"href":"https:\/\/www.mertkomak.com\/en\/wp-json\/wp\/v2\/product_brand?post=20969"},{"taxonomy":"product_cat","embeddable":true,"href":"https:\/\/www.mertkomak.com\/en\/wp-json\/wp\/v2\/product_cat?post=20969"},{"taxonomy":"product_tag","embeddable":true,"href":"https:\/\/www.mertkomak.com\/en\/wp-json\/wp\/v2\/product_tag?post=20969"}],"curies":[{"name":"wp","href":"https:\/\/api.w.org\/{rel}","templated":true}]}}