{"id":21012,"date":"2025-08-13T11:40:47","date_gmt":"2025-08-13T08:40:47","guid":{"rendered":"https:\/\/www.mertkomak.com\/?post_type=product&#038;p=21012"},"modified":"2025-10-02T14:44:40","modified_gmt":"2025-10-02T11:44:40","slug":"04817","status":"publish","type":"product","link":"https:\/\/www.mertkomak.com\/en\/magaza\/04817\/","title":{"rendered":"El Flok Makinas\u0131 Elektrosis Marka"},"content":{"rendered":"<p class=\"TableParagraph\" style=\"margin: 11.6pt 0cm .0001pt 2.5pt;\">Elektrosis marka, POWER FLOCK , y\u00fczeyi tutkallanm\u0131\u015f \u00fcr\u00fcnlerin, elektrostatik y\u00fckle y\u00fcklenebilen flok tozu tanecikleri ile kaplanabilmesini sa\u011flayan cihaz , a\u011fa\u00e7 , plastik , tshirt , giyim gibi her yerde kullan\u0131labilir.<\/p>\n<ul>\n<li><strong>KONTROL \u00dcN\u0130TES\u0130<\/strong><\/li>\n<\/ul>\n<table>\n<tbody>\n<tr>\n<td width=\"210\"><strong>Giri\u015f Voltaj\u0131<\/strong><\/td>\n<td width=\"484\">220V 50Hz<\/td>\n<\/tr>\n<tr>\n<td width=\"210\"><strong>G\u00fc\u00e7<\/strong><\/td>\n<td width=\"484\">150W<\/td>\n<\/tr>\n<tr>\n<td width=\"210\"><strong>Tipi<\/strong><\/td>\n<td width=\"484\">EN 50050-2<\/td>\n<\/tr>\n<tr>\n<td width=\"210\"><strong>Elektrik Koruma S\u0131n\u0131f\u0131<\/strong><\/td>\n<td width=\"484\">IP64<\/td>\n<\/tr>\n<\/tbody>\n<\/table>\n<ul>\n<li><strong>\u00a0<\/strong><strong>FLOK SAPI<\/strong><\/li>\n<\/ul>\n<table>\n<tbody>\n<tr>\n<td width=\"210\"><strong>A\u011f\u0131rl\u0131k<\/strong><\/td>\n<td width=\"484\">610gr<\/td>\n<\/tr>\n<tr>\n<td width=\"210\"><strong>Uzunluk<\/strong><\/td>\n<td width=\"484\">490mm<\/td>\n<\/tr>\n<tr>\n<td width=\"210\"><strong>Frekans<\/strong><\/td>\n<td width=\"484\">18-30Khz<\/td>\n<\/tr>\n<tr>\n<td width=\"210\"><strong>\u00c7\u0131k\u0131\u015f Voltaj\u0131<\/strong><\/td>\n<td width=\"484\">110Kv (max.)<\/td>\n<\/tr>\n<tr>\n<td width=\"210\"><strong>Polarite<\/strong><\/td>\n<td width=\"484\">Poztif<\/td>\n<\/tr>\n<tr>\n<td width=\"210\"><strong>\u00c7\u0131k\u0131\u015f Ak\u0131m\u0131<\/strong><\/td>\n<td width=\"484\">750 \u03bcA (max.)<\/td>\n<\/tr>\n<tr>\n<td width=\"210\"><strong>Elektrik Koruma S\u0131n\u0131f\u0131<\/strong><\/td>\n<td width=\"484\">IP54<\/td>\n<\/tr>\n<\/tbody>\n<\/table>","protected":false},"excerpt":{"rendered":"<p>Eleketrosis marka, POWER FLOCK , y\u00fczeyi tutkallanm\u0131\u015f \u00fcr\u00fcnlerin, elektrostatik y\u00fckle y\u00fcklenebilen flok tozu tanecikleri ile kaplanabilmesini sa\u011flayan cihaz , a\u011fa\u00e7 , plastik , tshirt , giyim gibi her yerde kullan\u0131labilir.<\/p>\n<ul>\n<li>KONTROL \u00dcN\u0130TES\u0130<\/li>\n<\/ul>\n<table>\n<tbody>\n<tr>\n<td width=\"210\">Giri\u015f Voltaj\u0131<\/td>\n<td width=\"484\">220V 50Hz<\/td>\n<\/tr>\n<tr>\n<td width=\"210\">G\u00fc\u00e7<\/td>\n<td width=\"484\">150W<\/td>\n<\/tr>\n<tr>\n<td width=\"210\">Tipi<\/td>\n<td width=\"484\">EN 50050-2<\/td>\n<\/tr>\n<tr>\n<td width=\"210\">Elektrik Koruma S\u0131n\u0131f\u0131<\/td>\n<td width=\"484\">IP64<\/td>\n<\/tr>\n<\/tbody>\n<\/table>\n<ul>\n<li>\u00a0FLOK SAPI<\/li>\n<\/ul>\n<table>\n<tbody>\n<tr>\n<td width=\"210\">A\u011f\u0131rl\u0131k<\/td>\n<td width=\"484\">610gr<\/td>\n<\/tr>\n<tr>\n<td width=\"210\">Uzunluk<\/td>\n<td width=\"484\">490mm<\/td>\n<\/tr>\n<tr>\n<td width=\"210\">Frekans<\/td>\n<td width=\"484\">18-30Khz<\/td>\n<\/tr>\n<tr>\n<td width=\"210\">\u00c7\u0131k\u0131\u015f Voltaj\u0131<\/td>\n<td width=\"484\">110Kv (max.)<\/td>\n<\/tr>\n<tr>\n<td width=\"210\">Polarite<\/td>\n<td width=\"484\">Poztif<\/td>\n<\/tr>\n<tr>\n<td width=\"210\">\u00c7\u0131k\u0131\u015f Ak\u0131m\u0131<\/td>\n<td width=\"484\">750 \u03bcA (max.)<\/td>\n<\/tr>\n<tr>\n<td width=\"210\">Elektrik Koruma S\u0131n\u0131f\u0131<\/td>\n<td width=\"484\">IP54<\/td>\n<\/tr>\n<\/tbody>\n<\/table>","protected":false},"featured_media":21013,"template":"","meta":{"googlesitekit_rrm_CAown9nKDA:productID":"","_joinchat":[],"jetpack_publicize_message":"","jetpack_publicize_feature_enabled":true,"jetpack_social_post_already_shared":true,"jetpack_social_options":{"image_generator_settings":{"template":"highway","default_image_id":0,"font":"","enabled":false},"version":2}},"pwb-brand":[1085],"product_brand":[],"product_cat":[106],"product_tag":[],"class_list":{"0":"post-21012","1":"product","2":"type-product","3":"status-publish","4":"has-post-thumbnail","6":"pwb-brand-elektrosis","7":"pwb-model-101","8":"product_cat-flok-baski-makinalari","10":"first","11":"instock","12":"shipping-taxable","13":"product-type-simple"},"models":[{"id":101,"name":"2020","slug":"2020"}],"proviences":[],"jetpack_publicize_connections":[],"brands":[{"id":1085,"name":"Elektrosis","slug":"elektrosis"}],"_links":{"self":[{"href":"https:\/\/www.mertkomak.com\/en\/wp-json\/wp\/v2\/product\/21012","targetHints":{"allow":["GET"]}}],"collection":[{"href":"https:\/\/www.mertkomak.com\/en\/wp-json\/wp\/v2\/product"}],"about":[{"href":"https:\/\/www.mertkomak.com\/en\/wp-json\/wp\/v2\/types\/product"}],"wp:featuredmedia":[{"embeddable":true,"href":"https:\/\/www.mertkomak.com\/en\/wp-json\/wp\/v2\/media\/21013"}],"wp:attachment":[{"href":"https:\/\/www.mertkomak.com\/en\/wp-json\/wp\/v2\/media?parent=21012"}],"wp:term":[{"taxonomy":"pwb-brand","embeddable":true,"href":"https:\/\/www.mertkomak.com\/en\/wp-json\/wp\/v2\/pwb-brand?post=21012"},{"taxonomy":"product_brand","embeddable":true,"href":"https:\/\/www.mertkomak.com\/en\/wp-json\/wp\/v2\/product_brand?post=21012"},{"taxonomy":"product_cat","embeddable":true,"href":"https:\/\/www.mertkomak.com\/en\/wp-json\/wp\/v2\/product_cat?post=21012"},{"taxonomy":"product_tag","embeddable":true,"href":"https:\/\/www.mertkomak.com\/en\/wp-json\/wp\/v2\/product_tag?post=21012"}],"curies":[{"name":"wp","href":"https:\/\/api.w.org\/{rel}","templated":true}]}}